{"id":148646,"date":"2021-01-15T10:57:51","date_gmt":"2021-01-15T10:57:51","guid":{"rendered":"https:\/\/codengine3.ch\/?product=import-placeholder-for-201458"},"modified":"2024-12-03T18:19:44","modified_gmt":"2024-12-03T17:19:44","slug":"alt-urgell","status":"publish","type":"product","link":"https:\/\/pizbube.ch\/en\/shop\/alt-urgell\/","title":{"rendered":"Alt Urgell"},"content":{"rendered":"<p>A new sport climbing guide covering the Alt Urgell province in northern Spain<br \/>\n(Catalonioa) .<\/p>\n<p>As with most modern guides, it is A5 in size and is illustrated in full colour<br \/>\nthroughout. The guide has photo-topos for all the areas described, there&#8217;s a<br \/>\ngood selection of action shots plus easy-to-follow maps making it fairly<br \/>\nstraight forward to find each of the climbing sectors &#8211; Spanish, Catalan and<br \/>\nEnglish language&#8230;<\/p>\n<p>La nueva y esperada gu\u00eda de Escalada Deportiva en el Alt Urgell ya est\u00e1<br \/>\ndisponible para poder disfrutar de 18 zonas y 1800 v\u00edas repartidas por toda la<br \/>\ncomarca. Los sectores incluidos son: Peramola, Oliana, Espluvins, Coll de<br \/>\nB\u00f3ixols, Valldarques, Sallent, Coniller, Coll de Narg\u00f3, Organy\u00e0, Fontanella,<br \/>\nTres Ponts, Nyus, Ars\u00e8guel, F\u00edgols, Narieda, Canelles, Perles y Aliny\u00e0.<br \/>\nGu\u00eda en castellano, catal\u00e1n e ingl\u00e9s.<\/p>\n<p>Edition: 1st: June 2020<br \/>\nBinding: Paperback (flapped)<br \/>\nIllustrations: Full Colour Photos + Photo-Topos<\/p>","protected":false},"excerpt":{"rendered":"<p>A new sport climbing guide covering the Alt Urgell province in northern Spain (Catalonioa) . As with most modern guides, it is A5 in size and is illustrated in full colour throughout. The guide has photo-topos for all the areas described, there&#8217;s a good selection of action shots plus easy-to-follow maps making it fairly straight [&#8230;]\n","protected":false},"featured_media":169927,"template":"","meta":[],"product_brand":[],"product_cat":[21539],"product_tag":[],"class_list":{"0":"post-148646","1":"product","2":"type-product","3":"status-publish","4":"has-post-thumbnail","6":"product_cat-fuehrerliteratur-sportklettern-bouldern","7":"pa_autor-blanco","8":"pa_erscheinungsjahr-21558","9":"pa_region-spanien","10":"pa_sprache-en-es","12":"first","13":"outofstock","14":"taxable","15":"shipping-taxable","16":"purchasable","17":"product-type-simple"},"_links":{"self":[{"href":"https:\/\/pizbube.ch\/en\/wp-json\/wp\/v2\/product\/148646","targetHints":{"allow":["GET"]}}],"collection":[{"href":"https:\/\/pizbube.ch\/en\/wp-json\/wp\/v2\/product"}],"about":[{"href":"https:\/\/pizbube.ch\/en\/wp-json\/wp\/v2\/types\/product"}],"wp:featuredmedia":[{"embeddable":true,"href":"https:\/\/pizbube.ch\/en\/wp-json\/wp\/v2\/media\/169927"}],"wp:attachment":[{"href":"https:\/\/pizbube.ch\/en\/wp-json\/wp\/v2\/media?parent=148646"}],"wp:term":[{"taxonomy":"product_brand","embeddable":true,"href":"https:\/\/pizbube.ch\/en\/wp-json\/wp\/v2\/product_brand?post=148646"},{"taxonomy":"product_cat","embeddable":true,"href":"https:\/\/pizbube.ch\/en\/wp-json\/wp\/v2\/product_cat?post=148646"},{"taxonomy":"product_tag","embeddable":true,"href":"https:\/\/pizbube.ch\/en\/wp-json\/wp\/v2\/product_tag?post=148646"}],"curies":[{"name":"wp","href":"https:\/\/api.w.org\/{rel}","templated":true}]}}