{"id":148648,"date":"2021-01-15T10:57:51","date_gmt":"2021-01-15T10:57:51","guid":{"rendered":"https:\/\/codengine3.ch\/?product=import-placeholder-for-205838"},"modified":"2025-08-26T12:03:19","modified_gmt":"2025-08-26T10:03:19","slug":"france-haute-provence","status":"publish","type":"product","link":"https:\/\/pizbube.ch\/en\/shop\/france-haute-provence\/","title":{"rendered":"France Haute Provence"},"content":{"rendered":"<p>Rockfax Rock Climbing Guide<br \/>\nC\u00e9\u00fcse, Sisteron, Volx, Orpierre, Bellecombe,<br \/>\nBaume Rousse, Ubrieux, Saint Julien, Saint L\u00e9ger, Malauc\u00e8ne, Combe Obscure,<br \/>\nLes Dentelles de Montmirail, Venasque, Buoux.<\/p>\n<p>The first English language climbing guide covering a wide range of sport<br \/>\nclimbing venues in the Haute Provence \/ around Mont Ventoux &#8211; area of southeast France including<br \/>\nC\u00e9\u00fcse, Orpierre and Buoux, to name but a few.<\/p>\n<p>The guide is produced to the usual Rockfax high standard; it has topo style<br \/>\nphoto-diagrams to all the crags described plus loads of great action shots as<br \/>\nwell as lots of useful information on getting there, where to stay and the<br \/>\nbest time to visit.<\/p>\n<p>Coverage:<\/p>\n<div id=\"tab-coverage\" class=\"woocommerce-Tabs-panel woocommerce-Tabs-panel--coverage panel entry-content wc-tab\" role=\"tabpanel\" aria-labelledby=\"tab-title-coverage\">Eastern Crags<br \/>\nC\u00e9\u00fcse, Sisteron, Volx, Orpierre<br \/>\nBuis-les-Baronnies Area<br \/>\nBellecombe, Baume Rousse, Ubrieux, Saint Julien, Saint L\u00e9ger, Malauc\u00e8ne, Combe Obscure<br \/>\nLes Dentelles de Montmirail<br \/>\nVenasque<br \/>\nBuoux<\/div>","protected":false},"excerpt":{"rendered":"<p>Rockfax Rock Climbing Guide C\u00e9\u00fcse, Sisteron, Volx, Orpierre, Bellecombe, Baume Rousse, Ubrieux, Saint Julien, Saint L\u00e9ger, Malauc\u00e8ne, Combe Obscure, Les Dentelles de Montmirail, Venasque, Buoux. The first English language climbing guide covering a wide range of sport climbing venues in the Haute Provence \/ around Mont Ventoux &#8211; area of southeast France including C\u00e9\u00fcse, Orpierre [&#8230;]\n","protected":false},"featured_media":158490,"template":"","meta":[],"product_brand":[],"product_cat":[21539],"product_tag":[],"class_list":{"0":"post-148648","1":"product","2":"type-product","3":"status-publish","4":"has-post-thumbnail","6":"product_cat-fuehrerliteratur-sportklettern-bouldern","7":"pa_autor-berry","8":"pa_erscheinungsjahr-21693","9":"pa_region-frankreich","10":"pa_sprache-en","12":"first","13":"instock","14":"taxable","15":"shipping-taxable","16":"purchasable","17":"product-type-simple"},"_links":{"self":[{"href":"https:\/\/pizbube.ch\/en\/wp-json\/wp\/v2\/product\/148648","targetHints":{"allow":["GET"]}}],"collection":[{"href":"https:\/\/pizbube.ch\/en\/wp-json\/wp\/v2\/product"}],"about":[{"href":"https:\/\/pizbube.ch\/en\/wp-json\/wp\/v2\/types\/product"}],"wp:featuredmedia":[{"embeddable":true,"href":"https:\/\/pizbube.ch\/en\/wp-json\/wp\/v2\/media\/158490"}],"wp:attachment":[{"href":"https:\/\/pizbube.ch\/en\/wp-json\/wp\/v2\/media?parent=148648"}],"wp:term":[{"taxonomy":"product_brand","embeddable":true,"href":"https:\/\/pizbube.ch\/en\/wp-json\/wp\/v2\/product_brand?post=148648"},{"taxonomy":"product_cat","embeddable":true,"href":"https:\/\/pizbube.ch\/en\/wp-json\/wp\/v2\/product_cat?post=148648"},{"taxonomy":"product_tag","embeddable":true,"href":"https:\/\/pizbube.ch\/en\/wp-json\/wp\/v2\/product_tag?post=148648"}],"curies":[{"name":"wp","href":"https:\/\/api.w.org\/{rel}","templated":true}]}}