{"id":148650,"date":"2021-01-15T10:57:52","date_gmt":"2021-01-15T10:57:52","guid":{"rendered":"https:\/\/codengine3.ch\/?product=import-placeholder-for-208080"},"modified":"2022-08-24T17:59:09","modified_gmt":"2022-08-24T15:59:09","slug":"grimper-dans-le-val-de-meouge","status":"publish","type":"product","link":"https:\/\/pizbube.ch\/en\/shop\/grimper-dans-le-val-de-meouge\/","title":{"rendered":"GRIMPER dans le Val de M\u00e9ouge"},"content":{"rendered":"<p>Ce nouveau topo &#171;GRIMPER dans le Val de M\u00e9ouge&#187; offre un descriptif complet<br \/>\ndes voies des cinq sites les plus int\u00e9ressants du secteur Val de M\u00e9ouge.<br \/>\nCHATEAUNEUF-DE-CHABRE; Baume Rousse; ANTONAVES; BARRET-SUR-M\u00c9OUGE; \u00c9OURRES;<br \/>\nRIBIERS<\/p>\n<p>Ces falaises sont toutes orient\u00e9es au sud, plus de 200 voies dont les<br \/>\ndifficult\u00e9s varient du 4 au 8&#8230;. Il y en a pour tous les go\u00fbts : de la dalle<br \/>\nlisse aux murs raides crochetants, du plafond \u00e0 concr\u00e9tions \u00e0 la goutte d`eau<br \/>\n&#8230;<\/p>\n<p>Livret de 64 pages, couleurs, couverture souple.<br \/>\nBilingue fran\u00e7ais\/anglais.<\/p>\n<p>Topoguidebook in english and french langauge:<br \/>\nCHATEAUNEUF-DE-CHABRE; Baume Rousse; ANTONAVES; BARRET-SUR-M\u00c9OUGE; \u00c9OURRES;<br \/>\nRIBIERS<\/p>","protected":false},"excerpt":{"rendered":"<p>Ce nouveau topo &#171;GRIMPER dans le Val de M\u00e9ouge&#187; offre un descriptif complet des voies des cinq sites les plus int\u00e9ressants du secteur Val de M\u00e9ouge. CHATEAUNEUF-DE-CHABRE; Baume Rousse; ANTONAVES; BARRET-SUR-M\u00c9OUGE; \u00c9OURRES; RIBIERS Ces falaises sont toutes orient\u00e9es au sud, plus de 200 voies dont les difficult\u00e9s varient du 4 au 8&#8230;. Il y en [&#8230;]\n","protected":false},"featured_media":161797,"template":"","meta":[],"product_brand":[],"product_cat":[21539],"product_tag":[],"class_list":{"0":"post-148650","1":"product","2":"type-product","3":"status-publish","4":"has-post-thumbnail","6":"product_cat-fuehrerliteratur-sportklettern-bouldern","7":"pa_autor-epimaque","8":"pa_erscheinungsjahr-21568","9":"pa_region-frankreich","10":"pa_sprache-fr-en-2","12":"first","13":"instock","14":"taxable","15":"shipping-taxable","16":"purchasable","17":"product-type-simple"},"_links":{"self":[{"href":"https:\/\/pizbube.ch\/en\/wp-json\/wp\/v2\/product\/148650","targetHints":{"allow":["GET"]}}],"collection":[{"href":"https:\/\/pizbube.ch\/en\/wp-json\/wp\/v2\/product"}],"about":[{"href":"https:\/\/pizbube.ch\/en\/wp-json\/wp\/v2\/types\/product"}],"wp:featuredmedia":[{"embeddable":true,"href":"https:\/\/pizbube.ch\/en\/wp-json\/wp\/v2\/media\/161797"}],"wp:attachment":[{"href":"https:\/\/pizbube.ch\/en\/wp-json\/wp\/v2\/media?parent=148650"}],"wp:term":[{"taxonomy":"product_brand","embeddable":true,"href":"https:\/\/pizbube.ch\/en\/wp-json\/wp\/v2\/product_brand?post=148650"},{"taxonomy":"product_cat","embeddable":true,"href":"https:\/\/pizbube.ch\/en\/wp-json\/wp\/v2\/product_cat?post=148650"},{"taxonomy":"product_tag","embeddable":true,"href":"https:\/\/pizbube.ch\/en\/wp-json\/wp\/v2\/product_tag?post=148650"}],"curies":[{"name":"wp","href":"https:\/\/api.w.org\/{rel}","templated":true}]}}