{"id":148651,"date":"2021-01-15T10:57:52","date_gmt":"2021-01-15T10:57:52","guid":{"rendered":"https:\/\/codengine3.ch\/?product=import-placeholder-for-200470"},"modified":"2025-04-23T12:20:15","modified_gmt":"2025-04-23T10:20:15","slug":"best-of-salzburger-land-band-1","status":"publish","type":"product","link":"https:\/\/pizbube.ch\/en\/shop\/best-of-salzburger-land-band-1\/","title":{"rendered":"Best of Salzburger Land Band 1"},"content":{"rendered":"<p>Eine Auswahl der besten Alpinklettereien vom Chiemgau bis in die Hohe Tauern<\/p>\n<p>Der Osten ist bekanntlich grau, und das Graue dort &#8211; zumindest der Kalk &#8211; ist<br \/>\nfast immer grandios. Alle, deren Kletterhorizont am Wildern Kaiser endet,<br \/>\nk\u00f6nnen einem leid tun, denn die Armen wissen gar nicht, was sie verpassen.<\/p>\n<p>Der Band 1 der beiden Kletterf\u00fchrer Best of Salzburger Land bietet zum einen<br \/>\ndie allerbesten Routen aus den Chiemgauer Alpen, den Steinbergen sowie den<br \/>\nBerchtesgadener Alpen \u2013 zum anderen eine tiefergehende Beschreibung der<br \/>\nfantastischen Kletterm\u00f6glichkeiten am Hochk\u00f6nig. F\u00fcr dieses Gebiet gibt es<br \/>\nkeine andere F\u00fchrerliteratur. Und auch nicht f\u00fcr die Urgesteinsklettereien in<br \/>\nden Hohen Tauern, die den Band 1 abrunden.<\/p>\n<p>Zus\u00e4tzlich zum Buch gibt es ein 134-seitiges eBook mit 59 weiteren Routen.<\/p>\n<p>1. Auflage 2019, 504 Seiten, 115 x 185 mm, Softcover, komplett 4 Farbig<\/p>","protected":false},"excerpt":{"rendered":"<ul>\n<li><a href=\"https:\/\/pizbube.ch\/wp-content\/uploads\/attachments\/a_003\/2D8D71C70421F4FB067D1AAEBCC2B634.pdf\" target=\"_blank\" rel=\"noopener\">PDF: Leseprobe-SalzburgerLand-Bd1<\/a><\/li>\n<\/ul>","protected":false},"featured_media":26977,"template":"","meta":[],"product_brand":[],"product_cat":[21539],"product_tag":[],"class_list":{"0":"post-148651","1":"product","2":"type-product","3":"status-publish","4":"has-post-thumbnail","6":"product_cat-fuehrerliteratur-sportklettern-bouldern","7":"pa_autor-kuehberger","8":"pa_erscheinungsjahr-21586","9":"pa_region-oesterreich","10":"pa_sprache-de","12":"first","13":"outofstock","14":"taxable","15":"shipping-taxable","16":"purchasable","17":"product-type-simple"},"_links":{"self":[{"href":"https:\/\/pizbube.ch\/en\/wp-json\/wp\/v2\/product\/148651","targetHints":{"allow":["GET"]}}],"collection":[{"href":"https:\/\/pizbube.ch\/en\/wp-json\/wp\/v2\/product"}],"about":[{"href":"https:\/\/pizbube.ch\/en\/wp-json\/wp\/v2\/types\/product"}],"wp:featuredmedia":[{"embeddable":true,"href":"https:\/\/pizbube.ch\/en\/wp-json\/wp\/v2\/media\/26977"}],"wp:attachment":[{"href":"https:\/\/pizbube.ch\/en\/wp-json\/wp\/v2\/media?parent=148651"}],"wp:term":[{"taxonomy":"product_brand","embeddable":true,"href":"https:\/\/pizbube.ch\/en\/wp-json\/wp\/v2\/product_brand?post=148651"},{"taxonomy":"product_cat","embeddable":true,"href":"https:\/\/pizbube.ch\/en\/wp-json\/wp\/v2\/product_cat?post=148651"},{"taxonomy":"product_tag","embeddable":true,"href":"https:\/\/pizbube.ch\/en\/wp-json\/wp\/v2\/product_tag?post=148651"}],"curies":[{"name":"wp","href":"https:\/\/api.w.org\/{rel}","templated":true}]}}