{"id":148654,"date":"2021-01-15T10:57:52","date_gmt":"2021-01-15T10:57:52","guid":{"rendered":"https:\/\/codengine3.ch\/?product=import-placeholder-for-206869"},"modified":"2023-10-05T15:37:01","modified_gmt":"2023-10-05T13:37:01","slug":"kletterfuehrer-berchtesgaden-ost","status":"publish","type":"product","link":"https:\/\/pizbube.ch\/en\/shop\/kletterfuehrer-berchtesgaden-ost\/","title":{"rendered":"Alpinkletterf\u00fchrer Berchtesgaden Ost"},"content":{"rendered":"<p>Ein d\u00fcsteres Sagengeflecht umgibt den Untersberg, in dem Kaiser Karl angeblich auf seine Auferstehung wartet. Solange m\u00fcssen Sportkletterer, Genusskraxler, Bergsteiger, Klettersteiggeher, H\u00f6hlenforscher, Skifahrer und Naturfreunde zuzm Gl\u00fcck nicht warten, um Spa\u00df zu haben, denn die Bet\u00e4tigungsm\u00f6glichkeiten an dem knapp 2000 Meter hohen Massiv sind riesengro\u00df. Ebenfalls vielger\u00fchmt sind die Klettereien am Hohen G\u00f6ll, haupts\u00e4chlich wegen seiner gewaltigen Westwand, die schon seit fast 100 Jahren Ziel der Kletterer ist.<\/p>\n<p>Der exzellente Fels, die wilde Szenerie hoch \u00fcber dem phantastischen Endstal und nicht zuletzt der kurze Zustieg machen die G\u00f6ll-Westwand zum Topgebiet f\u00fcr Alpinkletterer. In den Plattenw\u00e4nden des Hohen Brett sind vor allem in den letzten Jahren viele Sportkletterrouten der unteren und mittleren Grade eingerichtet worden. Die s\u00fcdseitige Ausrichtung, die zumeist gute Absicherung und das im Vergleich zur G\u00f6ll-Westwand weniger steile Gel\u00e4nde machen die W\u00e4nde am Hohen Brett zum beliebten Anlaufpunkt f\u00fcr Genusskletterer.<\/p>\n<div id=\"product_destinations_tab\" class=\"data item content\" role=\"tabpanel\" data-role=\"content\" aria-labelledby=\"tab-label-product_destinations_tab\" aria-hidden=\"false\">\n<p>Untersberg<br \/>\nGurrwand<br \/>\nBerchtesgadener Hochthron S-Wand<br \/>\nGamsalmkopf-Rauheck SO- &amp; O-Wand<br \/>\nMittagsscharte<br \/>\nKleine S\u00fcdwand<br \/>\nBlausandpfeiler\/Hochthron Ostwand<br \/>\nRosittenwand<br \/>\nDopplerwand<\/p>\n<p>Hoher G\u00f6ll<br \/>\nWestwand<br \/>\nD\u00fcrreckberg \u2013 N\u00f6rdl. Alpeltalkopf<br \/>\nPflugh\u00f6rndl<br \/>\nS\u00fcdliche Alpetalk\u00f6pfe<br \/>\nHoher G\u00f6ll SW-Wand<br \/>\nNordwand<\/p>\n<p>Hohes Brett<br \/>\nMitterkaser<br \/>\nJagerkreuz<br \/>\nS\u00fcdwestwand &#8211; Re. Pfeiler<br \/>\nS\u00fcdwestwand &#8211; Li. Pfeiler &amp; Plattenflucht<br \/>\nS\u00fcdwand &#8211; Stahlhaus &amp; Plattenrouten<br \/>\nS\u00fcdwand &#8211; Brettriedel<br \/>\nBluntautal &#8211; Gr\u00fcnwandkopf<br \/>\nBluntautal &#8211; Sch\u00f6nbachkopf<\/p>\n<\/div>\n<p>2. Aufl. 2023, ca. 340 Seiten, ca. 90 Topos, 30 Topokarten,<br \/>\n115 x 185 mm, Softcover, komplett 4 Farbig, Schutzh\u00fclle<\/p>","protected":false},"excerpt":{"rendered":"<p>Ein d\u00fcsteres Sagengeflecht umgibt den Untersberg, in dem Kaiser Karl angeblich auf seine Auferstehung wartet. Solange m\u00fcssen Sportkletterer, Genusskraxler, Bergsteiger, Klettersteiggeher, H\u00f6hlenforscher, Skifahrer und Naturfreunde zuzm Gl\u00fcck nicht warten, um Spa\u00df zu haben, denn die Bet\u00e4tigungsm\u00f6glichkeiten an dem knapp 2000 Meter hohen Massiv sind riesengro\u00df. Ebenfalls vielger\u00fchmt sind die Klettereien am Hohen G\u00f6ll, haupts\u00e4chlich wegen [&#8230;]\n","protected":false},"featured_media":168984,"template":"","meta":[],"product_brand":[],"product_cat":[21539],"product_tag":[],"class_list":{"0":"post-148654","1":"product","2":"type-product","3":"status-publish","4":"has-post-thumbnail","6":"product_cat-fuehrerliteratur-sportklettern-bouldern","7":"pa_autor-sojer-koller","8":"pa_erscheinungsjahr-27129","9":"pa_region-deutschland","10":"pa_sprache-de","12":"first","13":"instock","14":"taxable","15":"shipping-taxable","16":"purchasable","17":"product-type-simple"},"_links":{"self":[{"href":"https:\/\/pizbube.ch\/en\/wp-json\/wp\/v2\/product\/148654","targetHints":{"allow":["GET"]}}],"collection":[{"href":"https:\/\/pizbube.ch\/en\/wp-json\/wp\/v2\/product"}],"about":[{"href":"https:\/\/pizbube.ch\/en\/wp-json\/wp\/v2\/types\/product"}],"wp:featuredmedia":[{"embeddable":true,"href":"https:\/\/pizbube.ch\/en\/wp-json\/wp\/v2\/media\/168984"}],"wp:attachment":[{"href":"https:\/\/pizbube.ch\/en\/wp-json\/wp\/v2\/media?parent=148654"}],"wp:term":[{"taxonomy":"product_brand","embeddable":true,"href":"https:\/\/pizbube.ch\/en\/wp-json\/wp\/v2\/product_brand?post=148654"},{"taxonomy":"product_cat","embeddable":true,"href":"https:\/\/pizbube.ch\/en\/wp-json\/wp\/v2\/product_cat?post=148654"},{"taxonomy":"product_tag","embeddable":true,"href":"https:\/\/pizbube.ch\/en\/wp-json\/wp\/v2\/product_tag?post=148654"}],"curies":[{"name":"wp","href":"https:\/\/api.w.org\/{rel}","templated":true}]}}