{"id":148655,"date":"2021-01-15T10:57:52","date_gmt":"2021-01-15T10:57:52","guid":{"rendered":"https:\/\/codengine3.ch\/?product=import-placeholder-for-206827"},"modified":"2024-06-03T12:07:47","modified_gmt":"2024-06-03T10:07:47","slug":"rock-projects-salzburg-berchtesgaden","status":"publish","type":"product","link":"https:\/\/pizbube.ch\/en\/shop\/rock-projects-salzburg-berchtesgaden\/","title":{"rendered":"Rock Projects Salzburg \/ Berchtesgaden"},"content":{"rendered":"<p>ROCK PROJECTS III; Sportkletterf\u00fchrer Salzburg &#8211; Berchtesgaden<\/p>\n<p>Klettern im Salzburger- und im Berchtesgadener Land hei\u00dft zum einen<br \/>\nSportklettern in gut gesicherten Kletterg\u00e4rten in meist herrlicher Landschaft.<br \/>\nZum anderen bedeutet es aber auch alpines Sportklettern mit teils hochalpinem<br \/>\nAmbiente, sowie Bouldern an Bl\u00f6cken und kleinen W\u00e4nden, ob auf der Bergwiese<br \/>\noder in Flussn\u00e4he.<\/p>\n<p>In den vorgestellten Regionen gibt es drei verschieden Gesteinsarten zur<br \/>\nAuswahl. In der Stadt Salzburg klettert man im Konglomeratgestein. In den<br \/>\nKlettergebieten von Berchtesgaden bis ins Saalachtal finden wir Kalkgestein<br \/>\nvor und in den Hohen Tauern im Pinzgau und in Teilen Pongaus klettert man im<br \/>\nUrgestein, dem Gneis. Der Kreis der Gesteinsarten schlie\u00dft sich mit<br \/>\nKalkgebieten vom Gosaukamm bis in den Tennengau.<\/p>\n<p>Das Angebot an Klettergebieten ist f\u00fcr jede Kletterdisziplin \u00fcberaus gro\u00df. Wir<br \/>\ngehen in unserem Kletterf\u00fchrer in erster Linie auf die Kletterg\u00e4rten in<br \/>\nTaln\u00e4he ein. Dazu findest du auch einige Bouldergebiete. Der Untersberg ist<br \/>\nein herrliches alpines Sportklettergebiet mit vielen gut gesicherten<br \/>\nMehrseill\u00e4ngen- Routen und mit \u00e4u\u00dferst ertr\u00e4glichem Zustieg bei Ben\u00fctzung der<br \/>\nSeilbahn.<\/p>\n<p>Erstmals stellen wir in unserem Buch aber auch vier alpine Regionen vor,<br \/>\njeweils mit einer nahegelegenen Schutzh\u00fctte als m\u00f6glichen St\u00fctzpunkt: Die<br \/>\nBlaueish\u00fctte, die Rudolfsh\u00fctte, die Hofp\u00fcrglh\u00fctte und die Werfenerh\u00fctte. Hier<br \/>\nist zwar der Zustieg l\u00e4nger, daf\u00fcr das Ambiente umso phantastischer. Und wer<br \/>\nein paar Tage auf dem Berg bleibt, hat nicht nur Kletterg\u00e4rten zur Auswahl,<br \/>\nsondern findet vielleicht auch die Zeit eine der vielen alpinen Routen zu<br \/>\nklettern.<br \/>\n2. komplett \u00fcberarbeitete Auflage, 2011<\/p>","protected":false},"excerpt":{"rendered":"<p>ROCK PROJECTS III; Sportkletterf\u00fchrer Salzburg &#8211; Berchtesgaden Klettern im Salzburger- und im Berchtesgadener Land hei\u00dft zum einen Sportklettern in gut gesicherten Kletterg\u00e4rten in meist herrlicher Landschaft. Zum anderen bedeutet es aber auch alpines Sportklettern mit teils hochalpinem Ambiente, sowie Bouldern an Bl\u00f6cken und kleinen W\u00e4nden, ob auf der Bergwiese oder in Flussn\u00e4he. In den vorgestellten [&#8230;]\n","protected":false},"featured_media":173221,"template":"","meta":[],"product_brand":[],"product_cat":[21539],"product_tag":[],"class_list":{"0":"post-148655","1":"product","2":"type-product","3":"status-publish","4":"has-post-thumbnail","6":"product_cat-fuehrerliteratur-sportklettern-bouldern","7":"pa_autor-mayrhuber-gastager","8":"pa_erscheinungsjahr-21610","9":"pa_region-oesterreich","10":"pa_sprache-de","12":"first","13":"instock","14":"taxable","15":"shipping-taxable","16":"purchasable","17":"product-type-simple"},"_links":{"self":[{"href":"https:\/\/pizbube.ch\/en\/wp-json\/wp\/v2\/product\/148655","targetHints":{"allow":["GET"]}}],"collection":[{"href":"https:\/\/pizbube.ch\/en\/wp-json\/wp\/v2\/product"}],"about":[{"href":"https:\/\/pizbube.ch\/en\/wp-json\/wp\/v2\/types\/product"}],"wp:featuredmedia":[{"embeddable":true,"href":"https:\/\/pizbube.ch\/en\/wp-json\/wp\/v2\/media\/173221"}],"wp:attachment":[{"href":"https:\/\/pizbube.ch\/en\/wp-json\/wp\/v2\/media?parent=148655"}],"wp:term":[{"taxonomy":"product_brand","embeddable":true,"href":"https:\/\/pizbube.ch\/en\/wp-json\/wp\/v2\/product_brand?post=148655"},{"taxonomy":"product_cat","embeddable":true,"href":"https:\/\/pizbube.ch\/en\/wp-json\/wp\/v2\/product_cat?post=148655"},{"taxonomy":"product_tag","embeddable":true,"href":"https:\/\/pizbube.ch\/en\/wp-json\/wp\/v2\/product_tag?post=148655"}],"curies":[{"name":"wp","href":"https:\/\/api.w.org\/{rel}","templated":true}]}}