{"id":148656,"date":"2021-01-15T10:57:52","date_gmt":"2021-01-15T10:57:52","guid":{"rendered":"https:\/\/codengine3.ch\/?product=import-placeholder-for-200482"},"modified":"2024-07-16T14:36:59","modified_gmt":"2024-07-16T12:36:59","slug":"best-of-salzburger-land-band-2","status":"publish","type":"product","link":"https:\/\/pizbube.ch\/en\/shop\/best-of-salzburger-land-band-2\/","title":{"rendered":"Best of Salzburger Land Band 2"},"content":{"rendered":"<p>Eine Auswahl der besten Alpinklettereien vom Wolfgangsee bis zum<br \/>\nDachsteinmassiv<\/p>\n<p>Alle, deren Kletterhorizont am Wildern Kaiser endet, k\u00f6nnen einem leid tun,<br \/>\ndenn die Armen wissen gar nicht, was sie verpassen. Der Band 2 der beiden<br \/>\nKletterf\u00fchrer Best of Salzburger Land versammelt die lohnendsten Klettereien<br \/>\nIm Tennengebirge, in der Osterhorngruppe, im Salzkammergut, am Gosaukamm und<br \/>\nim westlichen, zum Bundesland Salzburg geh\u00f6renden Teil des Dachsteinmassivs.<\/p>\n<p>F\u00fcr das Tennengebirge und den Gosaukamm gibt es keine andere F\u00fchrerliteratur.<br \/>\nDie Spanne des Band 2 reicht von der verdonm\u00e4\u00dfigen Wand \u00fcber dem Wolfgangsee<br \/>\nbis in die hochalpine Gletscherwelt des Dachsteins.<\/p>\n<p>Zus\u00e4tzlich zum Buch gibt es ein 102-seitiges eBook mit 43 weiteren Routen.<\/p>\n<p>1. Auflage 2019, 504 Seiten, 115 x 185 mm, Softcover, komplett 4 Farbig<\/p>","protected":false},"excerpt":{"rendered":"<ul>\n<li><a href=\"https:\/\/pizbube.ch\/wp-content\/uploads\/attachments\/a_003\/2E2FBC9DDACF947E9BA6E39726F7D959.pdf\" target=\"_blank\" rel=\"noopener\">PDF: Leseprobe-SalzburgerLand-Bd2<\/a><\/li>\n<\/ul>","protected":false},"featured_media":27004,"template":"","meta":[],"product_brand":[],"product_cat":[21539],"product_tag":[],"class_list":{"0":"post-148656","1":"product","2":"type-product","3":"status-publish","4":"has-post-thumbnail","6":"product_cat-fuehrerliteratur-sportklettern-bouldern","7":"pa_autor-kuehberger","8":"pa_erscheinungsjahr-21586","9":"pa_region-oesterreich","10":"pa_sprache-de","12":"first","13":"outofstock","14":"taxable","15":"shipping-taxable","16":"purchasable","17":"product-type-simple"},"_links":{"self":[{"href":"https:\/\/pizbube.ch\/en\/wp-json\/wp\/v2\/product\/148656","targetHints":{"allow":["GET"]}}],"collection":[{"href":"https:\/\/pizbube.ch\/en\/wp-json\/wp\/v2\/product"}],"about":[{"href":"https:\/\/pizbube.ch\/en\/wp-json\/wp\/v2\/types\/product"}],"wp:featuredmedia":[{"embeddable":true,"href":"https:\/\/pizbube.ch\/en\/wp-json\/wp\/v2\/media\/27004"}],"wp:attachment":[{"href":"https:\/\/pizbube.ch\/en\/wp-json\/wp\/v2\/media?parent=148656"}],"wp:term":[{"taxonomy":"product_brand","embeddable":true,"href":"https:\/\/pizbube.ch\/en\/wp-json\/wp\/v2\/product_brand?post=148656"},{"taxonomy":"product_cat","embeddable":true,"href":"https:\/\/pizbube.ch\/en\/wp-json\/wp\/v2\/product_cat?post=148656"},{"taxonomy":"product_tag","embeddable":true,"href":"https:\/\/pizbube.ch\/en\/wp-json\/wp\/v2\/product_tag?post=148656"}],"curies":[{"name":"wp","href":"https:\/\/api.w.org\/{rel}","templated":true}]}}