{"id":148657,"date":"2021-01-15T10:57:52","date_gmt":"2021-01-15T10:57:52","guid":{"rendered":"https:\/\/codengine3.ch\/?product=import-placeholder-for-206761"},"modified":"2021-01-15T14:51:40","modified_gmt":"2021-01-15T14:51:40","slug":"hochkoenig-2","status":"publish","type":"product","link":"https:\/\/pizbube.ch\/en\/shop\/hochkoenig-2\/","title":{"rendered":"Hochk\u00f6nig"},"content":{"rendered":"<p>\nKletterrouten &#8211; Topos &#8211; Alpingeschichte &#8211; Kletterpioniere<\/p>\n<p>Albert Precht war einer der ganz gro\u00dfen Pioniere des Felskletterns. \u00dcber<br \/>\ntausend Erstbegehungen f\u00fchrten ihn an Orte, die vor ihm nie ein Mensch<br \/>\nbetreten hat. Kurz vor seinem tragischen Bergunfall auf Kreta im Mai 2015 hat<br \/>\ner beim Verlag sein Manuskript \u00fcber den Hochk\u00f6nig eingereicht. Er erz\u00e4hlt<br \/>\ndarin die Geschichten seines Hausberges von seiner Bedeutung f\u00fcr die Menschen<br \/>\neinst und jetzt bis hin zu der alpinistischen Erschlie\u00dfung. Auch seine eigenen<br \/>\nKletterrouten und Berggeschichten vom Hochk\u00f6nig k\u00f6nnen hier nachgelesen und<br \/>\nmiterlebt werden.  <\/p>\n<p>Der Hochk\u00f6nig ist zweifelsohne eines der beeindruckendsten Bergmassive des<br \/>\nSalzburger Landes und z\u00e4hlt zu den Berchtesgadener Alpen. Mit seinen hoch<br \/>\naufragenden W\u00e4nden und 2 941 Metern H\u00f6he fasziniert er schon seit<br \/>\nJahrhunderten die Menschen.  <\/p>\n<p>Albert Precht, geboren in Bischofshofen, war in der ganzen Welt unterwegs. Er<br \/>\nhat den Hochk\u00f6nig zu seinem Herzensberg erkoren und sich dessen wilde W\u00e4nde in<br \/>\nunz\u00e4hligen Erstbegehungen zu eigen gemacht  <\/p>\n<p>160 Seiten; durchgehend farbig bebildert<br \/>\nFormat: 21 x 24 cm, Hardcover  <\/p>","protected":false},"excerpt":{"rendered":"<ul>\n<li><a href=\"https:\/\/pizbube.ch\/wp-content\/uploads\/attachments\/a_021\/6E8B325FDE86B467A45583A1C47FC83C.pdf\" target=\"_blank\" rel=\"noopener\">PDF: Leseprobe_Hochk\u00f6nig<\/a><\/li>\n<\/ul>","protected":false},"featured_media":36052,"template":"","meta":[],"product_brand":[],"product_cat":[21539],"product_tag":[],"class_list":{"0":"post-148657","1":"product","2":"type-product","3":"status-publish","4":"has-post-thumbnail","6":"product_cat-fuehrerliteratur-sportklettern-bouldern","7":"pa_autor-precht","8":"pa_erscheinungsjahr-21571","9":"pa_region-oesterreich","10":"pa_sprache-de","12":"first","13":"instock","14":"taxable","15":"shipping-taxable","16":"purchasable","17":"product-type-simple"},"_links":{"self":[{"href":"https:\/\/pizbube.ch\/en\/wp-json\/wp\/v2\/product\/148657","targetHints":{"allow":["GET"]}}],"collection":[{"href":"https:\/\/pizbube.ch\/en\/wp-json\/wp\/v2\/product"}],"about":[{"href":"https:\/\/pizbube.ch\/en\/wp-json\/wp\/v2\/types\/product"}],"wp:featuredmedia":[{"embeddable":true,"href":"https:\/\/pizbube.ch\/en\/wp-json\/wp\/v2\/media\/36052"}],"wp:attachment":[{"href":"https:\/\/pizbube.ch\/en\/wp-json\/wp\/v2\/media?parent=148657"}],"wp:term":[{"taxonomy":"product_brand","embeddable":true,"href":"https:\/\/pizbube.ch\/en\/wp-json\/wp\/v2\/product_brand?post=148657"},{"taxonomy":"product_cat","embeddable":true,"href":"https:\/\/pizbube.ch\/en\/wp-json\/wp\/v2\/product_cat?post=148657"},{"taxonomy":"product_tag","embeddable":true,"href":"https:\/\/pizbube.ch\/en\/wp-json\/wp\/v2\/product_tag?post=148657"}],"curies":[{"name":"wp","href":"https:\/\/api.w.org\/{rel}","templated":true}]}}