{"id":148658,"date":"2021-01-15T10:57:52","date_gmt":"2021-01-15T10:57:52","guid":{"rendered":"https:\/\/codengine3.ch\/?product=import-placeholder-for-200471"},"modified":"2023-11-06T11:03:11","modified_gmt":"2023-11-06T10:03:11","slug":"snow-trail-map-30-vallorbe","status":"publish","type":"product","link":"https:\/\/pizbube.ch\/en\/shop\/snow-trail-map-30-vallorbe\/","title":{"rendered":"Snow Trail Map 30: Vallorbe"},"content":{"rendered":"<p>Die Karte deckt das Gebiet des Juras um Vallorbe ab, bis weit nach Frankreich.<\/p>\n<p>Reiss- und wasserfeste Schneeschuhkarte f\u00fcr den Jura. Die Karte enth\u00e4lt die<br \/>\nbesten Schneeschuh-Routen, abgestuft in ausgeschilderte, einfache und alpine<br \/>\nStrecken. Als Kartenbasis dienen die Originalkarten von Swisstopo im Massstab<br \/>\n1:50`000. Neben den Routen sind alle Wildruhezonen (Betretungsverbot, ausser<br \/>\nauf Korridoren) und Wildschutzzonen (Betretung sollte vermieden werden)<br \/>\neingezeichnet.<\/p>\n<p>* F\u00fcnf ausf\u00fchrlich beschriebene Touren, visualisert mit einem H\u00f6henprofil und Angaben zu L\u00e4nge und Wanderzeit.<br \/>\n* Ausf\u00fchrliche Lawinen-Informationen<br \/>\n* Wichtige Adressen der Region (\u00dcbernachtungsm\u00f6glichkeiten, Schneeschuh-Vermietungen, Touren-Anbieter und Tourismusb\u00fcros)<\/p>","protected":false},"excerpt":{"rendered":"<p>Die Karte deckt das Gebiet des Juras um Vallorbe ab, bis weit nach Frankreich. Reiss- und wasserfeste Schneeschuhkarte f\u00fcr den Jura. Die Karte enth\u00e4lt die besten Schneeschuh-Routen, abgestuft in ausgeschilderte, einfache und alpine Strecken. Als Kartenbasis dienen die Originalkarten von Swisstopo im Massstab 1:50`000. Neben den Routen sind alle Wildruhezonen (Betretungsverbot, ausser auf Korridoren) und [&#8230;]\n","protected":false},"featured_media":26981,"template":"","meta":[],"product_brand":[],"product_cat":[21543],"product_tag":[],"class_list":{"0":"post-148658","1":"product","2":"type-product","3":"status-publish","4":"has-post-thumbnail","6":"product_cat-landkarten","7":"pa_autor-ssp","8":"pa_erscheinungsjahr-21610","9":"pa_region-schweiz","10":"pa_sprache-de","12":"first","13":"outofstock","14":"taxable","15":"shipping-taxable","16":"purchasable","17":"product-type-simple"},"_links":{"self":[{"href":"https:\/\/pizbube.ch\/en\/wp-json\/wp\/v2\/product\/148658","targetHints":{"allow":["GET"]}}],"collection":[{"href":"https:\/\/pizbube.ch\/en\/wp-json\/wp\/v2\/product"}],"about":[{"href":"https:\/\/pizbube.ch\/en\/wp-json\/wp\/v2\/types\/product"}],"wp:featuredmedia":[{"embeddable":true,"href":"https:\/\/pizbube.ch\/en\/wp-json\/wp\/v2\/media\/26981"}],"wp:attachment":[{"href":"https:\/\/pizbube.ch\/en\/wp-json\/wp\/v2\/media?parent=148658"}],"wp:term":[{"taxonomy":"product_brand","embeddable":true,"href":"https:\/\/pizbube.ch\/en\/wp-json\/wp\/v2\/product_brand?post=148658"},{"taxonomy":"product_cat","embeddable":true,"href":"https:\/\/pizbube.ch\/en\/wp-json\/wp\/v2\/product_cat?post=148658"},{"taxonomy":"product_tag","embeddable":true,"href":"https:\/\/pizbube.ch\/en\/wp-json\/wp\/v2\/product_tag?post=148658"}],"curies":[{"name":"wp","href":"https:\/\/api.w.org\/{rel}","templated":true}]}}