{"id":148659,"date":"2021-01-15T10:57:52","date_gmt":"2021-01-15T10:57:52","guid":{"rendered":"https:\/\/codengine3.ch\/?product=import-placeholder-for-205995"},"modified":"2021-01-15T14:45:33","modified_gmt":"2021-01-15T14:45:33","slug":"snow-trail-map-28-jura-bernois","status":"publish","type":"product","link":"https:\/\/pizbube.ch\/en\/shop\/snow-trail-map-28-jura-bernois\/","title":{"rendered":"Snow Trail Map 28: Jura Bernois"},"content":{"rendered":"<p>Snow Trail Map 28: Jura Bernois 1: 50&#8217;000  <\/p>\n<p>Reiss- und wasserfeste Schneeschuhkarte f\u00fcr den Berner Jura. Die Karte enth\u00e4lt<br \/>\ndie besten Schneeschuh-Routen, abgestuft in einfache und alpine Strecken. Als<br \/>\nKartenbasis dienen die Originalkarten von Siwsstopo im Massstab 1:50&#8217;000.<br \/>\nNeben den Routen sind alle Wildruhezonen (Betretungsverbot, ausser auf<br \/>\nKorridoren) und Wildschutzzonen (Betretung sollte vermieden werden)<br \/>\neingezeichnet. Die Karte ist zweisprachig Deutsch\/Franz\u00f6sisch.  <\/p>\n<p>R\u00fcckseite:<br \/>\n* F\u00fcnf ausf\u00fchrlich beschriebene Touren, visualisert mit einem H\u00f6henprofil und Angaben zu L\u00e4nge und Wanderzeit.<br \/>\n* Ausf\u00fchrliche Lawinen-Informationen<br \/>\n* Wichtige Adressen der Region (\u00dcbernachtungsm\u00f6glichkeiten, Schneeschuh-Vermietungen, Touren-Anbieter und Tourismusb\u00fcros)  <\/p>\n<p>Gebiet:<br \/>\nDie Karte umfasst das Gebiet des Berner Jura, unter anderem den Chasseral und<br \/>\nden Mont Soleil.  <\/p>","protected":false},"excerpt":{"rendered":"<p>Snow Trail Map 28: Jura Bernois 1: 50&#8217;000 Reiss- und wasserfeste Schneeschuhkarte f\u00fcr den Berner Jura. Die Karte enth\u00e4lt die besten Schneeschuh-Routen, abgestuft in einfache und alpine Strecken. Als Kartenbasis dienen die Originalkarten von Siwsstopo im Massstab 1:50&#8217;000. Neben den Routen sind alle Wildruhezonen (Betretungsverbot, ausser auf Korridoren) und Wildschutzzonen (Betretung sollte vermieden werden) eingezeichnet. [&#8230;]\n","protected":false},"featured_media":34876,"template":"","meta":[],"product_brand":[],"product_cat":[21543],"product_tag":[],"class_list":{"0":"post-148659","1":"product","2":"type-product","3":"status-publish","4":"has-post-thumbnail","6":"product_cat-landkarten","7":"pa_autor-ssp","8":"pa_erscheinungsjahr-21693","9":"pa_region-schweiz","10":"pa_sprache-d","11":"pa_sprache-f","13":"first","14":"instock","15":"taxable","16":"shipping-taxable","17":"purchasable","18":"product-type-simple"},"_links":{"self":[{"href":"https:\/\/pizbube.ch\/en\/wp-json\/wp\/v2\/product\/148659","targetHints":{"allow":["GET"]}}],"collection":[{"href":"https:\/\/pizbube.ch\/en\/wp-json\/wp\/v2\/product"}],"about":[{"href":"https:\/\/pizbube.ch\/en\/wp-json\/wp\/v2\/types\/product"}],"wp:featuredmedia":[{"embeddable":true,"href":"https:\/\/pizbube.ch\/en\/wp-json\/wp\/v2\/media\/34876"}],"wp:attachment":[{"href":"https:\/\/pizbube.ch\/en\/wp-json\/wp\/v2\/media?parent=148659"}],"wp:term":[{"taxonomy":"product_brand","embeddable":true,"href":"https:\/\/pizbube.ch\/en\/wp-json\/wp\/v2\/product_brand?post=148659"},{"taxonomy":"product_cat","embeddable":true,"href":"https:\/\/pizbube.ch\/en\/wp-json\/wp\/v2\/product_cat?post=148659"},{"taxonomy":"product_tag","embeddable":true,"href":"https:\/\/pizbube.ch\/en\/wp-json\/wp\/v2\/product_tag?post=148659"}],"curies":[{"name":"wp","href":"https:\/\/api.w.org\/{rel}","templated":true}]}}