{"id":148660,"date":"2021-01-15T10:57:52","date_gmt":"2021-01-15T10:57:52","guid":{"rendered":"https:\/\/codengine3.ch\/?product=import-placeholder-for-204361"},"modified":"2021-01-15T14:32:23","modified_gmt":"2021-01-15T14:32:23","slug":"courses-en-raquettes-2-cretes-du-jura-et-prealpes-franco-suisses","status":"publish","type":"product","link":"https:\/\/pizbube.ch\/en\/shop\/courses-en-raquettes-2-cretes-du-jura-et-prealpes-franco-suisses\/","title":{"rendered":"Courses en raquettes 2 &#8211; Cr\u00eates du Jura et Pr\u00e9alpes franco-suisses"},"content":{"rendered":"<p>Ce guide pr\u00e9sente 70 itin\u00e9raires de raquettes \u00e0 neige sur le pourtour de l`Arc<br \/>\nl\u00e9manique. Par la grande diversit\u00e9 des parcours pr\u00e9sent\u00e9s, il invite le<br \/>\nrandonneur \u00e0 partir \u00e0 la d\u00e9couverte de randonn\u00e9es in\u00e9dites ou peu connues, en<br \/>\nplus de nombreuses classiques. 216 p.<\/p>","protected":false},"excerpt":{"rendered":"<p>Ce guide pr\u00e9sente 70 itin\u00e9raires de raquettes \u00e0 neige sur le pourtour de l`Arc l\u00e9manique. Par la grande diversit\u00e9 des parcours pr\u00e9sent\u00e9s, il invite le randonneur \u00e0 partir \u00e0 la d\u00e9couverte de randonn\u00e9es in\u00e9dites ou peu connues, en plus de nombreuses classiques. 216 p.<\/p>","protected":false},"featured_media":32204,"template":"","meta":[],"product_brand":[],"product_cat":[21540],"product_tag":[],"class_list":{"0":"post-148660","1":"product","2":"type-product","3":"status-publish","4":"has-post-thumbnail","6":"product_cat-fuehrerliteratur-alpin-winter","7":"pa_autor-cassany","8":"pa_erscheinungsjahr-21763","9":"pa_region-schweiz","10":"pa_sprache-fr","12":"first","13":"instock","14":"taxable","15":"shipping-taxable","16":"purchasable","17":"product-type-simple"},"_links":{"self":[{"href":"https:\/\/pizbube.ch\/en\/wp-json\/wp\/v2\/product\/148660","targetHints":{"allow":["GET"]}}],"collection":[{"href":"https:\/\/pizbube.ch\/en\/wp-json\/wp\/v2\/product"}],"about":[{"href":"https:\/\/pizbube.ch\/en\/wp-json\/wp\/v2\/types\/product"}],"wp:featuredmedia":[{"embeddable":true,"href":"https:\/\/pizbube.ch\/en\/wp-json\/wp\/v2\/media\/32204"}],"wp:attachment":[{"href":"https:\/\/pizbube.ch\/en\/wp-json\/wp\/v2\/media?parent=148660"}],"wp:term":[{"taxonomy":"product_brand","embeddable":true,"href":"https:\/\/pizbube.ch\/en\/wp-json\/wp\/v2\/product_brand?post=148660"},{"taxonomy":"product_cat","embeddable":true,"href":"https:\/\/pizbube.ch\/en\/wp-json\/wp\/v2\/product_cat?post=148660"},{"taxonomy":"product_tag","embeddable":true,"href":"https:\/\/pizbube.ch\/en\/wp-json\/wp\/v2\/product_tag?post=148660"}],"curies":[{"name":"wp","href":"https:\/\/api.w.org\/{rel}","templated":true}]}}