{"id":148661,"date":"2021-01-15T10:57:52","date_gmt":"2021-01-15T10:57:52","guid":{"rendered":"https:\/\/codengine3.ch\/?product=import-placeholder-for-206320"},"modified":"2021-01-15T14:48:06","modified_gmt":"2021-01-15T14:48:06","slug":"30-balades-a-raquettes-dans-le-jura-franco-suisse","status":"publish","type":"product","link":"https:\/\/pizbube.ch\/en\/shop\/30-balades-a-raquettes-dans-le-jura-franco-suisse\/","title":{"rendered":"30 balades \u00e0 raquettes dans le Jura Franco-Suisse"},"content":{"rendered":"<p>Des balades en for\u00eat aux sommets et cr\u00eates \u2013 formidables belv\u00e9d\u00e8res sur les<br \/>\nAlpes et le toit de l\u2019Europe \u2013 le raquettiste d\u00e9couvrira ici un terrain<br \/>\nd\u2019exploration exceptionnel permettant de multiples \u00e9volutions dans un cadre<br \/>\nsomptueux adapt\u00e9 \u00e0 tous, petits et grands et dans lequel plaisir et<br \/>\ncontemplation sont les ma\u00eetres mots. Chaque itin\u00e9raire est d\u00e9crit avec clart\u00e9<br \/>\net agr\u00e9ment\u00e9 d\u2019informations sur la faune, l\u2019histoire et le patrimoine. le tout<br \/>\ncompl\u00e9t\u00e9 d\u2019une illustration pr\u00e9cise du trac\u00e9.  <\/p>","protected":false},"excerpt":{"rendered":"<p>Des balades en for\u00eat aux sommets et cr\u00eates \u2013 formidables belv\u00e9d\u00e8res sur les Alpes et le toit de l\u2019Europe \u2013 le raquettiste d\u00e9couvrira ici un terrain d\u2019exploration exceptionnel permettant de multiples \u00e9volutions dans un cadre somptueux adapt\u00e9 \u00e0 tous, petits et grands et dans lequel plaisir et contemplation sont les ma\u00eetres mots. Chaque itin\u00e9raire est [&#8230;]\n","protected":false},"featured_media":35316,"template":"","meta":[],"product_brand":[],"product_cat":[21540],"product_tag":[],"class_list":{"0":"post-148661","1":"product","2":"type-product","3":"status-publish","4":"has-post-thumbnail","6":"product_cat-fuehrerliteratur-alpin-winter","7":"pa_autor-deconinck","8":"pa_erscheinungsjahr-21830","9":"pa_region-schweiz","10":"pa_sprache-fr","12":"first","13":"instock","14":"taxable","15":"shipping-taxable","16":"purchasable","17":"product-type-simple"},"_links":{"self":[{"href":"https:\/\/pizbube.ch\/en\/wp-json\/wp\/v2\/product\/148661","targetHints":{"allow":["GET"]}}],"collection":[{"href":"https:\/\/pizbube.ch\/en\/wp-json\/wp\/v2\/product"}],"about":[{"href":"https:\/\/pizbube.ch\/en\/wp-json\/wp\/v2\/types\/product"}],"wp:featuredmedia":[{"embeddable":true,"href":"https:\/\/pizbube.ch\/en\/wp-json\/wp\/v2\/media\/35316"}],"wp:attachment":[{"href":"https:\/\/pizbube.ch\/en\/wp-json\/wp\/v2\/media?parent=148661"}],"wp:term":[{"taxonomy":"product_brand","embeddable":true,"href":"https:\/\/pizbube.ch\/en\/wp-json\/wp\/v2\/product_brand?post=148661"},{"taxonomy":"product_cat","embeddable":true,"href":"https:\/\/pizbube.ch\/en\/wp-json\/wp\/v2\/product_cat?post=148661"},{"taxonomy":"product_tag","embeddable":true,"href":"https:\/\/pizbube.ch\/en\/wp-json\/wp\/v2\/product_tag?post=148661"}],"curies":[{"name":"wp","href":"https:\/\/api.w.org\/{rel}","templated":true}]}}