{"id":148663,"date":"2021-01-15T10:57:52","date_gmt":"2021-01-15T10:57:52","guid":{"rendered":"https:\/\/codengine3.ch\/?product=import-placeholder-for-200492"},"modified":"2021-01-15T10:58:07","modified_gmt":"2021-01-15T10:58:07","slug":"snow-trail-map-29-jura-neuchatelois","status":"publish","type":"product","link":"https:\/\/pizbube.ch\/en\/shop\/snow-trail-map-29-jura-neuchatelois\/","title":{"rendered":"Snow Trail Map 29: Jura Neuch\u00e2telois"},"content":{"rendered":"<p>Die Karte deckt dasGebiet der Juraketten ab Neuch\u00e2tel in s\u00fcdliche Richtung und<br \/>\nbis nach Frankreich im Norden.<\/p>\n<p>Reiss- und wasserfeste Schneeschuhkarte f\u00fcr den Jura hinter Neuch\u00e2tel. Die<br \/>\nKarte enth\u00e4lt die besten Schneeschuh-Routen, abgestuft in ausgeschilderte,<br \/>\neinfache und alpine Strecken. Als Kartenbasis dienen die Originalkarten von<br \/>\nSwisstopo im Massstab 1:50`000. Neben den Routen sind alle Wildruhezonen<br \/>\n(Betretungsverbot, ausser auf Korridoren) und Wildschutzzonen (Betretung<br \/>\nsollte vermieden werden) eingezeichnet.<\/p>\n<p>  * F\u00fcnf ausf\u00fchrlich beschriebene Touren, visualisert mit einem H\u00f6henprofil und Angaben zu L\u00e4nge und Wanderzeit.<br \/>\n  * Ausf\u00fchrliche Lawinen-Informationen<br \/>\n  * Wichtige Adressen der Region (\u00dcbernachtungsm\u00f6glichkeiten, Schneeschuh-Vermietungen, Touren-Anbieter und Tourismusb\u00fcros)<\/p>","protected":false},"excerpt":{"rendered":"<p>Die Karte deckt dasGebiet der Juraketten ab Neuch\u00e2tel in s\u00fcdliche Richtung und bis nach Frankreich im Norden. Reiss- und wasserfeste Schneeschuhkarte f\u00fcr den Jura hinter Neuch\u00e2tel. Die Karte enth\u00e4lt die besten Schneeschuh-Routen, abgestuft in ausgeschilderte, einfache und alpine Strecken. Als Kartenbasis dienen die Originalkarten von Swisstopo im Massstab 1:50`000. Neben den Routen sind alle Wildruhezonen [&#8230;]\n","protected":false},"featured_media":27042,"template":"","meta":[],"product_brand":[],"product_cat":[21543],"product_tag":[],"class_list":{"0":"post-148663","1":"product","2":"type-product","3":"status-publish","4":"has-post-thumbnail","6":"product_cat-landkarten","7":"pa_autor-ssp","8":"pa_erscheinungsjahr-21610","9":"pa_region-schweiz","10":"pa_sprache-de","12":"first","13":"instock","14":"taxable","15":"shipping-taxable","16":"purchasable","17":"product-type-simple"},"_links":{"self":[{"href":"https:\/\/pizbube.ch\/en\/wp-json\/wp\/v2\/product\/148663","targetHints":{"allow":["GET"]}}],"collection":[{"href":"https:\/\/pizbube.ch\/en\/wp-json\/wp\/v2\/product"}],"about":[{"href":"https:\/\/pizbube.ch\/en\/wp-json\/wp\/v2\/types\/product"}],"wp:featuredmedia":[{"embeddable":true,"href":"https:\/\/pizbube.ch\/en\/wp-json\/wp\/v2\/media\/27042"}],"wp:attachment":[{"href":"https:\/\/pizbube.ch\/en\/wp-json\/wp\/v2\/media?parent=148663"}],"wp:term":[{"taxonomy":"product_brand","embeddable":true,"href":"https:\/\/pizbube.ch\/en\/wp-json\/wp\/v2\/product_brand?post=148663"},{"taxonomy":"product_cat","embeddable":true,"href":"https:\/\/pizbube.ch\/en\/wp-json\/wp\/v2\/product_cat?post=148663"},{"taxonomy":"product_tag","embeddable":true,"href":"https:\/\/pizbube.ch\/en\/wp-json\/wp\/v2\/product_tag?post=148663"}],"curies":[{"name":"wp","href":"https:\/\/api.w.org\/{rel}","templated":true}]}}