{"id":148664,"date":"2021-01-15T10:57:52","date_gmt":"2021-01-15T10:57:52","guid":{"rendered":"https:\/\/codengine3.ch\/?product=import-placeholder-for-204665"},"modified":"2021-01-15T14:35:16","modified_gmt":"2021-01-15T14:35:16","slug":"mont-blanc-die-schoensten-touren-in-fels-eis-und-schnee","status":"publish","type":"product","link":"https:\/\/pizbube.ch\/en\/shop\/mont-blanc-die-schoensten-touren-in-fels-eis-und-schnee\/","title":{"rendered":"Mont Blanc &#8211; Die sch\u00f6nsten Touren in Fels, Eis und Schnee"},"content":{"rendered":"<p>100 Touren im Paradies f\u00fcr Kletterbegeisterte Das Mont-Blanc-Massiv beherbergt<br \/>\neinige der sch\u00f6nsten Gebirgsz\u00fcge dieser Welt und ist ein ausgezeichnetes<br \/>\nTerrain f\u00fcr Kletterbegeisterte. Reine Felsw\u00e4nde, gro\u00dfe Mixed- und<br \/>\nGletscherfl\u00e4chen, ausgezackte Grate und enge Rinnen finden sich neben<br \/>\nklassischen Wegen, die zum gr\u00f6\u00dften Teil zug\u00e4nglich sind.<\/p>\n<p>In diesem Buch werden Anmut und Vielseitigkeit dieses Kletter-Hot-Spots<br \/>\nendlich wieder angemessen gew\u00fcrdigt. Autor Philippe Batoux pr\u00e4sentiert die 100<br \/>\nsch\u00f6nsten Touren, vom gro\u00dfen Klassiker bis hin zu neuen Routen, von denen<br \/>\nviele erst in den vergangenen Jahren erschlossen wurden &#8211; 100 Wege auf die<br \/>\nGipfel, angeordnet nach steigendem Schwierigkeitsgrad. Der Geschichte jeder<br \/>\nRoute am Mont Blanc sind alle notwendigen technischen Informationen<br \/>\nzugeordnet.<\/p>\n<p>Auf Fotos dargestellte Routen und detaillierte Skizzen vervollst\u00e4ndigen den<br \/>\npraktischen Aspekt. Die gro\u00dfformatige Gestaltung und zahlreiche Fotos in<br \/>\nau\u00dferordentlicher Qualit\u00e4t betonen die einzigartige \u00c4sthetik dieser Region um<br \/>\nden Mont Blanc. Alle Wege ist der Autor selbst gegangen, begleitet von einigen<br \/>\nder besten Gebirgsfotografen unserer Zeit.<\/p>\n<p>Alle technischen Informationen wie Schwierigkeitsgrade, H\u00f6henmeter, Dauer,<br \/>\nZugang, Einstieg, Ausr\u00fcstung, Material und detaillierte Routenbeschreibungen .<br \/>\nTouren f\u00fcr jede Jahreszeit, ob Sommer oder Winter. alle Aspekte des modernen<br \/>\nAlpinismus finden Ber\u00fccksichtigung Ein ausf\u00fchrlicher Tourenf\u00fchrer der<br \/>\nExtraklasse zu einem der sch\u00f6nsten und vielf\u00e4ltigsten Klettergebiete der<br \/>\nAlpen.<\/p>","protected":false},"excerpt":{"rendered":"<ul>\n<li><a href=\"https:\/\/pizbube.ch\/wp-content\/uploads\/attachments\/a_002\/1899C932D78EBEEE3DB7A6E1B76DC289.pdf\" target=\"_blank\" rel=\"noopener\">PDF: Leseprobe_1<\/a><\/li>\n<\/ul>","protected":false},"featured_media":32954,"template":"","meta":[],"product_brand":[],"product_cat":[21544],"product_tag":[],"class_list":{"0":"post-148664","1":"product","2":"type-product","3":"status-publish","4":"has-post-thumbnail","6":"product_cat-fuehrerliteratur-alpin-sommer","7":"pa_autor-batoux","8":"pa_erscheinungsjahr-21568","9":"pa_region-frankreich","10":"pa_sprache-de","12":"first","13":"outofstock","14":"taxable","15":"shipping-taxable","16":"purchasable","17":"product-type-simple"},"_links":{"self":[{"href":"https:\/\/pizbube.ch\/en\/wp-json\/wp\/v2\/product\/148664","targetHints":{"allow":["GET"]}}],"collection":[{"href":"https:\/\/pizbube.ch\/en\/wp-json\/wp\/v2\/product"}],"about":[{"href":"https:\/\/pizbube.ch\/en\/wp-json\/wp\/v2\/types\/product"}],"wp:featuredmedia":[{"embeddable":true,"href":"https:\/\/pizbube.ch\/en\/wp-json\/wp\/v2\/media\/32954"}],"wp:attachment":[{"href":"https:\/\/pizbube.ch\/en\/wp-json\/wp\/v2\/media?parent=148664"}],"wp:term":[{"taxonomy":"product_brand","embeddable":true,"href":"https:\/\/pizbube.ch\/en\/wp-json\/wp\/v2\/product_brand?post=148664"},{"taxonomy":"product_cat","embeddable":true,"href":"https:\/\/pizbube.ch\/en\/wp-json\/wp\/v2\/product_cat?post=148664"},{"taxonomy":"product_tag","embeddable":true,"href":"https:\/\/pizbube.ch\/en\/wp-json\/wp\/v2\/product_tag?post=148664"}],"curies":[{"name":"wp","href":"https:\/\/api.w.org\/{rel}","templated":true}]}}