{"id":148667,"date":"2021-01-15T10:57:52","date_gmt":"2021-01-15T10:57:52","guid":{"rendered":"https:\/\/codengine3.ch\/?product=import-placeholder-for-205910"},"modified":"2023-07-06T09:06:36","modified_gmt":"2023-07-06T07:06:36","slug":"au-dela-des-cimes-dvd","status":"publish","type":"product","link":"https:\/\/pizbube.ch\/en\/shop\/au-dela-des-cimes-dvd\/","title":{"rendered":"Au del\u00e0 des cimes DVD"},"content":{"rendered":"<p>Un voyage initiatique et intimiste au coeur de la montagne avec Catherine<br \/>\nDestivelle.<\/p>\n<p>Eine bergsteigerische Reise ins Mont Blanc Gebiet mit Catherine Destivelle:<br \/>\nbeeindruckende Aufnahmen von Klettereien und Bergtouren vom Grand Capucin \u00fcber<br \/>\ndie Aiguilles de Chamonix bis zur Aiguille Verte!<\/p>\n<p>Certaines rencontres peuvent changer le cours d`une vie. Celle de Catherine<br \/>\nDestivelle avec la haute montagne est au coeur de ce film qui offre un<br \/>\nportrait saisissant et \u00e9mouvant d`une l\u00e9gende de l`alpinisme. Aujourd`hui<br \/>\nd\u00e9sireuse de faire partager sa passion, Catherine emm\u00e8ne avec elle, \u00e0 la<br \/>\nconqu\u00eate de trois sommets mythiques du Mont Blanc, des proches qui ont marqu\u00e9<br \/>\nsa vie.<br \/>\nUn film \u00e0 d\u00e9couvrir absolument!<\/p>\n<p>Sous-titres : Allemand; Anglais; Italien; Fran\u00e7ais pour malentendants<\/p>\n<p>BONUS :<br \/>\n`Pour un vieux r\u00eave`: making of narr\u00e9 par R\u00e9my T\u00e9zier (52`)<br \/>\n`L`\u00e9quipe de tournage`: documentaire (15`); Galerie de photos<br \/>\nAvec Catherine Destivelle; R\u00e9alis\u00e9 par R\u00e9my T\u00e9zier; Dur\u00e9e : 75 minutes<\/p>","protected":false},"excerpt":{"rendered":"<ul>\n<li><a href=\"https:\/\/youtu.be\/NOsypVLQjJY\" target=\"_blank\" rel=\"noopener\">Video: Au dela des Cimes<\/a><\/li>\n<\/ul>","protected":false},"featured_media":34765,"template":"","meta":[],"product_brand":[],"product_cat":[21628],"product_tag":[],"class_list":{"0":"post-148667","1":"product","2":"type-product","3":"status-publish","4":"has-post-thumbnail","6":"product_cat-video-dvd-multimedia","7":"pa_autor-tezier","8":"pa_erscheinungsjahr-21693","9":"pa_region-frankreich","10":"pa_sprache-d","11":"pa_sprache-e","12":"pa_sprache-f","13":"pa_sprache-i","15":"first","16":"outofstock","17":"taxable","18":"shipping-taxable","19":"purchasable","20":"product-type-simple"},"_links":{"self":[{"href":"https:\/\/pizbube.ch\/en\/wp-json\/wp\/v2\/product\/148667","targetHints":{"allow":["GET"]}}],"collection":[{"href":"https:\/\/pizbube.ch\/en\/wp-json\/wp\/v2\/product"}],"about":[{"href":"https:\/\/pizbube.ch\/en\/wp-json\/wp\/v2\/types\/product"}],"wp:featuredmedia":[{"embeddable":true,"href":"https:\/\/pizbube.ch\/en\/wp-json\/wp\/v2\/media\/34765"}],"wp:attachment":[{"href":"https:\/\/pizbube.ch\/en\/wp-json\/wp\/v2\/media?parent=148667"}],"wp:term":[{"taxonomy":"product_brand","embeddable":true,"href":"https:\/\/pizbube.ch\/en\/wp-json\/wp\/v2\/product_brand?post=148667"},{"taxonomy":"product_cat","embeddable":true,"href":"https:\/\/pizbube.ch\/en\/wp-json\/wp\/v2\/product_cat?post=148667"},{"taxonomy":"product_tag","embeddable":true,"href":"https:\/\/pizbube.ch\/en\/wp-json\/wp\/v2\/product_tag?post=148667"}],"curies":[{"name":"wp","href":"https:\/\/api.w.org\/{rel}","templated":true}]}}