{"id":148668,"date":"2021-01-15T10:57:52","date_gmt":"2021-01-15T10:57:52","guid":{"rendered":"https:\/\/codengine3.ch\/?product=import-placeholder-for-205070"},"modified":"2021-01-15T14:38:27","modified_gmt":"2021-01-15T14:38:27","slug":"entre-terre-et-ciel-dvd","status":"publish","type":"product","link":"https:\/\/pizbube.ch\/en\/shop\/entre-terre-et-ciel-dvd\/","title":{"rendered":"Entre Terre et Ciel DVD"},"content":{"rendered":"<p>Ascensions dans le massif du Mont-Blanc et au Cervin.  <\/p>\n<p>&#8218;Le Mont-Blanc est beau, bien s\u00fbr. Je l&#8217;ai gravi de nombreuses fois selon<br \/>\nl&#8217;heure, la couleur du ciel, la forme des corniches et des cr\u00eates &#8211; \u00e0 cause du<br \/>\ntemps et aussi cette sensation d&#8217;altitude &#8211; le Mont-Blanc procure un vif<br \/>\nplaisir.  <\/p>\n<p>Pour le guide, le Mont-Blanc, c&#8217;est son jardin, mais le jardin devient plus<br \/>\nbeau quand on le montre \u00e0 un ami et que cet ami est pris au point qu&#8217;il d\u00e9sire<br \/>\nnon seulement l&#8217;admirer mais en conna\u00eetre les secrets. Personnellement j&#8217;aime<br \/>\nbeaucoup les bivouacs; l\u00e0 seulement on p\u00e9n\u00e8tre un peu le myst\u00e8re de<br \/>\nl&#8217;altitude.<br \/>\nC&#8217;est pourquoi j&#8217;ai tout de suite accept\u00e9 quand Tazieff a formul\u00e9 le d\u00e9sir de<br \/>\npasser la nuit au sommet du Mont-Blanc dans un igloo.&#8216; (Gaston R\u00e9buffat)  <\/p>\n<p>Un film de Gaston R\u00e9buffat et Pierre Tairraz.  <\/p>\n<p>Ce film a obtenu le grand prix au Festival International du film de montagne<br \/>\net d&#8217;exploration de TRENTO en 1961.<br \/>\nSOMMAIRE :<br \/>\n1. Introduction<br \/>\n2. L&#8217;Alpinisme et son histoire<br \/>\n3. Le Cervin avec Paul Beylier<br \/>\n4. Le Massif du Mont-Blanc avec Jean-Fran\u00e7ois Reymon<br \/>\n5. La face Sud de l&#8217;Aiguille du Midi avec Maurice Baquet<br \/>\n6. La travers\u00e9e du Mont Blanc avec Haroun Tazieff<br \/>\n7. Les Drus avec Christian Mollier et Pierre Cretton<br \/>\nBONUS: Biographie de Gaston R\u00e9buffat<br \/>\nL&#8217;Homme et la montagne : 20 photos par Gaston R\u00e9buffat.  <\/p>\n<p>DVD 90 minutes; Version fran\u00e7aise  <\/p>","protected":false},"excerpt":{"rendered":"<ul>\n<li><a href=\"https:\/\/youtu.be\/2_lhkJWiEGc\" target=\"_blank\" rel=\"noopener\">Video: Gaston Rebuffat &#8211; Entre terre et ciel <\/a><\/li>\n<\/ul>","protected":false},"featured_media":33666,"template":"","meta":[],"product_brand":[],"product_cat":[21628],"product_tag":[],"class_list":{"0":"post-148668","1":"product","2":"type-product","3":"status-publish","4":"has-post-thumbnail","6":"product_cat-video-dvd-multimedia","7":"pa_autor-rebuffat-tairraz","8":"pa_erscheinungsjahr-2007-1961","9":"pa_region-frankreich","10":"pa_sprache-fr","12":"first","13":"instock","14":"taxable","15":"shipping-taxable","16":"purchasable","17":"product-type-simple"},"_links":{"self":[{"href":"https:\/\/pizbube.ch\/en\/wp-json\/wp\/v2\/product\/148668","targetHints":{"allow":["GET"]}}],"collection":[{"href":"https:\/\/pizbube.ch\/en\/wp-json\/wp\/v2\/product"}],"about":[{"href":"https:\/\/pizbube.ch\/en\/wp-json\/wp\/v2\/types\/product"}],"wp:featuredmedia":[{"embeddable":true,"href":"https:\/\/pizbube.ch\/en\/wp-json\/wp\/v2\/media\/33666"}],"wp:attachment":[{"href":"https:\/\/pizbube.ch\/en\/wp-json\/wp\/v2\/media?parent=148668"}],"wp:term":[{"taxonomy":"product_brand","embeddable":true,"href":"https:\/\/pizbube.ch\/en\/wp-json\/wp\/v2\/product_brand?post=148668"},{"taxonomy":"product_cat","embeddable":true,"href":"https:\/\/pizbube.ch\/en\/wp-json\/wp\/v2\/product_cat?post=148668"},{"taxonomy":"product_tag","embeddable":true,"href":"https:\/\/pizbube.ch\/en\/wp-json\/wp\/v2\/product_tag?post=148668"}],"curies":[{"name":"wp","href":"https:\/\/api.w.org\/{rel}","templated":true}]}}