{"id":148671,"date":"2021-01-15T10:57:52","date_gmt":"2021-01-15T10:57:52","guid":{"rendered":"https:\/\/codengine3.ch\/?product=import-placeholder-for-200473"},"modified":"2025-05-16T10:45:27","modified_gmt":"2025-05-16T08:45:27","slug":"faszination-bergwiesen-die-schoensten-wiesenlandschaften-der-schweiz","status":"publish","type":"product","link":"https:\/\/pizbube.ch\/en\/shop\/faszination-bergwiesen-die-schoensten-wiesenlandschaften-der-schweiz\/","title":{"rendered":"Faszination Bergwiesen \u2013 Die sch\u00f6nsten Wiesenlandschaften der Schweiz"},"content":{"rendered":"<p>Ob Krokus, Wollgras, Alpenrose oder Eisenhut: Bergwiesen sind Lebensr\u00e4ume fu\u0308r<br \/>\neine Vielfalt von Pflanzen und Tieren \u2013 aber auch seit Jahrhunderten von<br \/>\nBergbewohnern genutzte Kulturlandschaften. Der bekannte Landschaftsfotograf<br \/>\nRoland Gerth hat Bergwiesen der ganzen Schweiz in faszinierenden Bildern<br \/>\nfestgehalten.<\/p>\n<p>Roland Gerth hat den Blick fu\u0308r die Sch\u00f6nheiten des Allt\u00e4glichen. Nach den<br \/>\nBergwassern und Bergw\u00e4ldern hat sich der renommierte Fotograf den Bergwiesen<br \/>\nzugewandt, faszinierenden Lebensr\u00e4umen fu\u0308r Pflanzen und Tiere. Zu allen<br \/>\nJahreszeiten ist er durch die Schweiz gestreift, hat dabei u\u0308berraschende<br \/>\nBilder eingefangen. Zum Beispiel am Chasseral im Jura ein Meer von Krokussen,<br \/>\nbei Ardez im Engadin die Sch\u00f6nheit einer Bergwiese im Sommer, Edelweiss auf<br \/>\ndem Segnesboden in der Surselva oder das Warten der Natur auf den Fru\u0308hling im<br \/>\nLauterbrunnental.<\/p>\n<p>Es sind Aufnahmen, die uns fu\u0308r einen Mikrokosmos begeistern, belebt von<br \/>\nschu\u0308tzenswerten Blumen, Gr\u00e4sern, K\u00e4fern und Insekten, zum Teil aber auch von<br \/>\nalters her genutzt von den Bewohnern der Berge.<\/p>","protected":false},"excerpt":{"rendered":"<p>Ob Krokus, Wollgras, Alpenrose oder Eisenhut: Bergwiesen sind Lebensr\u00e4ume fu\u0308r eine Vielfalt von Pflanzen und Tieren \u2013 aber auch seit Jahrhunderten von Bergbewohnern genutzte Kulturlandschaften. Der bekannte Landschaftsfotograf Roland Gerth hat Bergwiesen der ganzen Schweiz in faszinierenden Bildern festgehalten. Roland Gerth hat den Blick fu\u0308r die Sch\u00f6nheiten des Allt\u00e4glichen. Nach den Bergwassern und Bergw\u00e4ldern hat [&#8230;]\n","protected":false},"featured_media":26983,"template":"","meta":[],"product_brand":[],"product_cat":[21542],"product_tag":[],"class_list":{"0":"post-148671","1":"product","2":"type-product","3":"status-publish","4":"has-post-thumbnail","6":"product_cat-sachbuecher-dokumentationen","7":"pa_autor-gerth-zopfi","8":"pa_erscheinungsjahr-21571","9":"pa_region-schweiz","10":"pa_sprache-de","12":"first","13":"instock","14":"taxable","15":"shipping-taxable","16":"purchasable","17":"product-type-simple"},"_links":{"self":[{"href":"https:\/\/pizbube.ch\/en\/wp-json\/wp\/v2\/product\/148671","targetHints":{"allow":["GET"]}}],"collection":[{"href":"https:\/\/pizbube.ch\/en\/wp-json\/wp\/v2\/product"}],"about":[{"href":"https:\/\/pizbube.ch\/en\/wp-json\/wp\/v2\/types\/product"}],"wp:featuredmedia":[{"embeddable":true,"href":"https:\/\/pizbube.ch\/en\/wp-json\/wp\/v2\/media\/26983"}],"wp:attachment":[{"href":"https:\/\/pizbube.ch\/en\/wp-json\/wp\/v2\/media?parent=148671"}],"wp:term":[{"taxonomy":"product_brand","embeddable":true,"href":"https:\/\/pizbube.ch\/en\/wp-json\/wp\/v2\/product_brand?post=148671"},{"taxonomy":"product_cat","embeddable":true,"href":"https:\/\/pizbube.ch\/en\/wp-json\/wp\/v2\/product_cat?post=148671"},{"taxonomy":"product_tag","embeddable":true,"href":"https:\/\/pizbube.ch\/en\/wp-json\/wp\/v2\/product_tag?post=148671"}],"curies":[{"name":"wp","href":"https:\/\/api.w.org\/{rel}","templated":true}]}}