{"id":148672,"date":"2021-01-15T10:57:53","date_gmt":"2021-01-15T10:57:53","guid":{"rendered":"https:\/\/codengine3.ch\/?product=import-placeholder-for-207482"},"modified":"2021-01-15T16:03:46","modified_gmt":"2021-01-15T16:03:46","slug":"bluetenwanderungen-in-den-schweizer-alpen","status":"publish","type":"product","link":"https:\/\/pizbube.ch\/en\/shop\/bluetenwanderungen-in-den-schweizer-alpen\/","title":{"rendered":"Bl\u00fctenwanderungen in den Schweizer Alpen"},"content":{"rendered":"<p>25 neue Wanderungen zu seltenen Bl\u00fctenpflanzen im Schweizer Alpenraum<\/p>\n<p>Fundierte Informationen zu Lebensraum, Besonderheiten und \u00d6kologie der<br \/>\nPflanzenarten. Mit praktischen Informationen, Karten und vielen Fotos.<\/p>\n<p>Mit diesem Wanderbuch entdecken Sie die aussergew\u00f6hnlichsten und sch\u00f6nsten<br \/>\nBl\u00fctenpflanzen im Schweizer Alpenraum. Dank der angegebenen Bl\u00fchtermine sind<br \/>\nSie zur richtigen Zeit am richtigen Ort.<\/p>\n<p>Die Texte geben Aufschluss \u00fcber die Lebensr\u00e4ume, die \u00d6kologie und die<br \/>\nGef\u00e4hrdung einer Art. Stimmungsvolle Fotografien zeigen die Pflanzen im Detail<br \/>\nund in ihrem<br \/>\nLebensraum sowie die Landschaften, die es zu entdecken gilt. \u00dcbersichtskarten<br \/>\nhelfen bei der Orientierung. Die Auswahl der Ziele reicht von wenig<br \/>\nschwierigen Wanderungen im Talboden bis zu anspruchsvolleren Touren im<br \/>\nGebirge. Ein Wanderbuch f\u00fcr alle, die sich f\u00fcr Natur und Pflanzen<br \/>\ninteressieren und dabei unbekannte Ecken in der Schweiz entdecken m\u00f6chten.<\/p>","protected":false},"excerpt":{"rendered":"<ul>\n<li><b>INFO: Vergriffen, keine Neuauflage\/Nachdruck<b><\/li>\n<\/ul>","protected":false},"featured_media":37612,"template":"","meta":[],"product_brand":[],"product_cat":[21605],"product_tag":[],"class_list":{"0":"post-148672","1":"product","2":"type-product","3":"status-publish","4":"has-post-thumbnail","6":"product_cat-wanderfuehrer-trekking","7":"pa_autor-joss","8":"pa_erscheinungsjahr-21550","9":"pa_region-schweiz","10":"pa_sprache-de","12":"first","13":"outofstock","14":"taxable","15":"shipping-taxable","16":"purchasable","17":"product-type-simple"},"_links":{"self":[{"href":"https:\/\/pizbube.ch\/en\/wp-json\/wp\/v2\/product\/148672","targetHints":{"allow":["GET"]}}],"collection":[{"href":"https:\/\/pizbube.ch\/en\/wp-json\/wp\/v2\/product"}],"about":[{"href":"https:\/\/pizbube.ch\/en\/wp-json\/wp\/v2\/types\/product"}],"wp:featuredmedia":[{"embeddable":true,"href":"https:\/\/pizbube.ch\/en\/wp-json\/wp\/v2\/media\/37612"}],"wp:attachment":[{"href":"https:\/\/pizbube.ch\/en\/wp-json\/wp\/v2\/media?parent=148672"}],"wp:term":[{"taxonomy":"product_brand","embeddable":true,"href":"https:\/\/pizbube.ch\/en\/wp-json\/wp\/v2\/product_brand?post=148672"},{"taxonomy":"product_cat","embeddable":true,"href":"https:\/\/pizbube.ch\/en\/wp-json\/wp\/v2\/product_cat?post=148672"},{"taxonomy":"product_tag","embeddable":true,"href":"https:\/\/pizbube.ch\/en\/wp-json\/wp\/v2\/product_tag?post=148672"}],"curies":[{"name":"wp","href":"https:\/\/api.w.org\/{rel}","templated":true}]}}