{"id":148673,"date":"2021-01-15T10:57:53","date_gmt":"2021-01-15T10:57:53","guid":{"rendered":"https:\/\/codengine3.ch\/?product=import-placeholder-for-204914"},"modified":"2021-01-15T14:37:15","modified_gmt":"2021-01-15T14:37:15","slug":"pflanzenwelt-der-jungfrauregion","status":"publish","type":"product","link":"https:\/\/pizbube.ch\/en\/shop\/pflanzenwelt-der-jungfrauregion\/","title":{"rendered":"Pflanzenwelt der Jungfrauregion"},"content":{"rendered":"<p>Die Jungfrauregion ist nicht nur eine der spektakul\u00e4rsten und landschaftlich<br \/>\nsch\u00f6nsten Regionen im Alpenbogen sondern beherbergt auch eine reichhaltige<br \/>\nFlora und Vegetation, die f\u00fcr die Nordalpen typisch ist. Das vorliegende Buch<br \/>\nstellt die heimischen Vegetationstypen ausf\u00fchrlich vor und ist mit vielen<br \/>\nfaszinierenden Fotos, zahlreichen Karten und Skizzen erg\u00e4nzt. &#8218;Pflanzenwelt<br \/>\nder Jungfrauregion&#8216; f\u00fchrt weiter in die Geologie, Fauna und das Klima der<br \/>\nRegion ein. Die 18 detaillierten Wandervorschl\u00e4ge erlauben dem Leser, den<br \/>\nvorgestellten Naturraum intensiv zu erleben sowie die Vegetation und<br \/>\nzahlreiche attraktive Arten vor Ort selber zu erkennen.  <\/p>","protected":false},"excerpt":{"rendered":"<p>Die Jungfrauregion ist nicht nur eine der spektakul\u00e4rsten und landschaftlich sch\u00f6nsten Regionen im Alpenbogen sondern beherbergt auch eine reichhaltige Flora und Vegetation, die f\u00fcr die Nordalpen typisch ist. Das vorliegende Buch stellt die heimischen Vegetationstypen ausf\u00fchrlich vor und ist mit vielen faszinierenden Fotos, zahlreichen Karten und Skizzen erg\u00e4nzt. &#8218;Pflanzenwelt der Jungfrauregion&#8216; f\u00fchrt weiter in die [&#8230;]\n","protected":false},"featured_media":33460,"template":"","meta":[],"product_brand":[],"product_cat":[21542],"product_tag":[],"class_list":{"0":"post-148673","1":"product","2":"type-product","3":"status-publish","4":"has-post-thumbnail","6":"product_cat-sachbuecher-dokumentationen","7":"pa_autor-kaesermann","8":"pa_erscheinungsjahr-21842","9":"pa_region-fauna-flora-geologie-glaziologie","10":"pa_sprache-de","12":"first","13":"instock","14":"taxable","15":"shipping-taxable","16":"purchasable","17":"product-type-simple"},"_links":{"self":[{"href":"https:\/\/pizbube.ch\/en\/wp-json\/wp\/v2\/product\/148673","targetHints":{"allow":["GET"]}}],"collection":[{"href":"https:\/\/pizbube.ch\/en\/wp-json\/wp\/v2\/product"}],"about":[{"href":"https:\/\/pizbube.ch\/en\/wp-json\/wp\/v2\/types\/product"}],"wp:featuredmedia":[{"embeddable":true,"href":"https:\/\/pizbube.ch\/en\/wp-json\/wp\/v2\/media\/33460"}],"wp:attachment":[{"href":"https:\/\/pizbube.ch\/en\/wp-json\/wp\/v2\/media?parent=148673"}],"wp:term":[{"taxonomy":"product_brand","embeddable":true,"href":"https:\/\/pizbube.ch\/en\/wp-json\/wp\/v2\/product_brand?post=148673"},{"taxonomy":"product_cat","embeddable":true,"href":"https:\/\/pizbube.ch\/en\/wp-json\/wp\/v2\/product_cat?post=148673"},{"taxonomy":"product_tag","embeddable":true,"href":"https:\/\/pizbube.ch\/en\/wp-json\/wp\/v2\/product_tag?post=148673"}],"curies":[{"name":"wp","href":"https:\/\/api.w.org\/{rel}","templated":true}]}}