{"id":148674,"date":"2021-01-15T10:57:53","date_gmt":"2021-01-15T10:57:53","guid":{"rendered":"https:\/\/codengine3.ch\/?product=import-placeholder-for-207832"},"modified":"2021-01-15T16:59:06","modified_gmt":"2021-01-15T16:59:06","slug":"suesse-fruechte-goldenes-korn","status":"publish","type":"product","link":"https:\/\/pizbube.ch\/en\/shop\/suesse-fruechte-goldenes-korn\/","title":{"rendered":"S\u00fcsse Fr\u00fcchte, goldenes Korn"},"content":{"rendered":"<p>\nHeimatschutz unterwegs \u2013 S\u00fcsse Fr\u00fcchte, goldenes Korn. Band 2  <\/p>\n<p>Wandern durch b\u00e4uerliche Kulturlandschaften: Der Schweizer Heimatschutz l\u00e4dt<br \/>\nmit 23 Routenvorschl\u00e4gen dazu ein, die Sch\u00f6nheit und Vielfalt traditioneller<br \/>\nAgrarlandschaften zu entdecken. Viele von ihnen entstanden \u00fcber Jahrhunderte<br \/>\nund sind ein Kulturerbe in starkem Wandel.<\/p>\n<p>Mit \u00dcbersichtsbrosch\u00fcre und 23 Routenbl\u00e4ttern<br \/>\nFormat: 167 x 122 x 33 mm, Routentexte zweisprachig, je nach Region D\/F oder<br \/>\nD\/I, allgemeine Texte dreisprachig D\/F\/I  <\/p>\n<p>Destination Patrimoine \u2013 Fruits m\u00fbrs et bl\u00e9s dor\u00e9s. Volume 2<\/p>\n<p>Battre la campagne: \u00e0 travers 23 itin\u00e9raires, Patrimoine suisse invite \u00e0<br \/>\nd\u00e9couvrir la beaut\u00e9 et la diversit\u00e9 des paysages ruraux traditionnels. Apparus<br \/>\nau fil des si\u00e8cles, nombre d\u2019entre eux sont un patrimoine culturel en profonde<br \/>\nmutation.<\/p>\n<p>Destination Patrimoine. Fruits m\u00fbrs et bl\u00e9s dor\u00e9s<br \/>\nAvec 1 brochure synoptique et 23 feuilles de route<br \/>\nFormat: 167x122x33 mm, textes des itin\u00e9raires en deux langues, F\/D ou D\/I<br \/>\nselon les r\u00e9gions, textes g\u00e9n\u00e9raux en trois langues F\/D\/I  <\/p>","protected":false},"excerpt":{"rendered":"<p>Heimatschutz unterwegs \u2013 S\u00fcsse Fr\u00fcchte, goldenes Korn. Band 2 Wandern durch b\u00e4uerliche Kulturlandschaften: Der Schweizer Heimatschutz l\u00e4dt mit 23 Routenvorschl\u00e4gen dazu ein, die Sch\u00f6nheit und Vielfalt traditioneller Agrarlandschaften zu entdecken. Viele von ihnen entstanden \u00fcber Jahrhunderte und sind ein Kulturerbe in starkem Wandel. Mit \u00dcbersichtsbrosch\u00fcre und 23 Routenbl\u00e4ttern Format: 167 x 122 x 33 mm, [&#8230;]\n","protected":false},"featured_media":38576,"template":"","meta":[],"product_brand":[],"product_cat":[21605],"product_tag":[],"class_list":{"0":"post-148674","1":"product","2":"type-product","3":"status-publish","4":"has-post-thumbnail","6":"product_cat-wanderfuehrer-trekking","7":"pa_autor-heimatschutz","8":"pa_erscheinungsjahr-21586","9":"pa_region-schweiz","10":"pa_sprache-de-fr","12":"first","13":"instock","14":"taxable","15":"shipping-taxable","16":"purchasable","17":"product-type-simple"},"_links":{"self":[{"href":"https:\/\/pizbube.ch\/en\/wp-json\/wp\/v2\/product\/148674","targetHints":{"allow":["GET"]}}],"collection":[{"href":"https:\/\/pizbube.ch\/en\/wp-json\/wp\/v2\/product"}],"about":[{"href":"https:\/\/pizbube.ch\/en\/wp-json\/wp\/v2\/types\/product"}],"wp:featuredmedia":[{"embeddable":true,"href":"https:\/\/pizbube.ch\/en\/wp-json\/wp\/v2\/media\/38576"}],"wp:attachment":[{"href":"https:\/\/pizbube.ch\/en\/wp-json\/wp\/v2\/media?parent=148674"}],"wp:term":[{"taxonomy":"product_brand","embeddable":true,"href":"https:\/\/pizbube.ch\/en\/wp-json\/wp\/v2\/product_brand?post=148674"},{"taxonomy":"product_cat","embeddable":true,"href":"https:\/\/pizbube.ch\/en\/wp-json\/wp\/v2\/product_cat?post=148674"},{"taxonomy":"product_tag","embeddable":true,"href":"https:\/\/pizbube.ch\/en\/wp-json\/wp\/v2\/product_tag?post=148674"}],"curies":[{"name":"wp","href":"https:\/\/api.w.org\/{rel}","templated":true}]}}