{"id":148677,"date":"2021-01-15T10:57:53","date_gmt":"2021-01-15T10:57:53","guid":{"rendered":"https:\/\/codengine3.ch\/?product=import-placeholder-for-200633"},"modified":"2025-06-14T12:42:22","modified_gmt":"2025-06-14T10:42:22","slug":"hornstrandir-155000-1100000-serkort-9","status":"publish","type":"product","link":"https:\/\/pizbube.ch\/en\/shop\/hornstrandir-155000-1100000-serkort-9\/","title":{"rendered":"Hornstrandir 1:55&#8217;000 \/ 1:100&#8217;000 &#8211; S\u00e9rkort 9"},"content":{"rendered":"<p>Wanderkarte Hornstrandir 1:100 000 inkl detailierter Karte von Hornstrandir<br \/>\n1:50 000 auf der R\u00fcckseite<\/p>\n<p>Ausf\u00fchrliche Legende:<br \/>\nHinweise auf Bauernh\u00f6fe, Kirchen, Campingpl\u00e4tze, Schulen, Schwimmb\u00e4der,<br \/>\nSommerh\u00e4user, Golfpl\u00e4tze, Ruinen und verlassene H\u00f6fe.<br \/>\nAsphaltierte Stra\u00dfen, Schotterstra\u00dfen, Pisten, Furte, Stra\u00dfennummern,<br \/>\nWanderwege, Reitwege, Tunnel, F\u00e4hren, Schutzh\u00fctten, Noth\u00fctten,<br \/>\nWasserkraftwerke, Geothermalkraftwerke, Stromleitungen, Leucht\u00fcrme,<br \/>\nFlugpl\u00e4tze, Schafscheidepl\u00e4tze<br \/>\nH\u00f6he in Metern, H\u00f6henlinie 100 m, H\u00f6henlinie 20 m, H\u00f6henlinie auf Gletscher<\/p>","protected":false},"excerpt":{"rendered":"<p>Wanderkarte Hornstrandir 1:100 000 inkl detailierter Karte von Hornstrandir 1:50 000 auf der R\u00fcckseite Ausf\u00fchrliche Legende: Hinweise auf Bauernh\u00f6fe, Kirchen, Campingpl\u00e4tze, Schulen, Schwimmb\u00e4der, Sommerh\u00e4user, Golfpl\u00e4tze, Ruinen und verlassene H\u00f6fe. Asphaltierte Stra\u00dfen, Schotterstra\u00dfen, Pisten, Furte, Stra\u00dfennummern, Wanderwege, Reitwege, Tunnel, F\u00e4hren, Schutzh\u00fctten, Noth\u00fctten, Wasserkraftwerke, Geothermalkraftwerke, Stromleitungen, Leucht\u00fcrme, Flugpl\u00e4tze, Schafscheidepl\u00e4tze H\u00f6he in Metern, H\u00f6henlinie 100 m, H\u00f6henlinie 20 [&#8230;]\n","protected":false},"featured_media":27450,"template":"","meta":[],"product_brand":[],"product_cat":[21543],"product_tag":[],"class_list":{"0":"post-148677","1":"product","2":"type-product","3":"status-publish","4":"has-post-thumbnail","6":"product_cat-landkarten","7":"pa_autor-forlagid","8":"pa_erscheinungsjahr-21830","9":"pa_region-arktis-antarktis-groenland-island","10":"pa_sprache-en-de","12":"first","13":"instock","14":"taxable","15":"shipping-taxable","16":"purchasable","17":"product-type-simple"},"_links":{"self":[{"href":"https:\/\/pizbube.ch\/en\/wp-json\/wp\/v2\/product\/148677","targetHints":{"allow":["GET"]}}],"collection":[{"href":"https:\/\/pizbube.ch\/en\/wp-json\/wp\/v2\/product"}],"about":[{"href":"https:\/\/pizbube.ch\/en\/wp-json\/wp\/v2\/types\/product"}],"wp:featuredmedia":[{"embeddable":true,"href":"https:\/\/pizbube.ch\/en\/wp-json\/wp\/v2\/media\/27450"}],"wp:attachment":[{"href":"https:\/\/pizbube.ch\/en\/wp-json\/wp\/v2\/media?parent=148677"}],"wp:term":[{"taxonomy":"product_brand","embeddable":true,"href":"https:\/\/pizbube.ch\/en\/wp-json\/wp\/v2\/product_brand?post=148677"},{"taxonomy":"product_cat","embeddable":true,"href":"https:\/\/pizbube.ch\/en\/wp-json\/wp\/v2\/product_cat?post=148677"},{"taxonomy":"product_tag","embeddable":true,"href":"https:\/\/pizbube.ch\/en\/wp-json\/wp\/v2\/product_tag?post=148677"}],"curies":[{"name":"wp","href":"https:\/\/api.w.org\/{rel}","templated":true}]}}