{"id":148679,"date":"2021-01-15T10:57:53","date_gmt":"2021-01-15T10:57:53","guid":{"rendered":"https:\/\/codengine3.ch\/?product=import-placeholder-for-207707"},"modified":"2022-09-06T11:54:38","modified_gmt":"2022-09-06T09:54:38","slug":"wandern-wie-gemalt-graubuenden","status":"publish","type":"product","link":"https:\/\/pizbube.ch\/en\/shop\/wandern-wie-gemalt-graubuenden\/","title":{"rendered":"Wandern wie gemalt &#8211; Graub\u00fcnden"},"content":{"rendered":"<p>Auf den Spuren bekannter Gem\u00e4lde<\/p>\n<p>Die atemberaubende Schlucht der Viamala, die sanfte Weite der Lenzerheide, die<br \/>\nunverwechselbaren Farben des Engadins oder die den S\u00fcden verhei\u00dfenden Gipfel<br \/>\ndes Bergells \u2013 die Landschaft Graub\u00fcndens ist so vielf\u00e4ltig wie die Kunst, die<br \/>\nvon ihr inspiriert ist. Die 14 Wanderungen in diesem Buch f\u00fchren durch die<br \/>\nunterschiedlichsten Regionen, hin zu 22 Standorten bekannter und weniger<br \/>\nbekannter Gem\u00e4lde, Skizzen, Stiche und eing\u00e4ngiger Tourismusplakate.<\/p>\n<p>Die Autoren laden ein zu intensiven Begegnungen mit Giovanni Segantini, den<br \/>\ndrei Giacometti, Ernst Ludwig Kirchner, Alois Carigiet \u2013 aber auch zu<br \/>\n\u00fcberraschenden Entdeckungen: ein Landschaftsbild des deutschen Malers Otto Dix<br \/>\noder Ansichten des Unterengadins des in Vergessenheit geratenen Malers Edgar<br \/>\nVital aus Ftan.<\/p>\n<p>Entlang abwechslungsreicher Wanderrouten \u2013 auch f\u00fcr den Winter \u2013 stellt Ruth<br \/>\nMichel Richter die Ku\u00a8nstler, ihre Beziehung zur Region und ihre Bedeutung in<br \/>\nder Kunstentwicklung ihrer Zeit vor. Den Abbildungen aus einer Zeitspanne von<br \/>\nzweihundert Jahren stehen Konrad Richters aktuelle Fotografien gegen\u00fcber, was<br \/>\nzu faszinierenden und \u00fcberraschenden Einsichten f\u00fchrt.<\/p>\n<p>2. Auflage 2015; 432 Seiten,<br \/>\nMit zahlreichen Abbildungen und Fotos, Routenskizzen und Serviceteil<\/p>","protected":false},"excerpt":{"rendered":"<p>Auf den Spuren bekannter Gem\u00e4lde Die atemberaubende Schlucht der Viamala, die sanfte Weite der Lenzerheide, die unverwechselbaren Farben des Engadins oder die den S\u00fcden verhei\u00dfenden Gipfel des Bergells \u2013 die Landschaft Graub\u00fcndens ist so vielf\u00e4ltig wie die Kunst, die von ihr inspiriert ist. Die 14 Wanderungen in diesem Buch f\u00fchren durch die unterschiedlichsten Regionen, hin [&#8230;]\n","protected":false},"featured_media":163457,"template":"","meta":[],"product_brand":[],"product_cat":[21605],"product_tag":[],"class_list":{"0":"post-148679","1":"product","2":"type-product","3":"status-publish","4":"has-post-thumbnail","6":"product_cat-wanderfuehrer-trekking","7":"pa_autor-richter","8":"pa_erscheinungsjahr-21597","9":"pa_region-schweiz","10":"pa_sprache-de","12":"first","13":"instock","14":"taxable","15":"shipping-taxable","16":"purchasable","17":"product-type-simple"},"_links":{"self":[{"href":"https:\/\/pizbube.ch\/en\/wp-json\/wp\/v2\/product\/148679","targetHints":{"allow":["GET"]}}],"collection":[{"href":"https:\/\/pizbube.ch\/en\/wp-json\/wp\/v2\/product"}],"about":[{"href":"https:\/\/pizbube.ch\/en\/wp-json\/wp\/v2\/types\/product"}],"wp:featuredmedia":[{"embeddable":true,"href":"https:\/\/pizbube.ch\/en\/wp-json\/wp\/v2\/media\/163457"}],"wp:attachment":[{"href":"https:\/\/pizbube.ch\/en\/wp-json\/wp\/v2\/media?parent=148679"}],"wp:term":[{"taxonomy":"product_brand","embeddable":true,"href":"https:\/\/pizbube.ch\/en\/wp-json\/wp\/v2\/product_brand?post=148679"},{"taxonomy":"product_cat","embeddable":true,"href":"https:\/\/pizbube.ch\/en\/wp-json\/wp\/v2\/product_cat?post=148679"},{"taxonomy":"product_tag","embeddable":true,"href":"https:\/\/pizbube.ch\/en\/wp-json\/wp\/v2\/product_tag?post=148679"}],"curies":[{"name":"wp","href":"https:\/\/api.w.org\/{rel}","templated":true}]}}