{"id":148680,"date":"2021-01-15T10:57:53","date_gmt":"2021-01-15T10:57:53","guid":{"rendered":"https:\/\/codengine3.ch\/?product=import-placeholder-for-201569"},"modified":"2021-01-15T12:02:48","modified_gmt":"2021-01-15T12:02:48","slug":"liebesbriefe-aus-dem-engadin-dvd","status":"publish","type":"product","link":"https:\/\/pizbube.ch\/en\/shop\/liebesbriefe-aus-dem-engadin-dvd\/","title":{"rendered":"Liebesbriefe aus dem Engadin (DVD)"},"content":{"rendered":"<p>Klassiker aus dem Jahre 1939: Skifahren, Klettern und nat\u00fcrlich eine<br \/>\nLiebesgeschichte im Engadin&#8230;  <\/p>\n<p>Eigentlich eine geniale Idee! Ein Hotelbesitzer aus dem Engadin verschickt<br \/>\nLiebesbriefe an verm\u00f6gende Damen in aller Welt, unterschrieben von Toni<br \/>\nAnewanter, dem \u00e4usserst beliebten Bergf\u00fchrer und Skilehrer. Den ahnungslosen<br \/>\nToni bringt der Ansturm der Damen in der neuen Saison schon ein wenig in<br \/>\nVerwirrung, zumal alle seltsame Andeutungen machen, die er aber nicht deuten<br \/>\nkann. Doch dann fliegt der Schwindel auf. Aber der Dumme ist Toni, denn seine<br \/>\nBraut verl\u00e4sst ihn erz\u00fcrnt und der vermeintliche Heiratsschwindler wird per<br \/>\nHaftbefehl gesucht&#8230;<br \/>\n(97 min.;DVD)  <\/p>","protected":false},"excerpt":{"rendered":"<p>Klassiker aus dem Jahre 1939: Skifahren, Klettern und nat\u00fcrlich eine Liebesgeschichte im Engadin&#8230; Eigentlich eine geniale Idee! Ein Hotelbesitzer aus dem Engadin verschickt Liebesbriefe an verm\u00f6gende Damen in aller Welt, unterschrieben von Toni Anewanter, dem \u00e4usserst beliebten Bergf\u00fchrer und Skilehrer. Den ahnungslosen Toni bringt der Ansturm der Damen in der neuen Saison schon ein wenig [&#8230;]\n","protected":false},"featured_media":28937,"template":"","meta":[],"product_brand":[],"product_cat":[21628],"product_tag":[],"class_list":{"0":"post-148680","1":"product","2":"type-product","3":"status-publish","4":"has-post-thumbnail","6":"product_cat-video-dvd-multimedia","7":"pa_autor-trenker","8":"pa_erscheinungsjahr-21830","9":"pa_region-schweiz","10":"pa_sprache-de","12":"first","13":"instock","14":"taxable","15":"shipping-taxable","16":"purchasable","17":"product-type-simple"},"_links":{"self":[{"href":"https:\/\/pizbube.ch\/en\/wp-json\/wp\/v2\/product\/148680","targetHints":{"allow":["GET"]}}],"collection":[{"href":"https:\/\/pizbube.ch\/en\/wp-json\/wp\/v2\/product"}],"about":[{"href":"https:\/\/pizbube.ch\/en\/wp-json\/wp\/v2\/types\/product"}],"wp:featuredmedia":[{"embeddable":true,"href":"https:\/\/pizbube.ch\/en\/wp-json\/wp\/v2\/media\/28937"}],"wp:attachment":[{"href":"https:\/\/pizbube.ch\/en\/wp-json\/wp\/v2\/media?parent=148680"}],"wp:term":[{"taxonomy":"product_brand","embeddable":true,"href":"https:\/\/pizbube.ch\/en\/wp-json\/wp\/v2\/product_brand?post=148680"},{"taxonomy":"product_cat","embeddable":true,"href":"https:\/\/pizbube.ch\/en\/wp-json\/wp\/v2\/product_cat?post=148680"},{"taxonomy":"product_tag","embeddable":true,"href":"https:\/\/pizbube.ch\/en\/wp-json\/wp\/v2\/product_tag?post=148680"}],"curies":[{"name":"wp","href":"https:\/\/api.w.org\/{rel}","templated":true}]}}