{"id":148682,"date":"2021-01-15T10:57:53","date_gmt":"2021-01-15T10:57:53","guid":{"rendered":"https:\/\/codengine3.ch\/?product=import-placeholder-for-202772"},"modified":"2026-01-16T10:03:41","modified_gmt":"2026-01-16T09:03:41","slug":"alle-farben-des-schnees","status":"publish","type":"product","link":"https:\/\/pizbube.ch\/en\/shop\/alle-farben-des-schnees\/","title":{"rendered":"Alle Farben des Schnees"},"content":{"rendered":"<p>Senter Tagebuch<\/p>\n<p>Wie lebt es sich an einem Sehnsuchtsort? Ferienorte sind fl\u00fcchtige Heimat. Oft<br \/>\nverbinden sie sich mit dem Wunsch, f\u00fcr immer bleiben zu k\u00f6nnen. Und doch<br \/>\nreisen wir ab. In der Regel. Die Reporterin und Romanautorin Angelika Overath<br \/>\nhat sich, zusammen mit ihrem Mann und dem j\u00fcngsten Sohn, aufgemacht, aus einem<br \/>\nTraum Realit\u00e4t werden zu lassen. Die Familie ist nach Sent ins Unterengadin<br \/>\ngezogen. Ihr Buch erz\u00e4hlt, wie sich Wahrnehmungen und Lebensweise \u00e4ndern, wenn<br \/>\ndas Feriendorf in den Bergen zum festen Wohnort wird.<\/p>\n<p>Jeder von uns hat einen Sehnsuchtsort. Aber kann man dort zu Hause sein? Was<br \/>\ngeschieht, wenn eine Familie sich entschlie\u00dft, von T\u00fcbingen ins Unterengadin<br \/>\nzu ziehen, nach Sent, ein Dorf auf einer Sonnenterrasse, 1430 Meter \u00fcber dem<br \/>\nInn? Verbraucht sich die Sch\u00f6nheit? Die hohen Berge, hinter denen schon<br \/>\nItalien liegt, sind nun Alltag, genauso wie die wunderbaren Juni-Wiesen vor<br \/>\ndem ersten Schnitt, die Bauernh\u00e4user mit den Sgraffito-Fassaden, die alten<br \/>\nPalazzi der Zuckerb\u00e4cker, die Brunnen, an denen Teppiche gewaschen werden.<br \/>\nSechs Monate im Jahr Schnee geh\u00f6ren ebenso dazu wie das Erlernen einer<br \/>\nbedrohten Sprache: R\u00e4toromanisch, die Muttersprache der Einheimischen, f\u00fcr den<br \/>\nkleinen Sohn nun die Unterrichtssprache in der Schule. Aber wie buchstabiert<br \/>\nsich das Leben in der konkreten Utopie? Die Familie nimmt Neues wahr und wird<br \/>\nneu wahrgenommen. Mit dem ruhigen Blick der Reporterin beobachtet Angelika<br \/>\nOverath, wie ein vertrautes Ferienparadies zur neuen Wohnadresse wird. Es ist<br \/>\nm\u00f6glich, sein Leben zu \u00e4ndern. Und vielleicht zeigt sich im andern Land eine<br \/>\nSchnittmenge Heimat.<br \/>\nTaschenbuchausgabe<\/p>","protected":false},"excerpt":{"rendered":"<p>Senter Tagebuch Wie lebt es sich an einem Sehnsuchtsort? Ferienorte sind fl\u00fcchtige Heimat. Oft verbinden sie sich mit dem Wunsch, f\u00fcr immer bleiben zu k\u00f6nnen. Und doch reisen wir ab. In der Regel. Die Reporterin und Romanautorin Angelika Overath hat sich, zusammen mit ihrem Mann und dem j\u00fcngsten Sohn, aufgemacht, aus einem Traum Realit\u00e4t werden [&#8230;]\n","protected":false},"featured_media":182691,"template":"","meta":[],"product_brand":[],"product_cat":[21629],"product_tag":[],"class_list":{"0":"post-148682","1":"product","2":"type-product","3":"status-publish","4":"has-post-thumbnail","6":"product_cat-belletristik","7":"pa_autor-overath","8":"pa_erscheinungsjahr-21621","9":"pa_region-schweiz","10":"pa_sprache-de","12":"first","13":"instock","14":"taxable","15":"shipping-taxable","16":"purchasable","17":"product-type-simple"},"_links":{"self":[{"href":"https:\/\/pizbube.ch\/en\/wp-json\/wp\/v2\/product\/148682","targetHints":{"allow":["GET"]}}],"collection":[{"href":"https:\/\/pizbube.ch\/en\/wp-json\/wp\/v2\/product"}],"about":[{"href":"https:\/\/pizbube.ch\/en\/wp-json\/wp\/v2\/types\/product"}],"wp:featuredmedia":[{"embeddable":true,"href":"https:\/\/pizbube.ch\/en\/wp-json\/wp\/v2\/media\/182691"}],"wp:attachment":[{"href":"https:\/\/pizbube.ch\/en\/wp-json\/wp\/v2\/media?parent=148682"}],"wp:term":[{"taxonomy":"product_brand","embeddable":true,"href":"https:\/\/pizbube.ch\/en\/wp-json\/wp\/v2\/product_brand?post=148682"},{"taxonomy":"product_cat","embeddable":true,"href":"https:\/\/pizbube.ch\/en\/wp-json\/wp\/v2\/product_cat?post=148682"},{"taxonomy":"product_tag","embeddable":true,"href":"https:\/\/pizbube.ch\/en\/wp-json\/wp\/v2\/product_tag?post=148682"}],"curies":[{"name":"wp","href":"https:\/\/api.w.org\/{rel}","templated":true}]}}