{"id":148683,"date":"2021-01-15T10:57:53","date_gmt":"2021-01-15T10:57:53","guid":{"rendered":"https:\/\/codengine3.ch\/?product=import-placeholder-for-200852"},"modified":"2022-11-16T09:42:11","modified_gmt":"2022-11-16T08:42:11","slug":"der-himmel-schon-suedlich-die-luft-aber-frisch","status":"publish","type":"product","link":"https:\/\/pizbube.ch\/en\/shop\/der-himmel-schon-suedlich-die-luft-aber-frisch\/","title":{"rendered":"Der Himmel schon s\u00fcdlich, die Luft aber frisch"},"content":{"rendered":"<p>Das Schwergewicht von Kurt Wanners aussergew\u00f6hnlicher Publikation gilt den<br \/>\nKulturschaffenden &#8211; Maler, Schriftsteller, Musiker und Philosophen -, die im<br \/>\n19. und vor allem zu Beginn des 20. Jahrhunderts ein bedeutendes, zeitweise<br \/>\nsogar pr\u00e4gendes Segment unter den Reisenden und Ferieng\u00e4sten in Graub\u00fcnden<br \/>\ngebildet haben.<\/p>\n<p>Eine ungeahnte F\u00fclle von bisher unbekannten Daten, Geschichten<br \/>\nund Episoden &#8211; und damit auch von Zusammenh\u00e4ngen &#8211; wurde vom Autor in<br \/>\njahrelanger Vorarbeit zusammengetragen und ausgewertet. Entstanden ist auf<br \/>\ndiese Weise ein spezielles, mit teils bisher unbekannten dokumentarischen<br \/>\nAbbildungen treffend illustriertes Kapitel europ\u00e4ischer Kulturgeschichte in<br \/>\nGraub\u00fcnden, das nicht nur umfassend \u00fcber diese Zeit informiert, sondern auch<br \/>\nein Lesevergn\u00fcgen in hohem Mass bietet.<\/p>\n<p>\u00dcberarbeitete und korrigierte Neuauflage 2006, 160 Abbildungen, 656 Seiten,<br \/>\nteils farbig, gebunden mit Schutzumschlag<\/p>","protected":false},"excerpt":{"rendered":"<p>Das Schwergewicht von Kurt Wanners aussergew\u00f6hnlicher Publikation gilt den Kulturschaffenden &#8211; Maler, Schriftsteller, Musiker und Philosophen -, die im 19. und vor allem zu Beginn des 20. Jahrhunderts ein bedeutendes, zeitweise sogar pr\u00e4gendes Segment unter den Reisenden und Ferieng\u00e4sten in Graub\u00fcnden gebildet haben. Eine ungeahnte F\u00fclle von bisher unbekannten Daten, Geschichten und Episoden &#8211; und [&#8230;]\n","protected":false},"featured_media":27940,"template":"","meta":[],"product_brand":[],"product_cat":[21580],"product_tag":[],"class_list":{"0":"post-148683","1":"product","2":"type-product","3":"status-publish","4":"has-post-thumbnail","6":"product_cat-kunst-kultur","7":"pa_autor-wanner","8":"pa_erscheinungsjahr-21763","9":"pa_region-schweiz","10":"pa_sprache-de","12":"first","13":"instock","14":"taxable","15":"shipping-taxable","16":"purchasable","17":"product-type-simple"},"_links":{"self":[{"href":"https:\/\/pizbube.ch\/en\/wp-json\/wp\/v2\/product\/148683","targetHints":{"allow":["GET"]}}],"collection":[{"href":"https:\/\/pizbube.ch\/en\/wp-json\/wp\/v2\/product"}],"about":[{"href":"https:\/\/pizbube.ch\/en\/wp-json\/wp\/v2\/types\/product"}],"wp:featuredmedia":[{"embeddable":true,"href":"https:\/\/pizbube.ch\/en\/wp-json\/wp\/v2\/media\/27940"}],"wp:attachment":[{"href":"https:\/\/pizbube.ch\/en\/wp-json\/wp\/v2\/media?parent=148683"}],"wp:term":[{"taxonomy":"product_brand","embeddable":true,"href":"https:\/\/pizbube.ch\/en\/wp-json\/wp\/v2\/product_brand?post=148683"},{"taxonomy":"product_cat","embeddable":true,"href":"https:\/\/pizbube.ch\/en\/wp-json\/wp\/v2\/product_cat?post=148683"},{"taxonomy":"product_tag","embeddable":true,"href":"https:\/\/pizbube.ch\/en\/wp-json\/wp\/v2\/product_tag?post=148683"}],"curies":[{"name":"wp","href":"https:\/\/api.w.org\/{rel}","templated":true}]}}