{"id":148684,"date":"2021-01-15T10:57:53","date_gmt":"2021-01-15T10:57:53","guid":{"rendered":"https:\/\/codengine3.ch\/?product=import-placeholder-for-206659"},"modified":"2021-01-15T14:50:36","modified_gmt":"2021-01-15T14:50:36","slug":"dem-sueden-verschwistert","status":"publish","type":"product","link":"https:\/\/pizbube.ch\/en\/shop\/dem-sueden-verschwistert\/","title":{"rendered":"Dem S\u00fcden verschwistert"},"content":{"rendered":"<p>\nEin literarisches Wanderbuch zum Engadin zwischen Zuoz, Maloja und<br \/>\nBerninapass, mit zahlreichen Fotos und Wanderrouten.  <\/p>\n<p>&#8218;Dem S\u00fcden verschwistert&#8216;, schrieb Annemarie Schwarzenbach \u00fcber das<br \/>\nOberengadin und machte es zu ihrer zweiten Heimat. Seit 150 Jahren ist das<br \/>\nHochtal magischer Anziehungspunkt f\u00fcr Schriftsteller und Intellek\u00adtuelle,<br \/>\nFreigeister und literarische Aristokraten.<br \/>\nOb auf Murmeljagd mit Ulrich Becher, Im Dienst Ihrer Majest\u00e4t mit Ian Fleming,<br \/>\n\u00fcber den Albula mit Hermann Hesse oder unter Schmetterlingen mit Vladimir<br \/>\nNabokov \u2013 die literarischen Spuren zwischen S-chanf, Maloja und dem Lago<br \/>\nBianco sind vielf\u00e4ltig.  <\/p>\n<p>Der Autor zeigt uns Orte, die von Bekannten aus Literatur- und<br \/>\nKulturgeschichte besungen, beschrieben oder verflucht wurden \u2013 Friedrich<br \/>\nNietzsche, Thomas Mann, Max Frisch, Annemarie Schwarzenbach, Richard Wagner,<br \/>\nCarl Zuckmayer, Clara Schumann und viele mehr; er erinnert aber auch an<br \/>\nvergessene Episoden: B\u00e9la Bart\u00f3k auf dem Piz Languard oder Rodolphe Toepffer<br \/>\nam Sassal Mason.<\/p>\n<p>12 Wanderungen stellt der Autor vor: gem\u00fctliche Hotelwanderungen im Tal,<br \/>\nbekannte Oberengadiner Klassiker wie das Rosegtal und der Lej Nair, aber auch<br \/>\nanspruchsvollere Touren wie der Piz Lunghin oder der Fornogletscher. F\u00fcr die<br \/>\nmeisten Wanderungen schl\u00e4gt der Autor Wintervarianten vor.<br \/>\nZahlreiche historische Bilder und aktuelle Fotos von Thomas Burla erg\u00e4nzen den<br \/>\nBand.<\/p>","protected":false},"excerpt":{"rendered":"<p>Ein literarisches Wanderbuch zum Engadin zwischen Zuoz, Maloja und Berninapass, mit zahlreichen Fotos und Wanderrouten. &#8218;Dem S\u00fcden verschwistert&#8216;, schrieb Annemarie Schwarzenbach \u00fcber das Oberengadin und machte es zu ihrer zweiten Heimat. Seit 150 Jahren ist das Hochtal magischer Anziehungspunkt f\u00fcr Schriftsteller und Intellek\u00adtuelle, Freigeister und literarische Aristokraten. Ob auf Murmeljagd mit Ulrich Becher, Im Dienst [&#8230;]\n","protected":false},"featured_media":35764,"template":"","meta":[],"product_brand":[],"product_cat":[21605],"product_tag":[],"class_list":{"0":"post-148684","1":"product","2":"type-product","3":"status-publish","4":"has-post-thumbnail","6":"product_cat-wanderfuehrer-trekking","7":"pa_autor-stokar","8":"pa_erscheinungsjahr-21610","9":"pa_region-schweiz","10":"pa_sprache-de","12":"first","13":"instock","14":"taxable","15":"shipping-taxable","16":"purchasable","17":"product-type-simple"},"_links":{"self":[{"href":"https:\/\/pizbube.ch\/en\/wp-json\/wp\/v2\/product\/148684","targetHints":{"allow":["GET"]}}],"collection":[{"href":"https:\/\/pizbube.ch\/en\/wp-json\/wp\/v2\/product"}],"about":[{"href":"https:\/\/pizbube.ch\/en\/wp-json\/wp\/v2\/types\/product"}],"wp:featuredmedia":[{"embeddable":true,"href":"https:\/\/pizbube.ch\/en\/wp-json\/wp\/v2\/media\/35764"}],"wp:attachment":[{"href":"https:\/\/pizbube.ch\/en\/wp-json\/wp\/v2\/media?parent=148684"}],"wp:term":[{"taxonomy":"product_brand","embeddable":true,"href":"https:\/\/pizbube.ch\/en\/wp-json\/wp\/v2\/product_brand?post=148684"},{"taxonomy":"product_cat","embeddable":true,"href":"https:\/\/pizbube.ch\/en\/wp-json\/wp\/v2\/product_cat?post=148684"},{"taxonomy":"product_tag","embeddable":true,"href":"https:\/\/pizbube.ch\/en\/wp-json\/wp\/v2\/product_tag?post=148684"}],"curies":[{"name":"wp","href":"https:\/\/api.w.org\/{rel}","templated":true}]}}