{"id":148685,"date":"2021-01-15T10:57:53","date_gmt":"2021-01-15T10:57:53","guid":{"rendered":"https:\/\/codengine3.ch\/?product=import-placeholder-for-207427"},"modified":"2024-09-04T17:31:58","modified_gmt":"2024-09-04T15:31:58","slug":"das-grosse-buch-vom-engadin","status":"publish","type":"product","link":"https:\/\/pizbube.ch\/en\/shop\/das-grosse-buch-vom-engadin\/","title":{"rendered":"Das grosse Buch vom Engadin"},"content":{"rendered":"<p>Es ist nicht nur das Format, welches diesem Bildband den Titel gab. Es sind<br \/>\nvielmehr die beeindruckenden Panorama-Fotografien von knapp einem Meter L\u00e4nge<br \/>\nmit den grossartigen, schroffen bis lieblichen Berglandschaften und den<br \/>\nidyllischen Bergd\u00f6rfern welche dem Buch zu seinem Namen verhalfen. Die Namen<br \/>\nder Berggipfel und deren H\u00f6henmeter sind am Bildrand angegeben. Texte in<br \/>\nDeutsch, Englisch, Italienisch, Franz\u00f6sisch und Japanisch gebeninteressante<br \/>\nHinweise.<\/p>\n<p>Die Doppelseitigen Rundum- und Panorama-Aufnahmen dokumentieren auf<br \/>\neindr\u00fcckliche Weise die Vielfalt undEinzigartigkeit des Engadins. Zu allen<br \/>\nJahreszeiten hat das Tal eine Ausstrahlung welche seinesgleichen sucht. Es<br \/>\nsind Kontraste, die so nahe beieinander unvergesslich bleiben. Eingetaucht in<br \/>\nein ganz besonderes Licht verbindet all die Gegens\u00e4tze dieser Bergwelt eine<br \/>\nbeinahe mystische Harmonie. Das Engadin ist das gr\u00f6sste und l\u00e4ngste besiedelte<br \/>\nAlpental in dieser H\u00f6henlage. Die knapp 100 Kilometer lange Talsohle neigt<br \/>\nsich zwischen Maloja und Martina-Vinadi von 1815 m auf 1038 m.<\/p>\n<p>Im Oberengadin wird das weite, offene Tal mit seine spiegelnden Seen, von<br \/>\nGletschern und Bergriesen umrahmt, welche mit dem Piz Bernina gar eine H\u00f6he<br \/>\nvon 4049 m erreichen. Das \u00fcber weite Teile enge Unterengadin mit seinen wilden<br \/>\nSchluchten und Schr\u00fcnden, mit malerischen D\u00f6rfern auf seinen Sonnenterrassen,<br \/>\nhat ein viel milderes Klima. Hier finden wir auch Getreidefelder \u00fcberragt von<br \/>\nweissen Firnspitzen, eingebettet in die Berglandschaft mit lichten L\u00e4rchen-<br \/>\nund uralten Arvenw\u00e4ldern an den Bergh\u00e4ngen.<\/p>\n<p>Grossbildband, 49 x 22,5 cm, 96 Seiten, gebunden mit 48 eindr\u00fccklichen<br \/>\nPanorama-Aufnahmen.<br \/>\n\u00dcberarbeite 4. Auflage mit 14 neuen Panorama-Fotografien und neuer<br \/>\nUmschlaggestaltung.<\/p>","protected":false},"excerpt":{"rendered":"<p>Es ist nicht nur das Format, welches diesem Bildband den Titel gab. Es sind vielmehr die beeindruckenden Panorama-Fotografien von knapp einem Meter L\u00e4nge mit den grossartigen, schroffen bis lieblichen Berglandschaften und den idyllischen Bergd\u00f6rfern welche dem Buch zu seinem Namen verhalfen. Die Namen der Berggipfel und deren H\u00f6henmeter sind am Bildrand angegeben. Texte in Deutsch, [&#8230;]\n","protected":false},"featured_media":174744,"template":"","meta":[],"product_brand":[],"product_cat":[21542],"product_tag":[],"class_list":{"0":"post-148685","1":"product","2":"type-product","3":"status-publish","4":"has-post-thumbnail","6":"product_cat-sachbuecher-dokumentationen","7":"pa_autor-weiss","8":"pa_erscheinungsjahr-21546","9":"pa_region-schweiz","10":"pa_sprache-de-it-en-fr-jp","12":"first","13":"onbackorder","14":"taxable","15":"shipping-taxable","16":"purchasable","17":"product-type-simple"},"_links":{"self":[{"href":"https:\/\/pizbube.ch\/en\/wp-json\/wp\/v2\/product\/148685","targetHints":{"allow":["GET"]}}],"collection":[{"href":"https:\/\/pizbube.ch\/en\/wp-json\/wp\/v2\/product"}],"about":[{"href":"https:\/\/pizbube.ch\/en\/wp-json\/wp\/v2\/types\/product"}],"wp:featuredmedia":[{"embeddable":true,"href":"https:\/\/pizbube.ch\/en\/wp-json\/wp\/v2\/media\/174744"}],"wp:attachment":[{"href":"https:\/\/pizbube.ch\/en\/wp-json\/wp\/v2\/media?parent=148685"}],"wp:term":[{"taxonomy":"product_brand","embeddable":true,"href":"https:\/\/pizbube.ch\/en\/wp-json\/wp\/v2\/product_brand?post=148685"},{"taxonomy":"product_cat","embeddable":true,"href":"https:\/\/pizbube.ch\/en\/wp-json\/wp\/v2\/product_cat?post=148685"},{"taxonomy":"product_tag","embeddable":true,"href":"https:\/\/pizbube.ch\/en\/wp-json\/wp\/v2\/product_tag?post=148685"}],"curies":[{"name":"wp","href":"https:\/\/api.w.org\/{rel}","templated":true}]}}