{"id":148686,"date":"2021-01-15T10:57:53","date_gmt":"2021-01-15T10:57:53","guid":{"rendered":"https:\/\/codengine3.ch\/?product=import-placeholder-for-207473"},"modified":"2021-01-15T16:03:38","modified_gmt":"2021-01-15T16:03:38","slug":"steiners-postauto-eine-bildgeschichte","status":"publish","type":"product","link":"https:\/\/pizbube.ch\/en\/shop\/steiners-postauto-eine-bildgeschichte\/","title":{"rendered":"Steiners Postauto &#8211; Eine Bildgeschichte"},"content":{"rendered":"<p>\nIntellektuelle Autobiografie und Reflexion \u00fcber die Entwicklung des Engadins<br \/>\nim 20. Jahrhundert.<\/p>\n<p>Steiners Postauto ist eine Kultur-, Mentalit\u00e4ts- und Sozialgeschichte des<br \/>\nEngadins. Recherchiert und geschrieben hat sie der bekannte, 2019 verstorbene<br \/>\nSchweizer Architekt Marcel Meili. Ausgangspunkt ist ein Originalabzug der<br \/>\nAufnahme Postauto ob Silvaplana des legend\u00e4ren Fotografen Albert Steiner, die<br \/>\nMeili seinem 92-j\u00e4hrigen Vater geschenkt hatte. Damit verband er die Recherche<br \/>\nund das Sinnieren \u00fcber die Ver\u00e4nderung des Blicks, der Wahrnehmung, der<br \/>\nVerkehrsinfrastruktur, des sozialen Raums und des Freizeit- und Alpentourismus<br \/>\nder Region, in der seine Eltern eine zweite Heimat gefunden hatten.  <\/p>\n<p>So entstand eine h\u00f6chst anregende, sehr pers\u00f6nlich gehaltene Betrachtung \u00fcber<br \/>\ndas Hochtal Engadin und seine Entwicklung angesichts von Tourismus und<br \/>\nverkehrskultureller Erschliessung im 20. Jahrhundert. Zugleich ist Steiners<br \/>\nPostauto auch eine Art intellektuelle Autobiografie Marcel Meilis, in der<br \/>\ndieser \u00fcber seine eigenen famili\u00e4ren und Mentalit\u00e4ts-Pr\u00e4gungen nachdenkt. Wir<br \/>\nverlegen dieses Buch, das Meili 2007 nur als Privatdruck f\u00fcr seine Eltern und<br \/>\neinen engen Freundeskreis publiziert hatte, zum ersten Todestag Marcel Meilis<br \/>\nim M\u00e4rz 2020.  <\/p>\n<p>Marcel Meili (1953\u20132019) war einer der wichtigsten Architekten der Schweiz und<br \/>\neiner der Wortf\u00fchrer im architektonischen und urbanen Diskurs des Landes.  <\/p>\n<p>1. Auflage, 2020; Gebunden<br \/>\n124 Seiten, 121 farbige und 86 sw Abbildungen; 18 x 24 cm<\/p>","protected":false},"excerpt":{"rendered":"<p>Intellektuelle Autobiografie und Reflexion \u00fcber die Entwicklung des Engadins im 20. Jahrhundert. Steiners Postauto ist eine Kultur-, Mentalit\u00e4ts- und Sozialgeschichte des Engadins. Recherchiert und geschrieben hat sie der bekannte, 2019 verstorbene Schweizer Architekt Marcel Meili. Ausgangspunkt ist ein Originalabzug der Aufnahme Postauto ob Silvaplana des legend\u00e4ren Fotografen Albert Steiner, die Meili seinem 92-j\u00e4hrigen Vater geschenkt [&#8230;]\n","protected":false},"featured_media":37573,"template":"","meta":[],"product_brand":[],"product_cat":[21580],"product_tag":[],"class_list":{"0":"post-148686","1":"product","2":"type-product","3":"status-publish","4":"has-post-thumbnail","6":"product_cat-kunst-kultur","7":"pa_autor-meili","8":"pa_erscheinungsjahr-21558","9":"pa_region-schweiz","10":"pa_sprache-de","12":"first","13":"instock","14":"taxable","15":"shipping-taxable","16":"purchasable","17":"product-type-simple"},"_links":{"self":[{"href":"https:\/\/pizbube.ch\/en\/wp-json\/wp\/v2\/product\/148686","targetHints":{"allow":["GET"]}}],"collection":[{"href":"https:\/\/pizbube.ch\/en\/wp-json\/wp\/v2\/product"}],"about":[{"href":"https:\/\/pizbube.ch\/en\/wp-json\/wp\/v2\/types\/product"}],"wp:featuredmedia":[{"embeddable":true,"href":"https:\/\/pizbube.ch\/en\/wp-json\/wp\/v2\/media\/37573"}],"wp:attachment":[{"href":"https:\/\/pizbube.ch\/en\/wp-json\/wp\/v2\/media?parent=148686"}],"wp:term":[{"taxonomy":"product_brand","embeddable":true,"href":"https:\/\/pizbube.ch\/en\/wp-json\/wp\/v2\/product_brand?post=148686"},{"taxonomy":"product_cat","embeddable":true,"href":"https:\/\/pizbube.ch\/en\/wp-json\/wp\/v2\/product_cat?post=148686"},{"taxonomy":"product_tag","embeddable":true,"href":"https:\/\/pizbube.ch\/en\/wp-json\/wp\/v2\/product_tag?post=148686"}],"curies":[{"name":"wp","href":"https:\/\/api.w.org\/{rel}","templated":true}]}}