{"id":148687,"date":"2021-01-15T10:57:53","date_gmt":"2021-01-15T10:57:53","guid":{"rendered":"https:\/\/codengine3.ch\/?product=import-placeholder-for-207997"},"modified":"2024-07-06T11:03:49","modified_gmt":"2024-07-06T09:03:49","slug":"murmeljagd","status":"publish","type":"product","link":"https:\/\/pizbube.ch\/en\/shop\/murmeljagd\/","title":{"rendered":"Murmeljagd"},"content":{"rendered":"<p>Roman<\/p>\n<p>Albert Trebla, Wiener Journalist, flieht im Fr\u00fchjahr 1938 mit seiner Frau aus<br \/>\ndem von deutschen Truppen besetzten \u00d6sterreich \u00fcber die Silvretta ins Engadin.<br \/>\nAber f\u00fcr den Verfolgten gibt es in der Schweizer Bergwelt keine Zuflucht.<\/p>\n<p>Trebla f\u00fchlt sich durch eine Serie r\u00e4tselhafter Todesf\u00e4lle bedroht. Wie ein<br \/>\nMurmeltier versucht er, in Deckung zu gehen, aber wo er auch hinkommt, wird er<br \/>\nin merkw\u00fcrdige Geschichten verstrickt.<\/p>\n<p>Mit \u00bbMurmeljagd\u00ab wird einer der gro\u00dfen Romane der deutschen Literatur wieder<br \/>\nzug\u00e4nglich: eine Tour de Force \u00fcber Vertreibung und Exil, \u00fcber das Leben im<br \/>\nAusnahmezustand, \u00fcber Wahn und Bedrohung, absurde Irrt\u00fcmer und eine<br \/>\nMenschenjagd.<\/p>\n<p>Ulrich Bechers Lust an Sprachexperimenten, seine Vorliebe f\u00fcr ausgefallene<br \/>\nCharaktere und sein politisches Engagement kulminieren in einem<br \/>\npsychologischen Entwicklungsroman, der gleichzeitig Politthriller ist &#8211; immer<br \/>\nvor dem Hintergrund der Auseinandersetzung mit dem Faschismus.<\/p>\n<p>Taschenbuchausgabe, 2022<\/p>","protected":false},"excerpt":{"rendered":"<p>Roman Albert Trebla, Wiener Journalist, flieht im Fr\u00fchjahr 1938 mit seiner Frau aus dem von deutschen Truppen besetzten \u00d6sterreich \u00fcber die Silvretta ins Engadin. Aber f\u00fcr den Verfolgten gibt es in der Schweizer Bergwelt keine Zuflucht. Trebla f\u00fchlt sich durch eine Serie r\u00e4tselhafter Todesf\u00e4lle bedroht. Wie ein Murmeltier versucht er, in Deckung zu gehen, aber [&#8230;]\n","protected":false},"featured_media":173805,"template":"","meta":[],"product_brand":[],"product_cat":[21629],"product_tag":[],"class_list":{"0":"post-148687","1":"product","2":"type-product","3":"status-publish","4":"has-post-thumbnail","6":"product_cat-belletristik","7":"pa_autor-becher","8":"pa_erscheinungsjahr-27013","9":"pa_region-schweiz","10":"pa_sprache-de","12":"first","13":"instock","14":"taxable","15":"shipping-taxable","16":"purchasable","17":"product-type-simple"},"_links":{"self":[{"href":"https:\/\/pizbube.ch\/en\/wp-json\/wp\/v2\/product\/148687","targetHints":{"allow":["GET"]}}],"collection":[{"href":"https:\/\/pizbube.ch\/en\/wp-json\/wp\/v2\/product"}],"about":[{"href":"https:\/\/pizbube.ch\/en\/wp-json\/wp\/v2\/types\/product"}],"wp:featuredmedia":[{"embeddable":true,"href":"https:\/\/pizbube.ch\/en\/wp-json\/wp\/v2\/media\/173805"}],"wp:attachment":[{"href":"https:\/\/pizbube.ch\/en\/wp-json\/wp\/v2\/media?parent=148687"}],"wp:term":[{"taxonomy":"product_brand","embeddable":true,"href":"https:\/\/pizbube.ch\/en\/wp-json\/wp\/v2\/product_brand?post=148687"},{"taxonomy":"product_cat","embeddable":true,"href":"https:\/\/pizbube.ch\/en\/wp-json\/wp\/v2\/product_cat?post=148687"},{"taxonomy":"product_tag","embeddable":true,"href":"https:\/\/pizbube.ch\/en\/wp-json\/wp\/v2\/product_tag?post=148687"}],"curies":[{"name":"wp","href":"https:\/\/api.w.org\/{rel}","templated":true}]}}