{"id":148690,"date":"2021-01-15T10:57:53","date_gmt":"2021-01-15T10:57:53","guid":{"rendered":"https:\/\/codengine3.ch\/?product=import-placeholder-for-200840"},"modified":"2021-01-15T11:01:20","modified_gmt":"2021-01-15T11:01:20","slug":"stubaier-alpen-fels-und-eis","status":"publish","type":"product","link":"https:\/\/pizbube.ch\/en\/shop\/stubaier-alpen-fels-und-eis\/","title":{"rendered":"Stubaier Alpen Fels und Eis"},"content":{"rendered":"<p>Alpiner Kletterf\u00fchrer (mit Eisfallklettereien). Nicht nur Kletterrouten im<br \/>\nStubaiertal und Valsertalkessel! Neben allen Felsrouten in den Stubaier Alpen<br \/>\nund im Valsertalkessel (Grundschartner, Fu\u00dfstein, Sagwand) beschreibt dieser<br \/>\nF\u00fchrer auf mehr als 40 Seiten auch superexakt die zu recht vielger\u00fchmten<br \/>\nEisklettereien im Stubaital, im L\u00fcsenstal und am Brenner.  <\/p>","protected":false},"excerpt":{"rendered":"<p>Alpiner Kletterf\u00fchrer (mit Eisfallklettereien). Nicht nur Kletterrouten im Stubaiertal und Valsertalkessel! Neben allen Felsrouten in den Stubaier Alpen und im Valsertalkessel (Grundschartner, Fu\u00dfstein, Sagwand) beschreibt dieser F\u00fchrer auf mehr als 40 Seiten auch superexakt die zu recht vielger\u00fchmten Eisklettereien im Stubaital, im L\u00fcsenstal und am Brenner.<\/p>","protected":false},"featured_media":27925,"template":"","meta":[],"product_brand":[],"product_cat":[21544],"product_tag":[],"class_list":{"0":"post-148690","1":"product","2":"type-product","3":"status-publish","4":"has-post-thumbnail","6":"product_cat-fuehrerliteratur-alpin-sommer","7":"pa_autor-orgler","8":"pa_erscheinungsjahr-22246","9":"pa_region-oesterreich","10":"pa_sprache-de","12":"first","13":"outofstock","14":"taxable","15":"shipping-taxable","16":"purchasable","17":"product-type-simple"},"_links":{"self":[{"href":"https:\/\/pizbube.ch\/en\/wp-json\/wp\/v2\/product\/148690","targetHints":{"allow":["GET"]}}],"collection":[{"href":"https:\/\/pizbube.ch\/en\/wp-json\/wp\/v2\/product"}],"about":[{"href":"https:\/\/pizbube.ch\/en\/wp-json\/wp\/v2\/types\/product"}],"wp:featuredmedia":[{"embeddable":true,"href":"https:\/\/pizbube.ch\/en\/wp-json\/wp\/v2\/media\/27925"}],"wp:attachment":[{"href":"https:\/\/pizbube.ch\/en\/wp-json\/wp\/v2\/media?parent=148690"}],"wp:term":[{"taxonomy":"product_brand","embeddable":true,"href":"https:\/\/pizbube.ch\/en\/wp-json\/wp\/v2\/product_brand?post=148690"},{"taxonomy":"product_cat","embeddable":true,"href":"https:\/\/pizbube.ch\/en\/wp-json\/wp\/v2\/product_cat?post=148690"},{"taxonomy":"product_tag","embeddable":true,"href":"https:\/\/pizbube.ch\/en\/wp-json\/wp\/v2\/product_tag?post=148690"}],"curies":[{"name":"wp","href":"https:\/\/api.w.org\/{rel}","templated":true}]}}