{"id":148692,"date":"2021-01-15T10:57:53","date_gmt":"2021-01-15T10:57:53","guid":{"rendered":"https:\/\/codengine3.ch\/?product=import-placeholder-for-205550"},"modified":"2023-12-29T13:52:14","modified_gmt":"2023-12-29T12:52:14","slug":"ski-und-schneeschuhtouren-im-jura-larc-jurassien-en-raquettes-et-a-ski","status":"publish","type":"product","link":"https:\/\/pizbube.ch\/en\/shop\/ski-und-schneeschuhtouren-im-jura-larc-jurassien-en-raquettes-et-a-ski\/","title":{"rendered":"Ski- und Schneeschuhtouren im Jura \/  L`Arc jurassien en raquettes et \u00e0 ski"},"content":{"rendered":"<p>Ski- und Schneeschuh-Tourenf\u00fchrer<\/p>\n<p>Der F\u00fchrer beschreibt eine F\u00fclle von Touren, die mit Schneeschuhen, Skis und<br \/>\nLanglaufskis durch die Winterlandschaft des Schweizer Juras f\u00fchren. Und als<br \/>\nBonus die n\u00f6tigen Angaben f\u00fcr die Haute Route du Jura, eine einmalige<br \/>\nWinterweitwanderung auf Langlaufskis von Balsthal nach Bellegarde.<\/p>\n<p>L`Arc jurassien \/ Jura<br \/>\nD`Olten \u00e0 Gen\u00e8ve \/ Von Olten nach Genf. Excursions en raquettes et \u00e0 skis \/<br \/>\nSchneeschuh- und Skitouren<\/p>\n<p>288 Seiten\/pages, 103 Farbfotos\/photos en couleur, 28<br \/>\nKartenausschnitte\/extraits de cartes, 16 H\u00f6henprofile\/profils de parcours<\/p>\n<p>2\u00e8me \u00e9dition revue 2011<br \/>\n2. aktualisierte Auflage 2011<\/p>","protected":false},"excerpt":{"rendered":"<p>Ski- und Schneeschuh-Tourenf\u00fchrer Der F\u00fchrer beschreibt eine F\u00fclle von Touren, die mit Schneeschuhen, Skis und Langlaufskis durch die Winterlandschaft des Schweizer Juras f\u00fchren. Und als Bonus die n\u00f6tigen Angaben f\u00fcr die Haute Route du Jura, eine einmalige Winterweitwanderung auf Langlaufskis von Balsthal nach Bellegarde. L`Arc jurassien \/ Jura D`Olten \u00e0 Gen\u00e8ve \/ Von Olten nach [&#8230;]\n","protected":false},"featured_media":27515,"template":"","meta":[],"product_brand":[],"product_cat":[21540],"product_tag":[],"class_list":{"0":"post-148692","1":"product","2":"type-product","3":"status-publish","4":"has-post-thumbnail","6":"product_cat-fuehrerliteratur-alpin-winter","7":"pa_autor-burnand-chevalier-houlmann","8":"pa_erscheinungsjahr-21610","9":"pa_region-schweiz","10":"pa_sprache-de-fr","12":"first","13":"outofstock","14":"taxable","15":"shipping-taxable","16":"purchasable","17":"product-type-simple"},"_links":{"self":[{"href":"https:\/\/pizbube.ch\/en\/wp-json\/wp\/v2\/product\/148692","targetHints":{"allow":["GET"]}}],"collection":[{"href":"https:\/\/pizbube.ch\/en\/wp-json\/wp\/v2\/product"}],"about":[{"href":"https:\/\/pizbube.ch\/en\/wp-json\/wp\/v2\/types\/product"}],"wp:featuredmedia":[{"embeddable":true,"href":"https:\/\/pizbube.ch\/en\/wp-json\/wp\/v2\/media\/27515"}],"wp:attachment":[{"href":"https:\/\/pizbube.ch\/en\/wp-json\/wp\/v2\/media?parent=148692"}],"wp:term":[{"taxonomy":"product_brand","embeddable":true,"href":"https:\/\/pizbube.ch\/en\/wp-json\/wp\/v2\/product_brand?post=148692"},{"taxonomy":"product_cat","embeddable":true,"href":"https:\/\/pizbube.ch\/en\/wp-json\/wp\/v2\/product_cat?post=148692"},{"taxonomy":"product_tag","embeddable":true,"href":"https:\/\/pizbube.ch\/en\/wp-json\/wp\/v2\/product_tag?post=148692"}],"curies":[{"name":"wp","href":"https:\/\/api.w.org\/{rel}","templated":true}]}}