{"id":148693,"date":"2021-01-15T10:57:53","date_gmt":"2021-01-15T10:57:53","guid":{"rendered":"https:\/\/codengine3.ch\/?product=import-placeholder-for-200479"},"modified":"2021-01-15T10:57:59","modified_gmt":"2021-01-15T10:57:59","slug":"von-nun-an-gehts-bergauf","status":"publish","type":"product","link":"https:\/\/pizbube.ch\/en\/shop\/von-nun-an-gehts-bergauf\/","title":{"rendered":"Von nun an geht&#8217;s bergauf"},"content":{"rendered":"<p>H\u00f6henluft im Ruhestand.<\/p>\n<p>\u00bbFreistaat Flaschenhals\u00ab, M\u00f6nchsrepublik Athos und Baschkortostan: Der<br \/>\nPensionist und Abenteurer Wolfgang Schaub erkundet auf seiner zw\u00f6lfj\u00e4hrigen<br \/>\nReise quer durch Europa die h\u00f6chsten Erhebungen aller Staaten und autonomen<br \/>\nGebiete. Ein delikates Unterfangen, bei dem sich der vermeintliche H\u00f6hepunkt<br \/>\nin Luxemburg als flacher Acker entpuppt und die Suche im Vatikan beinah einen<br \/>\ninternationalen Eklat ausl\u00f6st. Und bei dem der Rentner in Tatarstan ins Visier<br \/>\ndes Geheimdienstes ger\u00e4t, auf einem staatenlosen Fels im Atlantik<br \/>\nUnterst\u00fctzung von Greenpeace-Aktivisten erh\u00e4lt und f\u00fcr einen der Berge sogar<br \/>\nauf Tauchgang geht. Der Autor nimmt uns mit auf eine bizarre Reise durch<br \/>\nunseren Kontinent \u2013 f\u00fcr alle, die auch im gesetzten Alter noch Gipfel st\u00fcrmen<br \/>\nwollen.<\/p>","protected":false},"excerpt":{"rendered":"<ul>\n<li><a href=\"https:\/\/pizbube.ch\/wp-content\/uploads\/attachments\/a_003\/2E51A00CA284A5DF6D97C83F7DDF452D.pdf\" target=\"_blank\" rel=\"noopener\">PDF: Leseprobe_Von nun an&#8230;<\/a><\/li>\n<\/ul>","protected":false},"featured_media":26992,"template":"","meta":[],"product_brand":[],"product_cat":[21629],"product_tag":[],"class_list":{"0":"post-148693","1":"product","2":"type-product","3":"status-publish","4":"has-post-thumbnail","6":"product_cat-belletristik","7":"pa_autor-schaub","8":"pa_erscheinungsjahr-21550","9":"pa_region-deutschland","10":"pa_sprache-de","12":"first","13":"instock","14":"taxable","15":"shipping-taxable","16":"purchasable","17":"product-type-simple"},"_links":{"self":[{"href":"https:\/\/pizbube.ch\/en\/wp-json\/wp\/v2\/product\/148693","targetHints":{"allow":["GET"]}}],"collection":[{"href":"https:\/\/pizbube.ch\/en\/wp-json\/wp\/v2\/product"}],"about":[{"href":"https:\/\/pizbube.ch\/en\/wp-json\/wp\/v2\/types\/product"}],"wp:featuredmedia":[{"embeddable":true,"href":"https:\/\/pizbube.ch\/en\/wp-json\/wp\/v2\/media\/26992"}],"wp:attachment":[{"href":"https:\/\/pizbube.ch\/en\/wp-json\/wp\/v2\/media?parent=148693"}],"wp:term":[{"taxonomy":"product_brand","embeddable":true,"href":"https:\/\/pizbube.ch\/en\/wp-json\/wp\/v2\/product_brand?post=148693"},{"taxonomy":"product_cat","embeddable":true,"href":"https:\/\/pizbube.ch\/en\/wp-json\/wp\/v2\/product_cat?post=148693"},{"taxonomy":"product_tag","embeddable":true,"href":"https:\/\/pizbube.ch\/en\/wp-json\/wp\/v2\/product_tag?post=148693"}],"curies":[{"name":"wp","href":"https:\/\/api.w.org\/{rel}","templated":true}]}}