{"id":148694,"date":"2021-01-15T10:57:53","date_gmt":"2021-01-15T10:57:53","guid":{"rendered":"https:\/\/codengine3.ch\/?product=import-placeholder-for-206236"},"modified":"2021-01-15T14:47:27","modified_gmt":"2021-01-15T14:47:27","slug":"dem-himmel-nah","status":"publish","type":"product","link":"https:\/\/pizbube.ch\/en\/shop\/dem-himmel-nah\/","title":{"rendered":"Dem Himmel nah"},"content":{"rendered":"<p>Grenzerfahrungen in den Bergen Zentralasiens  <\/p>\n<p>Gemeinsam mit zwei Freunden reist der Autor in einer selbst organisierten<br \/>\nExpedition zu den Bergen Tatschikistans. F\u00fcr ihn ist es die erste derart gro\u00dfe<br \/>\nUnternehmung zu diesen hohen Bergen im n\u00f6rdlichsten Ausl\u00e4ufer des Himalaja<br \/>\nGebirgszuges. Dort im Pamir Gebirge, an der Grenze zu China und Afghanistan,<br \/>\nwollen sie zusammen einige der h\u00f6chsten Gipfel ersteigen. Das Hauptziel ist<br \/>\nder h\u00f6chste Berg der GUS Staaten, der 7495m hohe Qullai Samani (Pik<br \/>\nKommunismus). Doch fast w\u00e4re diese lang geplante und gut vorbereitete<br \/>\nExpedition gescheitert. Widrige Wetterverh\u00e4ltnisse w\u00e4hrend der<br \/>\nAkklimatisationsphase, extrem viel Neuschnee und das bisher gr\u00f6\u00dfte<br \/>\nLawinenungl\u00fcck in der Bergsteigergeschichte Asiens, f\u00fchren zu gro\u00dfen<br \/>\nUnsicherheiten bei der Planung und Durchf\u00fchrung des Vorhabens. Die mentale<br \/>\nHerausforderung und die tats\u00e4chlichen Gefahren im Hochgebirge, die<br \/>\nlebensfeindlichen Bedingungen, die extreme K\u00e4lte, die tagelangen Wartephasen<br \/>\nim Basislager, eine weitere gro\u00dfe Lawine, dem die kleine Gruppe nur durch eine<br \/>\nSchicksalsf\u00fcgung knapp entgeht und die Verarbeitung der h\u00e4ufigen R\u00fcckschl\u00e4ge<br \/>\nlassen das Team immer wieder zwischen Aufgabe und Durchhalten schwanken. Dabei<br \/>\nwird der mentale Stress so gro\u00df, dass sowohl der Sinn der gesamten<br \/>\nUnternehmung in Frage steht, als auch die Freundschaft der drei M\u00e4nner auf<br \/>\neine harte Probe gestellt wird. Nach der gegl\u00fcckten Besteigung des 6400m hohen<br \/>\nPik 4 und des 7105m hohen Pik Korschenevskoy kehrt das Team wohlbehalten von<br \/>\ndieser, an wichtigen Erfahrungen reichen Expedition zur\u00fcck. Der Autor<br \/>\nbeschreibt seine Empfindungen w\u00e4hrend und nach dieser Reise und gibt Einblicke<br \/>\nin seinen Ver\u00e4nderungsprozess, der sich seit dem Erleben dieser<br \/>\nGrenzsituationen immer noch vollzieht.<\/p>","protected":false},"excerpt":{"rendered":"<p>Grenzerfahrungen in den Bergen Zentralasiens Gemeinsam mit zwei Freunden reist der Autor in einer selbst organisierten Expedition zu den Bergen Tatschikistans. F\u00fcr ihn ist es die erste derart gro\u00dfe Unternehmung zu diesen hohen Bergen im n\u00f6rdlichsten Ausl\u00e4ufer des Himalaja Gebirgszuges. Dort im Pamir Gebirge, an der Grenze zu China und Afghanistan, wollen sie zusammen einige [&#8230;]\n","protected":false},"featured_media":35209,"template":"","meta":[],"product_brand":[],"product_cat":[21542],"product_tag":[],"class_list":{"0":"post-148694","1":"product","2":"type-product","3":"status-publish","4":"has-post-thumbnail","6":"product_cat-sachbuecher-dokumentationen","7":"pa_autor-auen","8":"pa_erscheinungsjahr-21693","9":"pa_region-asien","10":"pa_sprache-de","12":"first","13":"outofstock","14":"taxable","15":"shipping-taxable","16":"purchasable","17":"product-type-simple"},"_links":{"self":[{"href":"https:\/\/pizbube.ch\/en\/wp-json\/wp\/v2\/product\/148694","targetHints":{"allow":["GET"]}}],"collection":[{"href":"https:\/\/pizbube.ch\/en\/wp-json\/wp\/v2\/product"}],"about":[{"href":"https:\/\/pizbube.ch\/en\/wp-json\/wp\/v2\/types\/product"}],"wp:featuredmedia":[{"embeddable":true,"href":"https:\/\/pizbube.ch\/en\/wp-json\/wp\/v2\/media\/35209"}],"wp:attachment":[{"href":"https:\/\/pizbube.ch\/en\/wp-json\/wp\/v2\/media?parent=148694"}],"wp:term":[{"taxonomy":"product_brand","embeddable":true,"href":"https:\/\/pizbube.ch\/en\/wp-json\/wp\/v2\/product_brand?post=148694"},{"taxonomy":"product_cat","embeddable":true,"href":"https:\/\/pizbube.ch\/en\/wp-json\/wp\/v2\/product_cat?post=148694"},{"taxonomy":"product_tag","embeddable":true,"href":"https:\/\/pizbube.ch\/en\/wp-json\/wp\/v2\/product_tag?post=148694"}],"curies":[{"name":"wp","href":"https:\/\/api.w.org\/{rel}","templated":true}]}}