{"id":148695,"date":"2021-01-15T10:57:54","date_gmt":"2021-01-15T10:57:54","guid":{"rendered":"https:\/\/codengine3.ch\/?product=import-placeholder-for-203762"},"modified":"2021-01-15T14:26:20","modified_gmt":"2021-01-15T14:26:20","slug":"anderl-heckmair-zum-glueck-gehts-bergwaerts","status":"publish","type":"product","link":"https:\/\/pizbube.ch\/en\/shop\/anderl-heckmair-zum-glueck-gehts-bergwaerts\/","title":{"rendered":"Anderl Heckmair Zum Gl\u00fcck geht&#8217;s bergw\u00e4rts"},"content":{"rendered":"<p>Eine Hommage an die im Februar 2005 im Alter von 98 Jahren verstorbene<br \/>\nBergsteigerlegende.<br \/>\nWahre Gschichterl hie\u00df Anderl Heckmairs 1988 erschienenes B\u00fcchlein, das den<br \/>\nPreis f\u00fcr herausragende Bergliteratur im Rahmen des Bergfilmfestivals von<br \/>\nTrient erhielt. In Zum Gl\u00fcck gehts bergw\u00e4rts liegen diese Geschichten in<br \/>\n\u00fcberarbeiteter Form wieder vor.<\/p>\n<p>Uli Auffermann Freund des k\u00fcrzlich verstorbenen Alpinisten hat weitere<br \/>\nEpisoden und Anekdoten aus dem Leben des Erstbesteigers der Eiger-Nordwand<br \/>\nhinzugef\u00fcgt.<br \/>\nVoller Schalk und purer Lebenslust erz\u00e4hlt das bayrische Original Heckmair in<br \/>\nhumorvoll-derber, aber auch feinsinniger Art von seinem abenteuerlichen Leben:<br \/>\nWas f\u00fcr ihn z\u00e4hlte, war das Erlebnis, die wahren Gl\u00fccksmomente fand er im<br \/>\nKleinen, im Unerwarteten.<\/p>","protected":false},"excerpt":{"rendered":"<p>Eine Hommage an die im Februar 2005 im Alter von 98 Jahren verstorbene Bergsteigerlegende. Wahre Gschichterl hie\u00df Anderl Heckmairs 1988 erschienenes B\u00fcchlein, das den Preis f\u00fcr herausragende Bergliteratur im Rahmen des Bergfilmfestivals von Trient erhielt. In Zum Gl\u00fcck gehts bergw\u00e4rts liegen diese Geschichten in \u00fcberarbeiteter Form wieder vor. Uli Auffermann Freund des k\u00fcrzlich verstorbenen Alpinisten [&#8230;]\n","protected":false},"featured_media":31438,"template":"","meta":[],"product_brand":[],"product_cat":[21542],"product_tag":[],"class_list":{"0":"post-148695","1":"product","2":"type-product","3":"status-publish","4":"has-post-thumbnail","6":"product_cat-sachbuecher-dokumentationen","7":"pa_autor-auffermann","8":"pa_erscheinungsjahr-21776","9":"pa_region-oesterreich","10":"pa_sprache-de","12":"first","13":"instock","14":"taxable","15":"shipping-taxable","16":"purchasable","17":"product-type-simple"},"_links":{"self":[{"href":"https:\/\/pizbube.ch\/en\/wp-json\/wp\/v2\/product\/148695","targetHints":{"allow":["GET"]}}],"collection":[{"href":"https:\/\/pizbube.ch\/en\/wp-json\/wp\/v2\/product"}],"about":[{"href":"https:\/\/pizbube.ch\/en\/wp-json\/wp\/v2\/types\/product"}],"wp:featuredmedia":[{"embeddable":true,"href":"https:\/\/pizbube.ch\/en\/wp-json\/wp\/v2\/media\/31438"}],"wp:attachment":[{"href":"https:\/\/pizbube.ch\/en\/wp-json\/wp\/v2\/media?parent=148695"}],"wp:term":[{"taxonomy":"product_brand","embeddable":true,"href":"https:\/\/pizbube.ch\/en\/wp-json\/wp\/v2\/product_brand?post=148695"},{"taxonomy":"product_cat","embeddable":true,"href":"https:\/\/pizbube.ch\/en\/wp-json\/wp\/v2\/product_cat?post=148695"},{"taxonomy":"product_tag","embeddable":true,"href":"https:\/\/pizbube.ch\/en\/wp-json\/wp\/v2\/product_tag?post=148695"}],"curies":[{"name":"wp","href":"https:\/\/api.w.org\/{rel}","templated":true}]}}