{"id":148696,"date":"2021-01-15T10:57:54","date_gmt":"2021-01-15T10:57:54","guid":{"rendered":"https:\/\/codengine3.ch\/?product=import-placeholder-for-201003"},"modified":"2021-01-15T11:02:46","modified_gmt":"2021-01-15T11:02:46","slug":"bergsteigen","status":"publish","type":"product","link":"https:\/\/pizbube.ch\/en\/shop\/bergsteigen\/","title":{"rendered":"Bergsteigen"},"content":{"rendered":"<p>Bergsteigen &#8211; Kleine Philosophie der Passionen  <\/p>\n<p>Warum ihn Berge faszinieren und warum er auf den Gipfel will, schildert Heiner<br \/>\nGei\u00dfler, begeisterter Bergsteiger und Kletterer, in diesem Buch: Das<br \/>\nGl\u00fccksmoment dort droben, auf dem Schreckhorn oder dem Daint de Mesdi, ist<br \/>\nunbeschreiblich. Die Freude, den eigenen K\u00f6rper zu beherrschen, den Schmerz<br \/>\nund die Strapazen des Aufstiegs zu verwinden, entsch\u00e4digt f\u00fcr jede M\u00fchsal.<br \/>\nGei\u00dfler sucht die Herausforderung, f\u00fcr die es wache Sinne, klaren Geist,<br \/>\nruhige \u00dcberlegung und manchmal auch den Mut zum Umkehren braucht.  <\/p>","protected":false},"excerpt":{"rendered":"<p>Bergsteigen &#8211; Kleine Philosophie der Passionen Warum ihn Berge faszinieren und warum er auf den Gipfel will, schildert Heiner Gei\u00dfler, begeisterter Bergsteiger und Kletterer, in diesem Buch: Das Gl\u00fccksmoment dort droben, auf dem Schreckhorn oder dem Daint de Mesdi, ist unbeschreiblich. Die Freude, den eigenen K\u00f6rper zu beherrschen, den Schmerz und die Strapazen des Aufstiegs [&#8230;]\n","protected":false},"featured_media":28150,"template":"","meta":[],"product_brand":[],"product_cat":[21629],"product_tag":[],"class_list":{"0":"post-148696","1":"product","2":"type-product","3":"status-publish","4":"has-post-thumbnail","6":"product_cat-belletristik","7":"pa_autor-geissler","8":"pa_erscheinungsjahr-21591","9":"pa_region-deutschland","10":"pa_sprache-de","12":"first","13":"instock","14":"taxable","15":"shipping-taxable","16":"purchasable","17":"product-type-simple"},"_links":{"self":[{"href":"https:\/\/pizbube.ch\/en\/wp-json\/wp\/v2\/product\/148696","targetHints":{"allow":["GET"]}}],"collection":[{"href":"https:\/\/pizbube.ch\/en\/wp-json\/wp\/v2\/product"}],"about":[{"href":"https:\/\/pizbube.ch\/en\/wp-json\/wp\/v2\/types\/product"}],"wp:featuredmedia":[{"embeddable":true,"href":"https:\/\/pizbube.ch\/en\/wp-json\/wp\/v2\/media\/28150"}],"wp:attachment":[{"href":"https:\/\/pizbube.ch\/en\/wp-json\/wp\/v2\/media?parent=148696"}],"wp:term":[{"taxonomy":"product_brand","embeddable":true,"href":"https:\/\/pizbube.ch\/en\/wp-json\/wp\/v2\/product_brand?post=148696"},{"taxonomy":"product_cat","embeddable":true,"href":"https:\/\/pizbube.ch\/en\/wp-json\/wp\/v2\/product_cat?post=148696"},{"taxonomy":"product_tag","embeddable":true,"href":"https:\/\/pizbube.ch\/en\/wp-json\/wp\/v2\/product_tag?post=148696"}],"curies":[{"name":"wp","href":"https:\/\/api.w.org\/{rel}","templated":true}]}}