{"id":148698,"date":"2021-01-15T10:57:54","date_gmt":"2021-01-15T10:57:54","guid":{"rendered":"https:\/\/codengine3.ch\/?product=import-placeholder-for-200480"},"modified":"2021-08-03T08:24:16","modified_gmt":"2021-08-03T06:24:16","slug":"gimme-kraft-effektives-klettertraining","status":"publish","type":"product","link":"https:\/\/pizbube.ch\/en\/shop\/gimme-kraft-effektives-klettertraining\/","title":{"rendered":"Gimme Kraft! &#8211; Effektives Klettertraining"},"content":{"rendered":"<p>Hier ist es: Das Trainingsbuch von Patrick Matros und Dicki Korb produziert<br \/>\nvon und im Caf\u00e9 Kraft! \u00dcber 80 \u00dcbungen an Boulderwand, Campusboard,<br \/>\nSteckbrett, Slingtrainer, Ringen, Sloperrails, Klimmzugstange, Boden und<br \/>\nMinibarren die dich zu einem fitteren und ges\u00fcnderen Kletterer machen. Die<br \/>\n\u00dcbungen werden pr\u00e4sentiert von niemand geringerem als Sasha DiGiulian, Fred<br \/>\nNicole, Barbara Zangerl, Melissa le Nev\u00e9, Bernd Zangerl und Alex Megos.<br \/>\nDar\u00fcber hinaus erh\u00e4lst Du von diesen und weiteren Stars Einblicke in die<br \/>\npers\u00f6nlichen Trainingsweisheiten.<\/p>\n<p>Als besonderen Bonus erwies uns Wolfgang G\u00fcllichs fr\u00fcherer Professor Herr<br \/>\nWeineck die Ehre und \u00f6ffnete sein Videoarchiv f\u00fcr uns: Wolfgang live beim<br \/>\nTraining! Auf der DVD sind nochmal alle \u00dcbungen in bewegten Bildern zu finden,<br \/>\nsowie l\u00e4ngere Versionen der ProTips der Stars aus dem Buch. Buch und DVD sind<br \/>\nbilingual in deutsch und englisch.<\/p>\n<p>Wie werde ich st\u00e4rker? Wie trainiere ich effektiv? Welche Trainings\u00fcbung ist<br \/>\nsinnvoll? Das sind Fragen, die uns in unserem Traineralltag immer wieder<br \/>\nbegegnen. Der Klettersport hat sich in den letzten 10 Jahren enorm<br \/>\nweiterentwickelt, Inhalte und Methoden des Trainings haben sich stark<br \/>\nver\u00e4ndert und verfeinert. Unser Ziel ist es, die einschl\u00e4gige Literatur um<br \/>\neine Auswahl neuartiger \u00dcbungen zu bereichern.<\/p>\n<p>Im Mittelpunkt unserer Philosophie steht dabei stets ein aus- gewogener und<br \/>\nlangfristiger Leistungszuwachs und die Vermeidung einseitiger Belastungen<br \/>\ndurch unsachgem\u00e4\u00dfes Training.<br \/>\nWie trainiere ich ausgewogen? Worauf muss ich bei den einzelnen \u00dcungen achten?<br \/>\nIn welchem Umfang f\u00fchre ich sie aus? Wie kombiniere ich sie? Die Antworten<br \/>\ndarauf findet ihr in dieser DVD, erg\u00e4nzt durch eine \u00fcbersichtliche und<br \/>\nverst\u00e4ndliche \u00dcbungsfibel.<\/p>\n<p>Wir haben uns f\u00fcr ein Lehrvideo entschieden, weil wir glauben, dass es die<br \/>\nbeste M\u00f6glichkeit bietet, komplexe \u00dcbungsformen didaktisch angemessen zu<br \/>\nvermitteln und weil man bisher zum Thema Klettertraining nur wenige findet.<\/p>\n<p>Dennoch wollten wir nicht auf ein Buch zum Nachschlagen verzichten. Noch etwas<br \/>\nist f\u00fcr viele von euch interessant: Wie trainieren eigentlich die Top-<br \/>\nKletterer? Wir haben eine erlesene Auswahl von ihnen interviewt und geben euch<br \/>\neinen Einblick, was sie unter Klettertraining verstehen.<br \/>\n2. Auflage 2013<\/p>\n<p>How do I get stronger? How can I train most effeciently? Which exercises make<br \/>\nthe most sense? These are only a few questions that we as trainers are<br \/>\nconfronted with during our daily routine.<\/p>\n<p>Throughout the last decade, climbing went through major developments<br \/>\nespecially in the realm of training where contents and methods have changed<br \/>\ndramatically as far as sophistication goes. Our main target is to enrich the<br \/>\ncurrent knowledge of training with a selection of new and creative exercises.<\/p>\n<p>The focus of our program is a well-balanced and long term performance-gain. We<br \/>\nwant to avoid a one-sided physical burden through inappropriate training. How<br \/>\ncan I train in a well-rounded manner? What is it that I have to focus on<br \/>\nduring my exercises? What is the ideal extent of my training-activities? How<br \/>\ndo I combine them most productively?<\/p>\n<p>You can find the answers to all these questions on this DVD, which comes<br \/>\ncompleted with an easy-to-under- stand practice-book. We have decided in favor<br \/>\nof an additio- nal learning-video because we believe that it is the best way<br \/>\nto communicate the complex forms of our exercises in a didac- tically<br \/>\nappropriate manner. Apart from that it\u2019s great to have a book too which you<br \/>\ncan easily take anywhere to have a quick look, so we found it necessary to<br \/>\nprovide you with this as well.<\/p>\n<p>There\u2018s another thing which might be of interest for many of you: The answer<br \/>\nto the question how pro-climbers train. We have put together a fine selection<br \/>\nof interviews with some of them to provide you with some insight on what a few<br \/>\nof the best of them understand by the term \u201etraining\u201c.<\/p>","protected":false},"excerpt":{"rendered":"<ul>\n<li><a href=\"https:\/\/vimeo.com\/69235663#\" target=\"_blank\" rel=\"noopener\">Video: Gimme Kraft Trailer<\/a><\/li>\n<\/ul>","protected":false},"featured_media":27000,"template":"","meta":[],"product_brand":[],"product_cat":[21538],"product_tag":[],"class_list":{"0":"post-148698","1":"product","2":"type-product","3":"status-publish","4":"has-post-thumbnail","6":"product_cat-lehrbuecher","7":"pa_autor-matros-korb-huch","8":"pa_erscheinungsjahr-21568","9":"pa_region-klettertechnik","10":"pa_sprache-de-en-2","12":"first","13":"outofstock","14":"taxable","15":"shipping-taxable","16":"purchasable","17":"product-type-simple"},"_links":{"self":[{"href":"https:\/\/pizbube.ch\/en\/wp-json\/wp\/v2\/product\/148698","targetHints":{"allow":["GET"]}}],"collection":[{"href":"https:\/\/pizbube.ch\/en\/wp-json\/wp\/v2\/product"}],"about":[{"href":"https:\/\/pizbube.ch\/en\/wp-json\/wp\/v2\/types\/product"}],"wp:featuredmedia":[{"embeddable":true,"href":"https:\/\/pizbube.ch\/en\/wp-json\/wp\/v2\/media\/27000"}],"wp:attachment":[{"href":"https:\/\/pizbube.ch\/en\/wp-json\/wp\/v2\/media?parent=148698"}],"wp:term":[{"taxonomy":"product_brand","embeddable":true,"href":"https:\/\/pizbube.ch\/en\/wp-json\/wp\/v2\/product_brand?post=148698"},{"taxonomy":"product_cat","embeddable":true,"href":"https:\/\/pizbube.ch\/en\/wp-json\/wp\/v2\/product_cat?post=148698"},{"taxonomy":"product_tag","embeddable":true,"href":"https:\/\/pizbube.ch\/en\/wp-json\/wp\/v2\/product_tag?post=148698"}],"curies":[{"name":"wp","href":"https:\/\/api.w.org\/{rel}","templated":true}]}}