{"id":148700,"date":"2021-01-15T10:57:54","date_gmt":"2021-01-15T10:57:54","guid":{"rendered":"https:\/\/codengine3.ch\/?product=import-placeholder-for-202382"},"modified":"2021-07-17T14:37:42","modified_gmt":"2021-07-17T12:37:42","slug":"klettertraining","status":"publish","type":"product","link":"https:\/\/pizbube.ch\/en\/shop\/klettertraining\/","title":{"rendered":"Klettertraining"},"content":{"rendered":"<p>Otimierung der motorischen, konditionellen und mentalen F\u00e4higkeiten. Sehr<br \/>\ngutes Grundlagenwerk f\u00fcr alle die sich intensiver mit Klettertraining<br \/>\nbesch\u00e4ftigen m\u00f6chten.<\/p>\n<p>Sportklettern in der Halle und am Fels, Klettern mit und ohne technische<br \/>\nAusr\u00fcstung, Wettkampfklettern; Training von Technik, Strategie, mentalen und<br \/>\nmotorischen F\u00e4higkeiten; Trainingsplanung und -durchf\u00fchrung.<\/p>","protected":false},"excerpt":{"rendered":"<p>Otimierung der motorischen, konditionellen und mentalen F\u00e4higkeiten. Sehr gutes Grundlagenwerk f\u00fcr alle die sich intensiver mit Klettertraining besch\u00e4ftigen m\u00f6chten. Sportklettern in der Halle und am Fels, Klettern mit und ohne technische Ausr\u00fcstung, Wettkampfklettern; Training von Technik, Strategie, mentalen und motorischen F\u00e4higkeiten; Trainingsplanung und -durchf\u00fchrung.<\/p>","protected":false},"featured_media":29769,"template":"","meta":[],"product_brand":[],"product_cat":[21538],"product_tag":[],"class_list":{"0":"post-148700","1":"product","2":"type-product","3":"status-publish","4":"has-post-thumbnail","6":"product_cat-lehrbuecher","7":"pa_autor-albesa-lloveras","8":"pa_erscheinungsjahr-22242","9":"pa_region-klettertechnik","10":"pa_sprache-de","12":"first","13":"outofstock","14":"taxable","15":"shipping-taxable","16":"purchasable","17":"product-type-simple"},"_links":{"self":[{"href":"https:\/\/pizbube.ch\/en\/wp-json\/wp\/v2\/product\/148700","targetHints":{"allow":["GET"]}}],"collection":[{"href":"https:\/\/pizbube.ch\/en\/wp-json\/wp\/v2\/product"}],"about":[{"href":"https:\/\/pizbube.ch\/en\/wp-json\/wp\/v2\/types\/product"}],"wp:featuredmedia":[{"embeddable":true,"href":"https:\/\/pizbube.ch\/en\/wp-json\/wp\/v2\/media\/29769"}],"wp:attachment":[{"href":"https:\/\/pizbube.ch\/en\/wp-json\/wp\/v2\/media?parent=148700"}],"wp:term":[{"taxonomy":"product_brand","embeddable":true,"href":"https:\/\/pizbube.ch\/en\/wp-json\/wp\/v2\/product_brand?post=148700"},{"taxonomy":"product_cat","embeddable":true,"href":"https:\/\/pizbube.ch\/en\/wp-json\/wp\/v2\/product_cat?post=148700"},{"taxonomy":"product_tag","embeddable":true,"href":"https:\/\/pizbube.ch\/en\/wp-json\/wp\/v2\/product_tag?post=148700"}],"curies":[{"name":"wp","href":"https:\/\/api.w.org\/{rel}","templated":true}]}}