{"id":148703,"date":"2021-01-15T10:57:54","date_gmt":"2021-01-15T10:57:54","guid":{"rendered":"https:\/\/codengine3.ch\/?product=import-placeholder-for-206998"},"modified":"2024-11-14T14:30:06","modified_gmt":"2024-11-14T13:30:06","slug":"9-von-10-kletterern-machen-die-gleichen-fehler","status":"publish","type":"product","link":"https:\/\/pizbube.ch\/en\/shop\/9-von-10-kletterern-machen-die-gleichen-fehler\/","title":{"rendered":"9 von 10 Kletterern machen die gleichen Fehler"},"content":{"rendered":"<p>Es gibt eine Vielzahl von Ratgebern, die Klettertechniken beschreiben, Tipps<br \/>\ngeben und die besten \u00dcbungen zeigen. Dennoch machen 9 von 10 Kletterern die<br \/>\ngleichen Fehler und halten sich dadurch selbst von ihrem eigenen Fortschritt<br \/>\nab. Dabei handelt es sich immer um dieselben Probleme: Motivationsmangel,<br \/>\nschlechtes Zeitmanagement und die Unf\u00e4higkeit, die eigenen technischen und<br \/>\ntaktischen Fehler zu analysieren und zu korrigieren. Oft wird zum Beispiel<br \/>\n\u00fcberm\u00e4\u00dfiges Krafttraining betrieben, w\u00e4hrend leistungshemmende Faktoren wie<br \/>\ndie Sturzangst ignoriert werden.<\/p>\n<p>Dieses Buch behandelt die g\u00e4ngigsten Fehler beim Klettern und pr\u00e4sentiert<br \/>\nMethoden, die nicht nur zur Verbesserung der Klettertechnik beitragen, sondern<br \/>\ndem Kletterer auch helfen, am Felsen souver\u00e4ne Entscheidungen zu treffen und<br \/>\nsich auf das Wichtigste zu konzentrieren. Dave MacLeod hat seine 16-j\u00e4hrige<br \/>\nErfahrung als Kletterer auf Weltklasseniveau, Sportwissenschaftler und<br \/>\nrenommierter Trainer in diesen Ratgeber gesteckt, der jedem Kletterer helfen<br \/>\nwird, \u00fcber sich hinauszuwachsen.<\/p>\n<p>Der Schotte DAVE MACLEOD ist einer der weltweit besten Allroundkletterer und<br \/>\nein renommierter Klettercoach. Seine Routen Echo Wall (E11) und Anubis (VII)<br \/>\nsind f\u00fcr das Felsklettern im Sommer und das Mixed-Klettern im Winter<br \/>\ngegenw\u00e4rtig die schwierigsten Trad-Climbing-Routen der Welt. Er ist ein wahrer<br \/>\nAllesk\u00f6nner und meistert Sportrouten bis zum Schwierigkeitsgrad 9a und<br \/>\nBouldern bis V14. Sein Buch ist eines der meistgekauften Kletterb\u00fccher der<br \/>\nWelt.<\/p>","protected":false},"excerpt":{"rendered":"<p><strong><a href=\"https:\/\/pizbube.ch\/wp-content\/uploads\/2021\/01\/9-von-10-Kletterern-machen-die-gleichen-Fehler_inhalt.pdf\" target=\"_blank\" rel=\"noopener\">9 von 10 Kletterern machen die gleichen Fehler_inhalt<\/a><\/strong><\/p>","protected":false},"featured_media":172605,"template":"","meta":[],"product_brand":[],"product_cat":[21538],"product_tag":[],"class_list":{"0":"post-148703","1":"product","2":"type-product","3":"status-publish","4":"has-post-thumbnail","6":"product_cat-lehrbuecher","7":"pa_autor-macleod","8":"pa_erscheinungsjahr-21621","9":"pa_region-klettertechnik","10":"pa_sprache-de","12":"first","13":"instock","14":"taxable","15":"shipping-taxable","16":"purchasable","17":"product-type-simple"},"_links":{"self":[{"href":"https:\/\/pizbube.ch\/en\/wp-json\/wp\/v2\/product\/148703","targetHints":{"allow":["GET"]}}],"collection":[{"href":"https:\/\/pizbube.ch\/en\/wp-json\/wp\/v2\/product"}],"about":[{"href":"https:\/\/pizbube.ch\/en\/wp-json\/wp\/v2\/types\/product"}],"wp:featuredmedia":[{"embeddable":true,"href":"https:\/\/pizbube.ch\/en\/wp-json\/wp\/v2\/media\/172605"}],"wp:attachment":[{"href":"https:\/\/pizbube.ch\/en\/wp-json\/wp\/v2\/media?parent=148703"}],"wp:term":[{"taxonomy":"product_brand","embeddable":true,"href":"https:\/\/pizbube.ch\/en\/wp-json\/wp\/v2\/product_brand?post=148703"},{"taxonomy":"product_cat","embeddable":true,"href":"https:\/\/pizbube.ch\/en\/wp-json\/wp\/v2\/product_cat?post=148703"},{"taxonomy":"product_tag","embeddable":true,"href":"https:\/\/pizbube.ch\/en\/wp-json\/wp\/v2\/product_tag?post=148703"}],"curies":[{"name":"wp","href":"https:\/\/api.w.org\/{rel}","templated":true}]}}