{"id":148705,"date":"2021-01-15T10:57:54","date_gmt":"2021-01-15T10:57:54","guid":{"rendered":"https:\/\/codengine3.ch\/?product=import-placeholder-for-206412"},"modified":"2021-03-31T14:26:32","modified_gmt":"2021-03-31T12:26:32","slug":"trainingsskript-des-dav-fuer-das-wettkampfklettern","status":"publish","type":"product","link":"https:\/\/pizbube.ch\/en\/shop\/trainingsskript-des-dav-fuer-das-wettkampfklettern\/","title":{"rendered":"Trainingsskript des DAV f\u00fcr das Wettkampfklettern"},"content":{"rendered":"<p>Basierend auf einem Vorschlag von Guido K\u00f6stermeyer zur Trainingsplanung<br \/>\nanl\u00e4sslich der letzten DAV Trainertagung in M\u00fcnchen, wurde das Trainingsskript<br \/>\nsukzessive bearbeitet und mit weiteren Inhalten gef\u00fcllt.<\/p>\n<p>Herausgekommen ist eine Anleitung zur Trainingsplanung und \u2013kontrolle sowie<br \/>\neine umfangreiche Sammlung von Beispielen des wettkampforientierten Technik-<br \/>\nund Taktik- sowie des Konditionstrainings.<br \/>\nBesonderheit hier ist, dass das Training ausschlie\u00dflich mittels Bouldern und<br \/>\nKlettern stattfindet.<\/p>\n<p>In der 3. Auflage komplett \u00fcberarbeitet und erg\u00e4nzt, ist das DAV<br \/>\nTrainingsskript eine ideale Methodensammlung f\u00fcr alle Klettertrainer \u2013 und<br \/>\nnicht nur f\u00fcr den Wettkampfbereich. Die DAV Bundes-, Landes- und<br \/>\nSt\u00fctzpunkttrainer haben einige ihrer besten Trainingseinheiten<br \/>\nzusammengestellt und geben praktische Anleitungen und Ideen f\u00fcr ein<br \/>\nerfolgreiches Training.<\/p>\n<p>90 Seiten, 3. Auflage 2018<\/p>","protected":false},"excerpt":{"rendered":"<p>Basierend auf einem Vorschlag von Guido K\u00f6stermeyer zur Trainingsplanung anl\u00e4sslich der letzten DAV Trainertagung in M\u00fcnchen, wurde das Trainingsskript sukzessive bearbeitet und mit weiteren Inhalten gef\u00fcllt. Herausgekommen ist eine Anleitung zur Trainingsplanung und \u2013kontrolle sowie eine umfangreiche Sammlung von Beispielen des wettkampforientierten Technik- und Taktik- sowie des Konditionstrainings. Besonderheit hier ist, dass das Training ausschlie\u00dflich [&#8230;]\n","protected":false},"featured_media":156690,"template":"","meta":[],"product_brand":[],"product_cat":[21538],"product_tag":[26829],"class_list":{"0":"post-148705","1":"product","2":"type-product","3":"status-publish","4":"has-post-thumbnail","6":"product_cat-lehrbuecher","7":"product_tag-trainiingsscript","8":"pa_autor-koestermeyer-korb-matros-hofmann-touchi","9":"pa_erscheinungsjahr-21546","10":"pa_region-klettertechnik","11":"pa_sprache-de","13":"first","14":"onbackorder","15":"taxable","16":"shipping-taxable","17":"purchasable","18":"product-type-simple"},"_links":{"self":[{"href":"https:\/\/pizbube.ch\/en\/wp-json\/wp\/v2\/product\/148705","targetHints":{"allow":["GET"]}}],"collection":[{"href":"https:\/\/pizbube.ch\/en\/wp-json\/wp\/v2\/product"}],"about":[{"href":"https:\/\/pizbube.ch\/en\/wp-json\/wp\/v2\/types\/product"}],"wp:featuredmedia":[{"embeddable":true,"href":"https:\/\/pizbube.ch\/en\/wp-json\/wp\/v2\/media\/156690"}],"wp:attachment":[{"href":"https:\/\/pizbube.ch\/en\/wp-json\/wp\/v2\/media?parent=148705"}],"wp:term":[{"taxonomy":"product_brand","embeddable":true,"href":"https:\/\/pizbube.ch\/en\/wp-json\/wp\/v2\/product_brand?post=148705"},{"taxonomy":"product_cat","embeddable":true,"href":"https:\/\/pizbube.ch\/en\/wp-json\/wp\/v2\/product_cat?post=148705"},{"taxonomy":"product_tag","embeddable":true,"href":"https:\/\/pizbube.ch\/en\/wp-json\/wp\/v2\/product_tag?post=148705"}],"curies":[{"name":"wp","href":"https:\/\/api.w.org\/{rel}","templated":true}]}}