{"id":148706,"date":"2021-01-15T10:57:54","date_gmt":"2021-01-15T10:57:54","guid":{"rendered":"https:\/\/codengine3.ch\/?product=import-placeholder-for-201190"},"modified":"2024-01-08T16:13:50","modified_gmt":"2024-01-08T15:13:50","slug":"klettertraining-kraft-beweglichkeit-und-kontrolle-fuer-kletterer-boulderer-ninjas-artisten-und-taktische-berufe","status":"publish","type":"product","link":"https:\/\/pizbube.ch\/en\/shop\/klettertraining-kraft-beweglichkeit-und-kontrolle-fuer-kletterer-boulderer-ninjas-artisten-und-taktische-berufe\/","title":{"rendered":"Klettertraining \u2013 Kraft, Beweglichkeit und Kontrolle f\u00fcr Kletterer, Boulderer, Ninjas, Artisten und taktische Berufe"},"content":{"rendered":"<p>Das neue Trainingsbuch von Udo Neumann (Nachfolgeband von &#171;Lizenz zum Klettern&#187;)<\/p>\n<p>Das Buch nahm seinen Anfang als pers\u00f6nliche Materialsammlung von<br \/>\nTrainingsideen und um den aktuellen Stand der Forschung von Kraft- und<br \/>\nBeweglichkeit f\u00fcr das Klettertraining zu dokumentieren. Dies erwies sich \u00fcber<br \/>\ndie letzten 2 Jahre als umfangreicher als urspr\u00fcnglich gedacht, so dass<br \/>\nKlettertraining jetzt \u00fcber 300 Seiten dick ist.<\/p>\n<p>Die leistungsf\u00e4higsten Kletterer unserer Zeit klettern mit dem ganzen K\u00f6rper.<br \/>\nEin Adam Ondra kann in jeder gegebenen Tritt- und Griffanordnung einen<br \/>\ngr\u00f6\u00dferen Teil der Wand bespielen als es fr\u00fcheren Kletterern m\u00f6glich war.<br \/>\nModerne Kletterer wie er haben nicht mehr, aber besser geschulte Kraft und<br \/>\nBeweglichkeit als ihre Vorg\u00e4nger. Dadurch k\u00f6nnen sich in ganz andere<br \/>\nPositionen verschachteln und Belastungsrichtungen viel besser verspannen.<\/p>\n<p>Dieses Buch zeigt, wie man diese F\u00e4higkeiten entwickeln kann. Es stellt die<br \/>\naktuellen Erkenntnisse der Trainings- und Bewegungslehre sowie der<br \/>\nangrenzenden Wissenschaftsbereiche dar.<\/p>\n<p>Die Trainingsformen haben sich in den letzten Jahren im Klettersport massiv<br \/>\nver\u00e4ndert. Ganzheitliches Training, Schulung der Koordination und viele<br \/>\nElemente aus der Crossfitszene und dem Parcouring haben einen enormen<br \/>\nStellenwert eingenommen. All diese Elemente und die jahrelange Erfahrung als<br \/>\nTrainer des deutschen Boulderkaders flie\u00dfen in dieses Buch ein und lassen auch<br \/>\ndein Training wesentlich abwechslungsreicher, spannender und effektiver<br \/>\nwerden.<\/p>\n<p>Format 17x23cm 312 Seiten<\/p>","protected":false},"excerpt":{"rendered":"<ul>\n<li><a href=\"https:\/\/youtu.be\/7OCPo-MRY5A\" target=\"_blank\" rel=\"noopener\">Video: Klettertraining<\/a><\/li>\n<\/ul>","protected":false},"featured_media":159970,"template":"","meta":[],"product_brand":[],"product_cat":[21538],"product_tag":[27014],"class_list":{"0":"post-148706","1":"product","2":"type-product","3":"status-publish","4":"has-post-thumbnail","6":"product_cat-lehrbuecher","7":"product_tag-lizenz-zum-klettern","8":"pa_autor-neumann","9":"pa_erscheinungsjahr-21571","10":"pa_region-klettertechnik","11":"pa_sprache-de","13":"first","14":"onbackorder","15":"taxable","16":"shipping-taxable","17":"purchasable","18":"product-type-simple"},"_links":{"self":[{"href":"https:\/\/pizbube.ch\/en\/wp-json\/wp\/v2\/product\/148706","targetHints":{"allow":["GET"]}}],"collection":[{"href":"https:\/\/pizbube.ch\/en\/wp-json\/wp\/v2\/product"}],"about":[{"href":"https:\/\/pizbube.ch\/en\/wp-json\/wp\/v2\/types\/product"}],"wp:featuredmedia":[{"embeddable":true,"href":"https:\/\/pizbube.ch\/en\/wp-json\/wp\/v2\/media\/159970"}],"wp:attachment":[{"href":"https:\/\/pizbube.ch\/en\/wp-json\/wp\/v2\/media?parent=148706"}],"wp:term":[{"taxonomy":"product_brand","embeddable":true,"href":"https:\/\/pizbube.ch\/en\/wp-json\/wp\/v2\/product_brand?post=148706"},{"taxonomy":"product_cat","embeddable":true,"href":"https:\/\/pizbube.ch\/en\/wp-json\/wp\/v2\/product_cat?post=148706"},{"taxonomy":"product_tag","embeddable":true,"href":"https:\/\/pizbube.ch\/en\/wp-json\/wp\/v2\/product_tag?post=148706"}],"curies":[{"name":"wp","href":"https:\/\/api.w.org\/{rel}","templated":true}]}}