{"id":148708,"date":"2021-01-15T10:57:54","date_gmt":"2021-01-15T10:57:54","guid":{"rendered":"https:\/\/codengine3.ch\/?product=import-placeholder-for-208777"},"modified":"2021-01-15T17:57:42","modified_gmt":"2021-01-15T17:57:42","slug":"athletiktraining-fuers-klettern-und-bouldern","status":"publish","type":"product","link":"https:\/\/pizbube.ch\/en\/shop\/athletiktraining-fuers-klettern-und-bouldern\/","title":{"rendered":"Athletiktraining f\u00fcrs Klettern und Bouldern"},"content":{"rendered":"<p>\u00dcber 80 \u00dcbungen f\u00fcr Schulter, Core, H\u00fcfte und Sprunggelenk  <\/p>\n<p>Ob im Freien oder indoor, gesichert oder ungesichert \u2013 Klettern beansprucht<br \/>\nden ganzen K\u00f6rper. Umso wichtiger ist es, diesen optimal auf die Belastung<br \/>\nvorzubereiten, denn nur so k\u00f6nnen konstant Fortschritte erzielt werden.<br \/>\nDer Sportwissenschaftler und ausgebildete Klettertrainer Bernd Bachfischer<br \/>\nbietet in seinem Buch zahlreiche \u00dcbungen, um s\u00e4mtliche K\u00f6rperbereiche gezielt<br \/>\nf\u00fcr das Klettern und Bouldern zu trainieren \u2013 von den Beinen \u00fcber den Rumpf<br \/>\nbis zu Schultern und Armen.<\/p>\n<p>Dar\u00fcber hinaus gibt er einen informativen Einblick in die Trainingspraxis:<br \/>\nWelche F\u00e4higkeiten sind notwendig, um richtig zu klettern? Welche<br \/>\nMuskelgruppen werden am meisten beansprucht? Wie gestaltet sich der optimale<br \/>\nRegenerationsprozess?  <\/p>\n<p>Der Leser erh\u00e4lt so die perfekte Kombination aus theoretischem<br \/>\nHintergrundwissen und anwendungsorientierten \u00dcbungen, angereichert mit Dos und<br \/>\nDon\u2019ts, verschiedenen Trainingsmethoden mit und ohne Ger\u00e4te und mentalen<br \/>\nTipps. Dieser Ratgeber gew\u00e4hrt einen intensiven und umfassenden Blick auf das<br \/>\nideale Athletiktraining f\u00fcr alle Klettersportler.<\/p>","protected":false},"excerpt":{"rendered":"<ul>\n<li><a href=\"https:\/\/pizbube.ch\/wp-content\/uploads\/attachments\/a_032\/FA592DADACE828F4F28E9F2F840CDA63.pdf\" target=\"_blank\" rel=\"noopener\">PDF: Leseprobe_Athletiktraining f\u00fcrs Klettern und Bouldern.pdf<\/a><\/li>\n<\/ul>","protected":false},"featured_media":41323,"template":"","meta":[],"product_brand":[],"product_cat":[21538],"product_tag":[],"class_list":{"0":"post-148708","1":"product","2":"type-product","3":"status-publish","4":"has-post-thumbnail","6":"product_cat-lehrbuecher","7":"pa_autor-bachfischer","8":"pa_erscheinungsjahr-21574","9":"pa_region-klettertechnik","10":"pa_sprache-de","12":"first","13":"instock","14":"taxable","15":"shipping-taxable","16":"purchasable","17":"product-type-simple"},"_links":{"self":[{"href":"https:\/\/pizbube.ch\/en\/wp-json\/wp\/v2\/product\/148708","targetHints":{"allow":["GET"]}}],"collection":[{"href":"https:\/\/pizbube.ch\/en\/wp-json\/wp\/v2\/product"}],"about":[{"href":"https:\/\/pizbube.ch\/en\/wp-json\/wp\/v2\/types\/product"}],"wp:featuredmedia":[{"embeddable":true,"href":"https:\/\/pizbube.ch\/en\/wp-json\/wp\/v2\/media\/41323"}],"wp:attachment":[{"href":"https:\/\/pizbube.ch\/en\/wp-json\/wp\/v2\/media?parent=148708"}],"wp:term":[{"taxonomy":"product_brand","embeddable":true,"href":"https:\/\/pizbube.ch\/en\/wp-json\/wp\/v2\/product_brand?post=148708"},{"taxonomy":"product_cat","embeddable":true,"href":"https:\/\/pizbube.ch\/en\/wp-json\/wp\/v2\/product_cat?post=148708"},{"taxonomy":"product_tag","embeddable":true,"href":"https:\/\/pizbube.ch\/en\/wp-json\/wp\/v2\/product_tag?post=148708"}],"curies":[{"name":"wp","href":"https:\/\/api.w.org\/{rel}","templated":true}]}}