{"id":148712,"date":"2021-01-15T10:57:54","date_gmt":"2021-01-15T10:57:54","guid":{"rendered":"https:\/\/codengine3.ch\/?product=import-placeholder-for-204572"},"modified":"2021-01-15T14:34:32","modified_gmt":"2021-01-15T14:34:32","slug":"ak-17-nyjabaejarfjall-1100000","status":"publish","type":"product","link":"https:\/\/pizbube.ch\/en\/shop\/ak-17-nyjabaejarfjall-1100000\/","title":{"rendered":"AK 17 Nyjab\u00e6jarfjall 1:100&#8217;000"},"content":{"rendered":"<p>Island Topografische Karten \/ Atlaskort 1:100.000<br \/>\nDer Isl\u00e4ndische Verlag Mal og Menning pr\u00e4sentierte 2010 erstmals nach<br \/>\nmonatelanger aufwendiger Arbeit eine vollst\u00e4ndig neue Serie topographischer<br \/>\nKarten von Island, die sie &#171;Atlaskort&#187; nennen.<\/p>\n<p>Orte, Stra\u00dfennummer, asphaltierte Stra\u00dfe, Schotterstra\u00dfe, Piste, Tunnel,<br \/>\nF\u00e4hre, Furt, Wanderweg, Reitweg,<br \/>\nBauernhof, Verlassener Hof, Ruinen, Schule, Kirche, Campingplatz, Schwimmbad,<br \/>\nSommerhaus, Golfplatz, Schutzh\u00fctte, Flugplatz, Leuchtturm, Wasserkraftwerk,<br \/>\nSchafscheideplatz, Geothermalkraftwerk, Stromleitungen,<br \/>\nH\u00f6henlinien 100\/20 m, H\u00f6henlinien auf Gletschern, H\u00f6henangaben in Meter,<br \/>\ngeschlossene Vegetation, sp\u00e4rliche Vegetation, Lava, Sandfl\u00e4chen, Lehmboden,<br \/>\nFluss, See, Teich, Stausee, zeitweiliger See, K\u00fcstenlinien, Meer, Gletscher,<br \/>\nmit GPS-Koordinaten am Kartenrand, ISN93<\/p>\n<p>Viersprachige Legende in Isl\u00e4ndisch, Englisch, Deutsch und Franz\u00f6sisch<\/p>","protected":false},"excerpt":{"rendered":"<p>Island Topografische Karten \/ Atlaskort 1:100.000 Der Isl\u00e4ndische Verlag Mal og Menning pr\u00e4sentierte 2010 erstmals nach monatelanger aufwendiger Arbeit eine vollst\u00e4ndig neue Serie topographischer Karten von Island, die sie &#171;Atlaskort&#187; nennen. Orte, Stra\u00dfennummer, asphaltierte Stra\u00dfe, Schotterstra\u00dfe, Piste, Tunnel, F\u00e4hre, Furt, Wanderweg, Reitweg, Bauernhof, Verlassener Hof, Ruinen, Schule, Kirche, Campingplatz, Schwimmbad, Sommerhaus, Golfplatz, Schutzh\u00fctte, Flugplatz, Leuchtturm, [&#8230;]\n","protected":false},"featured_media":32697,"template":"","meta":[],"product_brand":[],"product_cat":[21543],"product_tag":[],"class_list":{"0":"post-148712","1":"product","2":"type-product","3":"status-publish","4":"has-post-thumbnail","6":"product_cat-landkarten","7":"pa_autor-forlagid","8":"pa_erscheinungsjahr-21830","9":"pa_region-arktis-antarktis-groenland-island","10":"pa_sprache-de-en-isl-fr","12":"first","13":"instock","14":"taxable","15":"shipping-taxable","16":"purchasable","17":"product-type-simple"},"_links":{"self":[{"href":"https:\/\/pizbube.ch\/en\/wp-json\/wp\/v2\/product\/148712","targetHints":{"allow":["GET"]}}],"collection":[{"href":"https:\/\/pizbube.ch\/en\/wp-json\/wp\/v2\/product"}],"about":[{"href":"https:\/\/pizbube.ch\/en\/wp-json\/wp\/v2\/types\/product"}],"wp:featuredmedia":[{"embeddable":true,"href":"https:\/\/pizbube.ch\/en\/wp-json\/wp\/v2\/media\/32697"}],"wp:attachment":[{"href":"https:\/\/pizbube.ch\/en\/wp-json\/wp\/v2\/media?parent=148712"}],"wp:term":[{"taxonomy":"product_brand","embeddable":true,"href":"https:\/\/pizbube.ch\/en\/wp-json\/wp\/v2\/product_brand?post=148712"},{"taxonomy":"product_cat","embeddable":true,"href":"https:\/\/pizbube.ch\/en\/wp-json\/wp\/v2\/product_cat?post=148712"},{"taxonomy":"product_tag","embeddable":true,"href":"https:\/\/pizbube.ch\/en\/wp-json\/wp\/v2\/product_tag?post=148712"}],"curies":[{"name":"wp","href":"https:\/\/api.w.org\/{rel}","templated":true}]}}