{"id":148713,"date":"2021-01-15T10:57:54","date_gmt":"2021-01-15T10:57:54","guid":{"rendered":"https:\/\/codengine3.ch\/?product=import-placeholder-for-206717"},"modified":"2024-06-03T12:21:24","modified_gmt":"2024-06-03T10:21:24","slug":"rock-projects-salzkammergut-kletterfuehrer","status":"publish","type":"product","link":"https:\/\/pizbube.ch\/en\/shop\/rock-projects-salzkammergut-kletterfuehrer\/","title":{"rendered":"Rock Projects &#8211; Salzkammergut Kletterf\u00fchrer"},"content":{"rendered":"<p>Sportklettern, alpines Sportklettern und Bouldern im Salzkammergut<\/p>\n<p>Der moderne Sportkletterf\u00fchrer RockProjects-Salzkammergut ist das einschl\u00e4gige<br \/>\nF\u00fchrerwerk der Region Salzkammergut und bedient alle Facetten des Kletterns:<br \/>\nSportklettern in Kletterg\u00e4rten, alpines Sportklettern und Bouldern.<\/p>\n<p>Die relevanten Texte zu den Klettergebieten sind auch in englischer Sprache<br \/>\nabgefasst. Auf 480 Seiten werden die Klettergebiete der ober\u00f6sterreichischen<br \/>\nund salzburger Voralpen bis ins steirische Ennstal \u00fcbersichtlich dargestellt.<br \/>\n31 Klettergebiete mit insgesamt 3206 Routen (Seill\u00e4ngenanzahl) vom Almtal \u00fcber<br \/>\ndie Salzkammergut-Seenregion bis ins<br \/>\nInnere Salzkammergut und dem Ausseerland werden ausf\u00fchrlich beschrieben.<\/p>\n<p>Gebiete: Mondseeland, Wolfgangsee, Attersee, Traunsee, Almtal, Ausseerland,<br \/>\nDachstein, Salzkammergut<\/p>","protected":false},"excerpt":{"rendered":"<p>Sportklettern, alpines Sportklettern und Bouldern im Salzkammergut Der moderne Sportkletterf\u00fchrer RockProjects-Salzkammergut ist das einschl\u00e4gige F\u00fchrerwerk der Region Salzkammergut und bedient alle Facetten des Kletterns: Sportklettern in Kletterg\u00e4rten, alpines Sportklettern und Bouldern. Die relevanten Texte zu den Klettergebieten sind auch in englischer Sprache abgefasst. Auf 480 Seiten werden die Klettergebiete der ober\u00f6sterreichischen und salzburger Voralpen bis [&#8230;]\n","protected":false},"featured_media":173223,"template":"","meta":[],"product_brand":[],"product_cat":[21539],"product_tag":[],"class_list":{"0":"post-148713","1":"product","2":"type-product","3":"status-publish","4":"has-post-thumbnail","6":"product_cat-fuehrerliteratur-sportklettern-bouldern","7":"pa_autor-mayrhuber-reizelsdorfer","8":"pa_erscheinungsjahr-21574","9":"pa_region-oesterreich","10":"pa_sprache-de","12":"first","13":"instock","14":"taxable","15":"shipping-taxable","16":"purchasable","17":"product-type-simple"},"_links":{"self":[{"href":"https:\/\/pizbube.ch\/en\/wp-json\/wp\/v2\/product\/148713","targetHints":{"allow":["GET"]}}],"collection":[{"href":"https:\/\/pizbube.ch\/en\/wp-json\/wp\/v2\/product"}],"about":[{"href":"https:\/\/pizbube.ch\/en\/wp-json\/wp\/v2\/types\/product"}],"wp:featuredmedia":[{"embeddable":true,"href":"https:\/\/pizbube.ch\/en\/wp-json\/wp\/v2\/media\/173223"}],"wp:attachment":[{"href":"https:\/\/pizbube.ch\/en\/wp-json\/wp\/v2\/media?parent=148713"}],"wp:term":[{"taxonomy":"product_brand","embeddable":true,"href":"https:\/\/pizbube.ch\/en\/wp-json\/wp\/v2\/product_brand?post=148713"},{"taxonomy":"product_cat","embeddable":true,"href":"https:\/\/pizbube.ch\/en\/wp-json\/wp\/v2\/product_cat?post=148713"},{"taxonomy":"product_tag","embeddable":true,"href":"https:\/\/pizbube.ch\/en\/wp-json\/wp\/v2\/product_tag?post=148713"}],"curies":[{"name":"wp","href":"https:\/\/api.w.org\/{rel}","templated":true}]}}