{"id":148715,"date":"2021-01-15T10:57:55","date_gmt":"2021-01-15T10:57:55","guid":{"rendered":"https:\/\/codengine3.ch\/?product=import-placeholder-for-203071"},"modified":"2023-02-17T12:04:34","modified_gmt":"2023-02-17T11:04:34","slug":"sportklettern-oesterreich-ost-band-1","status":"publish","type":"product","link":"https:\/\/pizbube.ch\/en\/shop\/sportklettern-oesterreich-ost-band-1\/","title":{"rendered":"SPORTKLETTERN \u00d6sterreich Ost Band 1"},"content":{"rendered":"<p>Band 1: Long Climbs alpine Sportkletterrouten Schwierigkeitsniveau ab 6\/6+;<\/p>\n<p>Gebiete: Hohe Wand, Rax\/Schneeberg, Wachau, Burg, Adlitzgr\u00e4ben, Grazer<br \/>\nBergland, Hochschwab, Ges\u00e4use, Totes Gebirge, Dachsteingebirge, Gosaukamm,<br \/>\nSalzkammergut. Das Autoren-Team stellt in diesem Band \u00fcber 200 Long Climbs,<br \/>\nalso Sportkletterrouten ab drei Seill\u00e4ngen vor.<\/p>\n<p>Die Pr\u00e4sentation erfolgt dabei erstmalig mit vierf\u00e4rbigen Topos, welche Infos<br \/>\nwie Absicherungs- und Felsbewertung, Routen- und Seill\u00e4ngen-Charakter,<br \/>\nStellenbewertung, Rp-Bewertung, Schnell\u00fcberblick, Materialinfo, BH-<br \/>\nEinzeichnung, Wandexposition, usw.<br \/>\nbeinhalten.<\/p>\n<p>Dazu genaue Infos \u00fcber Zu-\/Abstieg, Charakter, Wandh\u00f6he,<br \/>\nKletterzeit,erforderliches Material, EB, \u00dcbersichten, usw., sowie<br \/>\nhervorragende, durchgehend farbige Fotos von jeder Route. 356 S.<\/p>","protected":false},"excerpt":{"rendered":"<p>Band 1: Long Climbs alpine Sportkletterrouten Schwierigkeitsniveau ab 6\/6+; Gebiete: Hohe Wand, Rax\/Schneeberg, Wachau, Burg, Adlitzgr\u00e4ben, Grazer Bergland, Hochschwab, Ges\u00e4use, Totes Gebirge, Dachsteingebirge, Gosaukamm, Salzkammergut. Das Autoren-Team stellt in diesem Band \u00fcber 200 Long Climbs, also Sportkletterrouten ab drei Seill\u00e4ngen vor. Die Pr\u00e4sentation erfolgt dabei erstmalig mit vierf\u00e4rbigen Topos, welche Infos wie Absicherungs- und Felsbewertung, [&#8230;]\n","protected":false},"featured_media":157107,"template":"","meta":[],"product_brand":[],"product_cat":[21539],"product_tag":[],"class_list":{"0":"post-148715","1":"product","2":"type-product","3":"status-publish","4":"has-post-thumbnail","6":"product_cat-fuehrerliteratur-sportklettern-bouldern","7":"pa_autor-brehm-schall-grabner","8":"pa_erscheinungsjahr-22292","9":"pa_region-oesterreich","10":"pa_sprache-de","12":"first","13":"instock","14":"taxable","15":"shipping-taxable","16":"purchasable","17":"product-type-simple"},"_links":{"self":[{"href":"https:\/\/pizbube.ch\/en\/wp-json\/wp\/v2\/product\/148715","targetHints":{"allow":["GET"]}}],"collection":[{"href":"https:\/\/pizbube.ch\/en\/wp-json\/wp\/v2\/product"}],"about":[{"href":"https:\/\/pizbube.ch\/en\/wp-json\/wp\/v2\/types\/product"}],"wp:featuredmedia":[{"embeddable":true,"href":"https:\/\/pizbube.ch\/en\/wp-json\/wp\/v2\/media\/157107"}],"wp:attachment":[{"href":"https:\/\/pizbube.ch\/en\/wp-json\/wp\/v2\/media?parent=148715"}],"wp:term":[{"taxonomy":"product_brand","embeddable":true,"href":"https:\/\/pizbube.ch\/en\/wp-json\/wp\/v2\/product_brand?post=148715"},{"taxonomy":"product_cat","embeddable":true,"href":"https:\/\/pizbube.ch\/en\/wp-json\/wp\/v2\/product_cat?post=148715"},{"taxonomy":"product_tag","embeddable":true,"href":"https:\/\/pizbube.ch\/en\/wp-json\/wp\/v2\/product_tag?post=148715"}],"curies":[{"name":"wp","href":"https:\/\/api.w.org\/{rel}","templated":true}]}}