{"id":148716,"date":"2021-01-15T10:58:00","date_gmt":"2021-01-15T10:58:00","guid":{"rendered":"https:\/\/codengine3.ch\/?product=import-placeholder-for-206963"},"modified":"2023-03-09T10:40:58","modified_gmt":"2023-03-09T09:40:58","slug":"griechenland-corfu-trail","status":"publish","type":"product","link":"https:\/\/pizbube.ch\/en\/shop\/griechenland-corfu-trail\/","title":{"rendered":"Griechenland: Corfu-Trail"},"content":{"rendered":"<p>Der Corfu Trail ist ein etwa 220 km langer Fernwanderweg, der die gr\u00fcne Insel<br \/>\nvon S\u00fcden nach Norden erschlie\u00dft. Er zeigt die n\u00f6rdlichste Ionische Insel von<br \/>\nihrer sch\u00f6nsten Seite: Von den wei\u00dfen Klippen an ihrem S\u00fcdkap \u00fcber die<br \/>\nsandigen Str\u00e4nde an der Westk\u00fcste, die fruchtbaren Ebenen im Inselinnern und<br \/>\ndie hohen Berge im Norden bis hin zur rauen K\u00fcste im Nordosten sind alle<br \/>\nLandschaftsformen vertreten. Er f\u00fchrt streckenweise durch weitgehend<br \/>\nunber\u00fchrte Natur und viele kleine D\u00f6rfer, die noch ihren urspr\u00fcnglichen Charme<br \/>\nerhalten haben.<\/p>\n<p>Der Corfu Trail verl\u00e4uft auf verschiedenen Untergr\u00fcnden: von rohen Bergpfaden<br \/>\n\u00fcber kiesige oder sandige Str\u00e4nde und unbefestigte landwirtschaftliche Wege<br \/>\nbis hin zu gepflasterten und asphaltierten Stra\u00dfen. Er eignet sich f\u00fcr alle<br \/>\n`normalen` Wanderer, die in der Lage sind, eine Strecke von bis zu 20 km pro<br \/>\nTag auch im bergigen Gel\u00e4nde zu bew\u00e4ltigen. Hochgebirgserfahrung und<br \/>\nSchwindelfreiheit sind auf diesem Weg nicht erforderlich.<\/p>\n<p>Im Buch wird der gesamte Wanderweg in 15 einzelnen Etappen beschrieben, die in<br \/>\nder Regel zwischen 10 und 20 km lang sind. Die einzelnen Routenbeschreibungen<br \/>\nenthalten ausf\u00fchrliche Angaben \u00fcber den Wegverlauf, \u00dcbernachtungs- und<br \/>\nVersorgungsm\u00f6glichkeiten sowie Informationen zu interessanten Details aus<br \/>\nNatur und Landschaft, Kultur und Geschichte.<br \/>\n1. Auflage 2012, 144 Seiten, 19 Karten, 40 farbige Abbildungen<\/p>","protected":false},"excerpt":{"rendered":"<p>Der Corfu Trail ist ein etwa 220 km langer Fernwanderweg, der die gr\u00fcne Insel von S\u00fcden nach Norden erschlie\u00dft. Er zeigt die n\u00f6rdlichste Ionische Insel von ihrer sch\u00f6nsten Seite: Von den wei\u00dfen Klippen an ihrem S\u00fcdkap \u00fcber die sandigen Str\u00e4nde an der Westk\u00fcste, die fruchtbaren Ebenen im Inselinnern und die hohen Berge im Norden bis [&#8230;]\n","protected":false},"featured_media":36522,"template":"","meta":[],"product_brand":[],"product_cat":[21605],"product_tag":[],"class_list":{"0":"post-148716","1":"product","2":"type-product","3":"status-publish","4":"has-post-thumbnail","6":"product_cat-wanderfuehrer-trekking","7":"pa_autor-engel","8":"pa_erscheinungsjahr-21621","9":"pa_region-griechenland","10":"pa_sprache-de","12":"first","13":"outofstock","14":"taxable","15":"shipping-taxable","16":"purchasable","17":"product-type-simple"},"_links":{"self":[{"href":"https:\/\/pizbube.ch\/en\/wp-json\/wp\/v2\/product\/148716","targetHints":{"allow":["GET"]}}],"collection":[{"href":"https:\/\/pizbube.ch\/en\/wp-json\/wp\/v2\/product"}],"about":[{"href":"https:\/\/pizbube.ch\/en\/wp-json\/wp\/v2\/types\/product"}],"wp:featuredmedia":[{"embeddable":true,"href":"https:\/\/pizbube.ch\/en\/wp-json\/wp\/v2\/media\/36522"}],"wp:attachment":[{"href":"https:\/\/pizbube.ch\/en\/wp-json\/wp\/v2\/media?parent=148716"}],"wp:term":[{"taxonomy":"product_brand","embeddable":true,"href":"https:\/\/pizbube.ch\/en\/wp-json\/wp\/v2\/product_brand?post=148716"},{"taxonomy":"product_cat","embeddable":true,"href":"https:\/\/pizbube.ch\/en\/wp-json\/wp\/v2\/product_cat?post=148716"},{"taxonomy":"product_tag","embeddable":true,"href":"https:\/\/pizbube.ch\/en\/wp-json\/wp\/v2\/product_tag?post=148716"}],"curies":[{"name":"wp","href":"https:\/\/api.w.org\/{rel}","templated":true}]}}