{"id":148717,"date":"2021-01-15T10:58:01","date_gmt":"2021-01-15T10:58:01","guid":{"rendered":"https:\/\/codengine3.ch\/?product=import-placeholder-for-200484"},"modified":"2021-01-15T10:58:03","modified_gmt":"2021-01-15T10:58:03","slug":"wanderregion-urschweiz-nidwalden-uri","status":"publish","type":"product","link":"https:\/\/pizbube.ch\/en\/shop\/wanderregion-urschweiz-nidwalden-uri\/","title":{"rendered":"Wanderregion Urschweiz Nidwalden &#8211; Uri"},"content":{"rendered":"<p>\n20 Touren und f\u00fcnf Tagesetappen entlang der Via Urschweiz  <\/p>\n<p>Die Via Urschweiz verbindet zwei Gr\u00fcndungskantone der Schweiz: Uri und<br \/>\nNidwalden. Der zwischen &#171;Weg der Schweiz&#187; und Waldst\u00e4tterweg gelegene<br \/>\nWanderweg f\u00fchrt durch Naturschutzgebiete, reizvolle Landschaften und<br \/>\nhistorisch bedeutende Orte von teils nationaler Ausstrahlung wie das R\u00fctli und<br \/>\ndie Treib.  <\/p>\n<p>Der neue, reich bebilderte Kultur-Wanderf\u00fchrer verbindet attraktive<br \/>\nRoutenbeschreibungen, Kurzportraits zu den beteiligten Gemeinden und<br \/>\nvertiefende Hintergrundthemen f\u00fcr Wanderfreudige und kulturgeschichtlich<br \/>\nInteressierte. Neben den landschaftlichen Besonderheiten werden zahlreiche<br \/>\nhistorische, sprachgeschichtliche, kulturelle und mythologische Trouvaillen<br \/>\naus der Region vorgestellt. Entdecken Sie mit diesem Reisebegleiter eine<br \/>\nzauberhafte und kulturhistorisch reiche Region!<\/p>\n<p>Gebunden; 220 Seiten  <\/p>","protected":false},"excerpt":{"rendered":"<p>20 Touren und f\u00fcnf Tagesetappen entlang der Via Urschweiz Die Via Urschweiz verbindet zwei Gr\u00fcndungskantone der Schweiz: Uri und Nidwalden. Der zwischen &#171;Weg der Schweiz&#187; und Waldst\u00e4tterweg gelegene Wanderweg f\u00fchrt durch Naturschutzgebiete, reizvolle Landschaften und historisch bedeutende Orte von teils nationaler Ausstrahlung wie das R\u00fctli und die Treib. Der neue, reich bebilderte Kultur-Wanderf\u00fchrer verbindet attraktive [&#8230;]\n","protected":false},"featured_media":27061,"template":"","meta":[],"product_brand":[],"product_cat":[21605],"product_tag":[],"class_list":{"0":"post-148717","1":"product","2":"type-product","3":"status-publish","4":"has-post-thumbnail","6":"product_cat-wanderfuehrer-trekking","7":"pa_autor-herger","8":"pa_erscheinungsjahr-21586","9":"pa_region-schweiz","10":"pa_sprache-de","12":"first","13":"instock","14":"taxable","15":"shipping-taxable","16":"purchasable","17":"product-type-simple"},"_links":{"self":[{"href":"https:\/\/pizbube.ch\/en\/wp-json\/wp\/v2\/product\/148717","targetHints":{"allow":["GET"]}}],"collection":[{"href":"https:\/\/pizbube.ch\/en\/wp-json\/wp\/v2\/product"}],"about":[{"href":"https:\/\/pizbube.ch\/en\/wp-json\/wp\/v2\/types\/product"}],"wp:featuredmedia":[{"embeddable":true,"href":"https:\/\/pizbube.ch\/en\/wp-json\/wp\/v2\/media\/27061"}],"wp:attachment":[{"href":"https:\/\/pizbube.ch\/en\/wp-json\/wp\/v2\/media?parent=148717"}],"wp:term":[{"taxonomy":"product_brand","embeddable":true,"href":"https:\/\/pizbube.ch\/en\/wp-json\/wp\/v2\/product_brand?post=148717"},{"taxonomy":"product_cat","embeddable":true,"href":"https:\/\/pizbube.ch\/en\/wp-json\/wp\/v2\/product_cat?post=148717"},{"taxonomy":"product_tag","embeddable":true,"href":"https:\/\/pizbube.ch\/en\/wp-json\/wp\/v2\/product_tag?post=148717"}],"curies":[{"name":"wp","href":"https:\/\/api.w.org\/{rel}","templated":true}]}}