{"id":148718,"date":"2021-01-15T10:58:01","date_gmt":"2021-01-15T10:58:01","guid":{"rendered":"https:\/\/codengine3.ch\/?product=import-placeholder-for-204838"},"modified":"2021-01-15T14:36:42","modified_gmt":"2021-01-15T14:36:42","slug":"uri-gotthard","status":"publish","type":"product","link":"https:\/\/pizbube.ch\/en\/shop\/uri-gotthard\/","title":{"rendered":"Uri &#8211; Gotthard"},"content":{"rendered":"<p>Vom Mythos zur Moderne: 22 Wanderungen in der Urschweiz  <\/p>\n<p>Beim Wandern im Gotthardkanton Uri bewegen wir uns nicht nur in der<br \/>\nLandschaft, sondern auch in der Zeit. Uri hat alles zu bieten, und dieses Buch<br \/>\nl\u00e4dt ein zu einer `Weltreise zu Fu\u00df`.<br \/>\nDieses Wanderbuch umfasst 22 Wandertouren, die von den mythenumrankten<br \/>\nGotthardh\u00f6hen bis zu den Gestaden des Urnersees reichen. Wasser und Gestein<br \/>\nsind allgegenw\u00e4rtig, den Gotthard lassen wir nie hinter uns, die Gletscher und<br \/>\nFirne verleihen frischen Aufwind, der Urnersee erinnert an eine<br \/>\nFjordlandschaft, der Bristen verschafft Orientierungshilfe, abgelegene T\u00e4ler<br \/>\nwie das Schindlachtal lassen mehr als nur eine Ahnung von Wildnis aufkommen.<br \/>\nZahlreiche Zeugnisse der wechselvollen Geschichte des Kantons Uri sind<br \/>\nerhalten geblieben und haben sich im Laufe der Jahrhunderte zu ausgewachsenen<br \/>\nMythen entwickelt. Im Auf und Ab \u00fcber Stock und Stein kreuzen sie unsere<br \/>\nPfade: der Tell, Schiller und Goethe, `Der goldene Ring`, D\u00e4twyler, K\u00f6nig<br \/>\nLudwig, der Leibhaftige himself, die Gener\u00e4le Suworow und Guisan, die<br \/>\nSch\u00f6pferin der Alpenmode, das R\u00fctli, die Korporationen und viele mehr.<br \/>\nZahlreiche Gasth\u00e4user und Beizli locken die Wandersleute an, und das dichte<br \/>\nWanderwegnetz, das auch die abgeschiedenen Seitent\u00e4ler mit einbezieht, ist<br \/>\neine ausgezeichnete Voraussetzung f\u00fcr Streifz\u00fcge \u00fcber Berg und Tal.<\/p>","protected":false},"excerpt":{"rendered":"<p>Vom Mythos zur Moderne: 22 Wanderungen in der Urschweiz Beim Wandern im Gotthardkanton Uri bewegen wir uns nicht nur in der Landschaft, sondern auch in der Zeit. Uri hat alles zu bieten, und dieses Buch l\u00e4dt ein zu einer `Weltreise zu Fu\u00df`. Dieses Wanderbuch umfasst 22 Wandertouren, die von den mythenumrankten Gotthardh\u00f6hen bis zu den [&#8230;]\n","protected":false},"featured_media":33367,"template":"","meta":[],"product_brand":[],"product_cat":[21605],"product_tag":[],"class_list":{"0":"post-148718","1":"product","2":"type-product","3":"status-publish","4":"has-post-thumbnail","6":"product_cat-wanderfuehrer-trekking","7":"pa_autor-soler","8":"pa_erscheinungsjahr-21842","9":"pa_region-schweiz","10":"pa_sprache-de","12":"first","13":"instock","14":"taxable","15":"shipping-taxable","16":"purchasable","17":"product-type-simple"},"_links":{"self":[{"href":"https:\/\/pizbube.ch\/en\/wp-json\/wp\/v2\/product\/148718","targetHints":{"allow":["GET"]}}],"collection":[{"href":"https:\/\/pizbube.ch\/en\/wp-json\/wp\/v2\/product"}],"about":[{"href":"https:\/\/pizbube.ch\/en\/wp-json\/wp\/v2\/types\/product"}],"wp:featuredmedia":[{"embeddable":true,"href":"https:\/\/pizbube.ch\/en\/wp-json\/wp\/v2\/media\/33367"}],"wp:attachment":[{"href":"https:\/\/pizbube.ch\/en\/wp-json\/wp\/v2\/media?parent=148718"}],"wp:term":[{"taxonomy":"product_brand","embeddable":true,"href":"https:\/\/pizbube.ch\/en\/wp-json\/wp\/v2\/product_brand?post=148718"},{"taxonomy":"product_cat","embeddable":true,"href":"https:\/\/pizbube.ch\/en\/wp-json\/wp\/v2\/product_cat?post=148718"},{"taxonomy":"product_tag","embeddable":true,"href":"https:\/\/pizbube.ch\/en\/wp-json\/wp\/v2\/product_tag?post=148718"}],"curies":[{"name":"wp","href":"https:\/\/api.w.org\/{rel}","templated":true}]}}