{"id":148719,"date":"2021-01-15T10:58:01","date_gmt":"2021-01-15T10:58:01","guid":{"rendered":"https:\/\/codengine3.ch\/?product=import-placeholder-for-203269"},"modified":"2021-01-15T14:21:38","modified_gmt":"2021-01-15T14:21:38","slug":"alpenkranz-uri","status":"publish","type":"product","link":"https:\/\/pizbube.ch\/en\/shop\/alpenkranz-uri\/","title":{"rendered":"Alpenkranz Uri"},"content":{"rendered":"<p>Beschrieben sind 38 Verbindungsrouten von H\u00fctte zu H\u00fctte rund um den Kanton<br \/>\nUri mit speziellen Angeboten und weiteren wichtigen Informationen.<br \/>\nDas vierfarbige B\u00fcchlein umfasst 100 Seiten und gibt \u00dcbersicht \u00fcber s\u00e4mtliche<br \/>\nUrner Bergh\u00fctten und Berggasth\u00e4user.  <\/p>\n<p>Uri besticht durch seine Vielseitigkeit: Von den Badeinseln des Urnersees \u00fcber<br \/>\ndie geschichtstr\u00e4chtigen D\u00f6rfer bis zu den bizarren Felst\u00fcrmen im<br \/>\nGotthardmassiv \u00fcberrascht Uri immer wieder neu.  <\/p>\n<p>Gepr\u00e4gt von der kraftvollen Spannung einer urt\u00fcmlichen Berglandschaft mit<br \/>\nP\u00e4ssen in allen Himmelsrichtungen bietet das Urnerland Abwechslung und Raum<br \/>\nf\u00fcr die verschiedensten Freizeitm\u00f6glichkeiten.<br \/>\n4. Auflage 2011  <\/p>","protected":false},"excerpt":{"rendered":"<ul>\n<li><b>INFO: Neuauflage laut Verlag Fr\u00fchjahr 2019<b><\/li>\n<\/ul>","protected":false},"featured_media":30845,"template":"","meta":[],"product_brand":[],"product_cat":[21605],"product_tag":[],"class_list":{"0":"post-148719","1":"product","2":"type-product","3":"status-publish","4":"has-post-thumbnail","6":"product_cat-wanderfuehrer-trekking","7":"pa_autor-betschart","8":"pa_erscheinungsjahr-21610","9":"pa_region-schweiz","10":"pa_sprache-de","12":"first","13":"outofstock","14":"taxable","15":"shipping-taxable","16":"purchasable","17":"product-type-simple"},"_links":{"self":[{"href":"https:\/\/pizbube.ch\/en\/wp-json\/wp\/v2\/product\/148719","targetHints":{"allow":["GET"]}}],"collection":[{"href":"https:\/\/pizbube.ch\/en\/wp-json\/wp\/v2\/product"}],"about":[{"href":"https:\/\/pizbube.ch\/en\/wp-json\/wp\/v2\/types\/product"}],"wp:featuredmedia":[{"embeddable":true,"href":"https:\/\/pizbube.ch\/en\/wp-json\/wp\/v2\/media\/30845"}],"wp:attachment":[{"href":"https:\/\/pizbube.ch\/en\/wp-json\/wp\/v2\/media?parent=148719"}],"wp:term":[{"taxonomy":"product_brand","embeddable":true,"href":"https:\/\/pizbube.ch\/en\/wp-json\/wp\/v2\/product_brand?post=148719"},{"taxonomy":"product_cat","embeddable":true,"href":"https:\/\/pizbube.ch\/en\/wp-json\/wp\/v2\/product_cat?post=148719"},{"taxonomy":"product_tag","embeddable":true,"href":"https:\/\/pizbube.ch\/en\/wp-json\/wp\/v2\/product_tag?post=148719"}],"curies":[{"name":"wp","href":"https:\/\/api.w.org\/{rel}","templated":true}]}}