{"id":148720,"date":"2021-01-15T10:58:01","date_gmt":"2021-01-15T10:58:01","guid":{"rendered":"https:\/\/codengine3.ch\/?product=import-placeholder-for-206634"},"modified":"2021-01-15T14:50:23","modified_gmt":"2021-01-15T14:50:23","slug":"muenchner-hausberge-faltpanoramen-box","status":"publish","type":"product","link":"https:\/\/pizbube.ch\/en\/shop\/muenchner-hausberge-faltpanoramen-box\/","title":{"rendered":"M\u00fcnchner Hausberge Faltpanoramen-Box"},"content":{"rendered":"<p>Mit Bezeichnungen und H\u00f6henangaben zu jedem Gipfel. Mit kurzen Beschreibungen<br \/>\nzu Wanderrouten und Schwierigkeitsgrad  <\/p>\n<p>Nach dem gro\u00dfen Erfolg des Bildbandes M\u00fcnchner Hausberge im Panorama folgen<br \/>\njetzt die Gipfelansichten als praktischer Begleiter f\u00fcr Wandertouren. Jeweils<br \/>\nin \u00fcber 150 cm Breite pr\u00e4sentieren sie einen Rundumblick und erkl\u00e4ren dem<br \/>\nBetrachter die umliegende Bergwelt mit ausf\u00fchrlichen Gipfelbezeichnungen und<br \/>\nden entsprechenden H\u00f6henangaben. Beschreibungen der Wanderrouten mit<br \/>\nEinordnung in Schwierigkeitsgraden runden diese au\u00dfergew\u00f6hnliche Sammlung ab<br \/>\nund sind der ideale Begleiter f\u00fcr den Ausflug rund um die bayerische<br \/>\nHauptstadt. Die Panoramen sind in vielj\u00e4hriger Arbeit entstanden und<br \/>\nportraitieren die Gebirgswelt der Ammergauer Alpen, der bayerischen Voralpen,<br \/>\ndes Wettersteingebirges, der Mieminger Kette, des Karwendelgebirges und der<br \/>\nBrandenberger Alpen.  <\/p>","protected":false},"excerpt":{"rendered":"<p>Mit Bezeichnungen und H\u00f6henangaben zu jedem Gipfel. Mit kurzen Beschreibungen zu Wanderrouten und Schwierigkeitsgrad Nach dem gro\u00dfen Erfolg des Bildbandes M\u00fcnchner Hausberge im Panorama folgen jetzt die Gipfelansichten als praktischer Begleiter f\u00fcr Wandertouren. Jeweils in \u00fcber 150 cm Breite pr\u00e4sentieren sie einen Rundumblick und erkl\u00e4ren dem Betrachter die umliegende Bergwelt mit ausf\u00fchrlichen Gipfelbezeichnungen und den [&#8230;]\n","protected":false},"featured_media":35731,"template":"","meta":[],"product_brand":[],"product_cat":[21542],"product_tag":[],"class_list":{"0":"post-148720","1":"product","2":"type-product","3":"status-publish","4":"has-post-thumbnail","6":"product_cat-sachbuecher-dokumentationen","7":"pa_autor-panorama","8":"pa_erscheinungsjahr-21610","9":"pa_region-deutschland","10":"pa_sprache-de","12":"first","13":"outofstock","14":"taxable","15":"shipping-taxable","16":"purchasable","17":"product-type-simple"},"_links":{"self":[{"href":"https:\/\/pizbube.ch\/en\/wp-json\/wp\/v2\/product\/148720","targetHints":{"allow":["GET"]}}],"collection":[{"href":"https:\/\/pizbube.ch\/en\/wp-json\/wp\/v2\/product"}],"about":[{"href":"https:\/\/pizbube.ch\/en\/wp-json\/wp\/v2\/types\/product"}],"wp:featuredmedia":[{"embeddable":true,"href":"https:\/\/pizbube.ch\/en\/wp-json\/wp\/v2\/media\/35731"}],"wp:attachment":[{"href":"https:\/\/pizbube.ch\/en\/wp-json\/wp\/v2\/media?parent=148720"}],"wp:term":[{"taxonomy":"product_brand","embeddable":true,"href":"https:\/\/pizbube.ch\/en\/wp-json\/wp\/v2\/product_brand?post=148720"},{"taxonomy":"product_cat","embeddable":true,"href":"https:\/\/pizbube.ch\/en\/wp-json\/wp\/v2\/product_cat?post=148720"},{"taxonomy":"product_tag","embeddable":true,"href":"https:\/\/pizbube.ch\/en\/wp-json\/wp\/v2\/product_tag?post=148720"}],"curies":[{"name":"wp","href":"https:\/\/api.w.org\/{rel}","templated":true}]}}