{"id":148722,"date":"2021-01-15T10:58:01","date_gmt":"2021-01-15T10:58:01","guid":{"rendered":"https:\/\/codengine3.ch\/?product=import-placeholder-for-207627"},"modified":"2021-01-15T16:05:20","modified_gmt":"2021-01-15T16:05:20","slug":"face-a-face","status":"publish","type":"product","link":"https:\/\/pizbube.ch\/en\/shop\/face-a-face\/","title":{"rendered":"FACE A FACE"},"content":{"rendered":"<p>100 photographies en couleur et noir et blanc<\/p>\n<p>Avant-propos de Pierre Starobinski<br \/>\nOuvrage trilingue fran\u00e7ais-allemand-anglais<\/p>\n<p>Der Fotograf Maurice Schobinger und der Bergf\u00fchrer Pierre Abramowski stellen<br \/>\n44 W\u00e4nde der Westalpen vor, vor allem der Walliser und Berner Alpen sowie des<br \/>\nMont-Blanc-Massivs: 36 Nord-, 4 Ost- und je zwei S\u00fcd- bzw. Westw\u00e4nde. Auf eine<br \/>\nbesondere Art: Eine grossformatige Foto der Wand, aufgenommen meistens bei<br \/>\nwinterlichen Bedingungen, aber nicht mit zu viel Schnee, sowie bei bedecktem<br \/>\nHimmel, damit kaum Schattenw\u00fcrfe entstehen. Die W\u00e4nde wirken darum noch<br \/>\nm\u00e4chtiger.<\/p>\n<p>Face \u00e0 face est un regard photographique port\u00e9 sur les faces mythiques des<br \/>\nAlpes, et sur les paysages qui leur font face.<\/p>\n<p>De 2013 \u00e0 2015, le photographe Maurice Schobinger et le guide de montagne<br \/>\nPierre Abramowski ont sillonn\u00e9 les Alpes pour en photographier les parois les<br \/>\nplus impressionnantes. Les images sont prises depuis un h\u00e9licopt\u00e8re, face \u00e0 la<br \/>\nmontagne, \u00e0 mi-hauteur ; puis dos \u00e0 elle, pour embrasser son exact vis-\u00e0-vis.<br \/>\nLe photographe choisit toujours une lumi\u00e8re tamis\u00e9e, blanche, voil\u00e9e par les<br \/>\nnuages d\u2019altitude, qui seule peut rendre toutes les nuances du massif. Loin<br \/>\ndes photographies de montagne montr\u00e9es dans la presse ou la publicit\u00e9, il<br \/>\ns\u2019agit d\u2019un travail de longue haleine, un \u00e9loge de la lenteur, une approche<br \/>\nintimiste, empreinte d\u2019humilit\u00e9 face aux forces de la nature. Maurice<br \/>\nSchobinger documente ainsi l\u2019\u00e9tat des Alpes aujourd\u2019hui, alors que les<br \/>\nchangements climatiques transforment inexorablement le paysage ; il parvient<br \/>\naussi \u00e0 exprimer la grandeur intemporelle des \u00ab seigneurs \u00bb alpins.<\/p>","protected":false},"excerpt":{"rendered":"<p>100 photographies en couleur et noir et blanc Avant-propos de Pierre Starobinski Ouvrage trilingue fran\u00e7ais-allemand-anglais Der Fotograf Maurice Schobinger und der Bergf\u00fchrer Pierre Abramowski stellen 44 W\u00e4nde der Westalpen vor, vor allem der Walliser und Berner Alpen sowie des Mont-Blanc-Massivs: 36 Nord-, 4 Ost- und je zwei S\u00fcd- bzw. Westw\u00e4nde. Auf eine besondere Art: Eine [&#8230;]\n","protected":false},"featured_media":38023,"template":"","meta":[],"product_brand":[],"product_cat":[21542],"product_tag":[],"class_list":{"0":"post-148722","1":"product","2":"type-product","3":"status-publish","4":"has-post-thumbnail","6":"product_cat-sachbuecher-dokumentationen","7":"pa_autor-schobinger-abramowski","8":"pa_erscheinungsjahr-21597","9":"pa_region-schweiz","10":"pa_sprache-de-fr-en","12":"first","13":"instock","14":"taxable","15":"shipping-taxable","16":"purchasable","17":"product-type-simple"},"_links":{"self":[{"href":"https:\/\/pizbube.ch\/en\/wp-json\/wp\/v2\/product\/148722","targetHints":{"allow":["GET"]}}],"collection":[{"href":"https:\/\/pizbube.ch\/en\/wp-json\/wp\/v2\/product"}],"about":[{"href":"https:\/\/pizbube.ch\/en\/wp-json\/wp\/v2\/types\/product"}],"wp:featuredmedia":[{"embeddable":true,"href":"https:\/\/pizbube.ch\/en\/wp-json\/wp\/v2\/media\/38023"}],"wp:attachment":[{"href":"https:\/\/pizbube.ch\/en\/wp-json\/wp\/v2\/media?parent=148722"}],"wp:term":[{"taxonomy":"product_brand","embeddable":true,"href":"https:\/\/pizbube.ch\/en\/wp-json\/wp\/v2\/product_brand?post=148722"},{"taxonomy":"product_cat","embeddable":true,"href":"https:\/\/pizbube.ch\/en\/wp-json\/wp\/v2\/product_cat?post=148722"},{"taxonomy":"product_tag","embeddable":true,"href":"https:\/\/pizbube.ch\/en\/wp-json\/wp\/v2\/product_tag?post=148722"}],"curies":[{"name":"wp","href":"https:\/\/api.w.org\/{rel}","templated":true}]}}